{"id":58219,"date":"2026-01-02T05:34:39","date_gmt":"2026-01-01T20:34:39","guid":{"rendered":"https:\/\/phys-edu.net\/wp\/?page_id=58219"},"modified":"2026-01-02T05:34:39","modified_gmt":"2026-01-01T20:34:39","slug":"experimentos-de-ciencias","status":"publish","type":"page","link":"https:\/\/phys-edu.net\/wp\/?page_id=58219&lang=es","title":{"rendered":"Experimentos de Ciencias"},"content":{"rendered":"<p style=\"text-align: center;\"><span style=\"color: #339966;\"><strong>Cada d\u00eda es un experimento.<\/strong><\/span><\/p>\n<p style=\"text-align: center;\"><img loading=\"lazy\" decoding=\"async\" class=\"alignnone wp-image-57702\" src=\"https:\/\/phys-edu.net\/wp\/wp-content\/uploads\/2025\/12\/b82767aece075c29ed3b6aa77ad9efe6-768x509-1.jpg\" alt=\"\" width=\"320\" height=\"212\" srcset=\"https:\/\/phys-edu.net\/wp\/wp-content\/uploads\/2025\/12\/b82767aece075c29ed3b6aa77ad9efe6-768x509-1.jpg 768w, https:\/\/phys-edu.net\/wp\/wp-content\/uploads\/2025\/12\/b82767aece075c29ed3b6aa77ad9efe6-768x509-1-300x199.jpg 300w\" sizes=\"auto, (max-width: 320px) 100vw, 320px\" \/><\/p>\n<p>\u00a1Queremos que todo el mundo, desde los m\u00e1s peque\u00f1os hasta los adultos, descubra lo fascinante que es la ciencia a trav\u00e9s de juegos y experimentos sencillos! Aqu\u00ed presentamos una serie de actividades divertidas para hacer en casa. \u00a1An\u00edmate a probarlas con tus hijos! Hay much\u00edsimas cosas que solo se comprenden cuando las ves con tus propios ojos. Adem\u00e1s, soy autor de libros de divulgaci\u00f3n como <a href=\"https:\/\/phys-edu.net\/wp\/?p=1827\">&#8220;Cuaderno de repaso de f\u00edsica de secundaria para adultos&#8221; (Kodansha)<\/a>. En mis libros explico en detalle diversos experimentos y los principios cient\u00edficos que los sustentan, \u00a1as\u00ed que no dudes en echarles un vistazo tambi\u00e9n!<\/p>\n<p style=\"text-align: center;\"><a href=\"https:\/\/phys-edu.net\/wp\/wp-content\/uploads\/2013\/12\/0811159a99f69eeff1a357e3daed84e0.jpg\"><img loading=\"lazy\" decoding=\"async\" class=\"alignnone wp-image-10940\" src=\"https:\/\/phys-edu.net\/wp\/wp-content\/uploads\/2013\/12\/0811159a99f69eeff1a357e3daed84e0-300x262.jpg\" sizes=\"auto, (max-width: 220px) 100vw, 220px\" srcset=\"https:\/\/phys-edu.net\/wp\/wp-content\/uploads\/2013\/12\/0811159a99f69eeff1a357e3daed84e0-300x262.jpg 300w, https:\/\/phys-edu.net\/wp\/wp-content\/uploads\/2013\/12\/0811159a99f69eeff1a357e3daed84e0.jpg 311w\" alt=\"Captura de pantalla\" width=\"220\" height=\"192\" \/><\/a><\/p>\n<h2>Mis experimentos y manualidades cient\u00edficas favoritas<\/h2>\n<p><img loading=\"lazy\" decoding=\"async\" class=\"aligncenter wp-image-41259\" src=\"https:\/\/phys-edu.net\/wp\/wp-content\/uploads\/2022\/06\/6863ec212f837d926ffd52cf9bdbfabf.jpg\" sizes=\"auto, (max-width: 289px) 100vw, 289px\" srcset=\"https:\/\/phys-edu.net\/wp\/wp-content\/uploads\/2022\/06\/6863ec212f837d926ffd52cf9bdbfabf.jpg 1446w, https:\/\/phys-edu.net\/wp\/wp-content\/uploads\/2022\/06\/6863ec212f837d926ffd52cf9bdbfabf-300x215.jpg 300w, https:\/\/phys-edu.net\/wp\/wp-content\/uploads\/2022\/06\/6863ec212f837d926ffd52cf9bdbfabf-1024x734.jpg 1024w, https:\/\/phys-edu.net\/wp\/wp-content\/uploads\/2022\/06\/6863ec212f837d926ffd52cf9bdbfabf-768x550.jpg 768w\" alt=\"\" width=\"226\" height=\"162\" \/><\/p>\n<ul>\n<li><a href=\"https:\/\/phys-edu.net\/wp\/?p=206\">\u00a1Construye un cohete de botella!<\/a>: \u00a1Siente la incre\u00edble fuerza que lo lanza hacia el cielo! Es el experimento cl\u00e1sico perfecto para experimentar la ley de acci\u00f3n y reacci\u00f3n.<\/li>\n<\/ul>\n<ul>\n<li><a href=\"https:\/\/phys-edu.net\/wp\/?p=48\">El experimento de Edo: El aterrador choque de los cien<\/a>: Un experimento tradicional de la era Edo. Cuando todos se toman de la mano y la electricidad pasa en un instante, la sensaci\u00f3n de &#8220;\u00a1zap!&#8221; y la unidad del grupo son inigualables. <img loading=\"lazy\" decoding=\"async\" class=\"alignnone wp-image-44664 aligncenter\" src=\"https:\/\/phys-edu.net\/wp\/wp-content\/uploads\/2024\/01\/e102834d18a38e0dd457036e2c5c87dd.jpg\" sizes=\"auto, (max-width: 347px) 100vw, 347px\" srcset=\"https:\/\/phys-edu.net\/wp\/wp-content\/uploads\/2024\/01\/e102834d18a38e0dd457036e2c5c87dd.jpg 792w, https:\/\/phys-edu.net\/wp\/wp-content\/uploads\/2024\/01\/e102834d18a38e0dd457036e2c5c87dd-300x298.jpg 300w, https:\/\/phys-edu.net\/wp\/wp-content\/uploads\/2024\/01\/e102834d18a38e0dd457036e2c5c87dd-150x150.jpg 150w, https:\/\/phys-edu.net\/wp\/wp-content\/uploads\/2024\/01\/e102834d18a38e0dd457036e2c5c87dd-768x764.jpg 768w\" alt=\"\" width=\"208\" height=\"207\" \/><\/li>\n<\/ul>\n<p style=\"text-align: center;\">Aqu\u00ed estoy realizando el experimento con Matsuo-san de Chocolate Planet<\/p>\n<ul>\n<li><a href=\"https:\/\/phys-edu.net\/wp\/?p=38863\">Bengalas artesanales<\/a> y <a href=\"https:\/\/phys-edu.net\/wp\/?p=45850\">Serpientes de fuego<\/a>: D\u00e9jate maravillar por la belleza de las reacciones qu\u00edmicas. Desde chispas delicadas que crujen hasta objetos misteriosos que crecen de forma inquietante, estas creaciones caseras siempre sorprenden.<img loading=\"lazy\" decoding=\"async\" class=\"alignnone wp-image-45931 aligncenter\" src=\"https:\/\/phys-edu.net\/wp\/wp-content\/uploads\/2024\/07\/c21bfa6712c363f0bd5a44f19511f585.jpg\" sizes=\"auto, (max-width: 340px) 100vw, 340px\" srcset=\"https:\/\/phys-edu.net\/wp\/wp-content\/uploads\/2024\/07\/c21bfa6712c363f0bd5a44f19511f585.jpg 1044w, https:\/\/phys-edu.net\/wp\/wp-content\/uploads\/2024\/07\/c21bfa6712c363f0bd5a44f19511f585-300x261.jpg 300w, https:\/\/phys-edu.net\/wp\/wp-content\/uploads\/2024\/07\/c21bfa6712c363f0bd5a44f19511f585-1024x893.jpg 1024w, https:\/\/phys-edu.net\/wp\/wp-content\/uploads\/2024\/07\/c21bfa6712c363f0bd5a44f19511f585-768x669.jpg 768w\" alt=\"\" width=\"340\" height=\"296\" \/><\/li>\n<li><a href=\"https:\/\/phys-edu.net\/wp\/?p=46937&amp;\">Magia de luz: El cubo de agua CMY<\/a>: \u00a1Experimenta la magia \u00f3ptica! Al verter agua, aparece un nuevo cubo como por arte de magia. <img loading=\"lazy\" decoding=\"async\" class=\"alignnone wp-image-47312 aligncenter\" src=\"https:\/\/phys-edu.net\/wp\/wp-content\/uploads\/2024\/12\/71274840332ac4ee4620fb1475a1d79c.jpg\" sizes=\"auto, (max-width: 267px) 100vw, 267px\" srcset=\"https:\/\/phys-edu.net\/wp\/wp-content\/uploads\/2024\/12\/71274840332ac4ee4620fb1475a1d79c.jpg 1292w, https:\/\/phys-edu.net\/wp\/wp-content\/uploads\/2024\/12\/71274840332ac4ee4620fb1475a1d79c-272x300.jpg 272w, https:\/\/phys-edu.net\/wp\/wp-content\/uploads\/2024\/12\/71274840332ac4ee4620fb1475a1d79c-928x1024.jpg 928w, https:\/\/phys-edu.net\/wp\/wp-content\/uploads\/2024\/12\/71274840332ac4ee4620fb1475a1d79c-768x848.jpg 768w\" alt=\"\" width=\"267\" height=\"294\" \/><\/li>\n<li><a href=\"https:\/\/phys-edu.net\/wp\/?p=40675\">\u00a1Visualiza el sonido con una app de osciloscopio!<\/a>: Convierte el sonido y la electricidad invisibles en ondas que puedes ver. \u00bfTe da curiosidad saber qu\u00e9 forma tiene tu propia voz?<\/li>\n<li><a href=\"https:\/\/phys-edu.net\/wp\/?p=29021\">\u00a1Sabor electrizante! La bebida de electricidad est\u00e1tica<\/a>: \u00a1Un chispazo en los labios al beber! Atr\u00e9vete a probar la bebida m\u00e1s impactante que la ciencia ha creado jam\u00e1s.<\/li>\n<li><a href=\"https:\/\/phys-edu.net\/wp\/?p=28982#google_vignette\">\u00a1Explosi\u00f3n de oxihidr\u00f3geno! Combinando hidr\u00f3geno y ox\u00edgeno<\/a>: Con un fuerte estallido, se crea agua de la nada. Es un experimento potente donde sientes toda la energ\u00eda de la uni\u00f3n entre estos dos gases. <img loading=\"lazy\" decoding=\"async\" class=\"alignnone wp-image-44541\" src=\"https:\/\/phys-edu.net\/wp\/wp-content\/uploads\/2023\/08\/6bb830e042a1d8b1f82cf2bca7e03b8f.jpg\" sizes=\"auto, (max-width: 1502px) 100vw, 1502px\" srcset=\"https:\/\/phys-edu.net\/wp\/wp-content\/uploads\/2023\/08\/6bb830e042a1d8b1f82cf2bca7e03b8f.jpg 1502w, https:\/\/phys-edu.net\/wp\/wp-content\/uploads\/2023\/08\/6bb830e042a1d8b1f82cf2bca7e03b8f-300x76.jpg 300w, https:\/\/phys-edu.net\/wp\/wp-content\/uploads\/2023\/08\/6bb830e042a1d8b1f82cf2bca7e03b8f-1024x259.jpg 1024w, https:\/\/phys-edu.net\/wp\/wp-content\/uploads\/2023\/08\/6bb830e042a1d8b1f82cf2bca7e03b8f-768x194.jpg 768w\" alt=\"\" width=\"710\" height=\"180\" \/><\/li>\n<li><a href=\"https:\/\/phys-edu.net\/wp\/?p=49664\">\u00bfPeligro extremo? La reacci\u00f3n de termita<\/a>: Se generan temperaturas tan altas que el hierro se funde. Ver los metales reaccionar as\u00ed es como observar una peque\u00f1a erupci\u00f3n volc\u00e1nica.<\/li>\n<li><a href=\"https:\/\/phys-edu.net\/wp\/?p=37684\">\u00a1Frenar sin tocar! Serie de experimentos con corrientes de Foucault<\/a>: \u00a1Det\u00e9n objetos en movimiento sin contacto f\u00edsico usando el poder de los imanes! Es la misma tecnolog\u00eda inteligente que usan los frenos del tren bala.<\/li>\n<\/ul>\n<h3>Columna cient\u00edfica: Pensando seriamente con la f\u00edsica<\/h3>\n<p style=\"text-align: center;\">Resolvemos los porqu\u00e9s del d\u00eda a d\u00eda usando ecuaciones y teor\u00eda.<\/p>\n<ul>\n<li><a href=\"https:\/\/phys-edu.net\/wp\/?p=51995\">La f\u00edsica de las torres de Soba<\/a>: Lo que sostiene esos fideos apilados es un equilibrio perfecto entre fricci\u00f3n y centro de gravedad. Desafiamos el punto l\u00edmite antes de que todo se derrumbe.<\/li>\n<li><a href=\"https:\/\/phys-edu.net\/wp\/?p=47238\">\u00bfC\u00f3mo mojarse menos bajo la lluvia? Un an\u00e1lisis f\u00edsico<\/a>: \u00bfEs mejor correr o caminar? Analizamos geom\u00e9tricamente si te mojas m\u00e1s por la lluvia frontal o la cenital. <img loading=\"lazy\" decoding=\"async\" class=\"wp-image-47243 aligncenter\" src=\"https:\/\/phys-edu.net\/wp\/wp-content\/uploads\/2025\/01\/8245d36d938158ae73a2ada3776b3409.jpg\" sizes=\"auto, (max-width: 403px) 100vw, 403px\" srcset=\"https:\/\/phys-edu.net\/wp\/wp-content\/uploads\/2025\/01\/8245d36d938158ae73a2ada3776b3409.jpg 1880w, https:\/\/phys-edu.net\/wp\/wp-content\/uploads\/2025\/01\/8245d36d938158ae73a2ada3776b3409-300x170.jpg 300w, https:\/\/phys-edu.net\/wp\/wp-content\/uploads\/2025\/01\/8245d36d938158ae73a2ada3776b3409-1024x581.jpg 1024w, https:\/\/phys-edu.net\/wp\/wp-content\/uploads\/2025\/01\/8245d36d938158ae73a2ada3776b3409-768x435.jpg 768w, https:\/\/phys-edu.net\/wp\/wp-content\/uploads\/2025\/01\/8245d36d938158ae73a2ada3776b3409-1536x871.jpg 1536w\" alt=\"\" width=\"403\" height=\"229\" \/><\/li>\n<li><a href=\"https:\/\/phys-edu.net\/wp\/?p=231\">La f\u00edsica oculta en Splash Mountain<\/a>: Detr\u00e1s de cada salpicadura est\u00e1 la ley de conservaci\u00f3n de la energ\u00eda. Esa ca\u00edda libre es, en realidad, un experimento \u00e9pico de energ\u00eda potencial.<\/li>\n<li><a href=\"https:\/\/phys-edu.net\/wp\/?p=56186\">La f\u00edsica de quitar el mantel<\/a>: El secreto del \u00e9xito es la inercia. Explicamos mec\u00e1nicamente por qu\u00e9 cuanto m\u00e1s pesada es la vajilla, m\u00e1s f\u00e1cil es que salga bien. <img loading=\"lazy\" decoding=\"async\" class=\"alignnone wp-image-56433 aligncenter\" src=\"https:\/\/phys-edu.net\/wp\/wp-content\/uploads\/2025\/11\/\u30b9\u30af\u30ea\u30fc\u30f3\u30b7\u30e7\u30c3\u30c8-2025-11-28-4.43.40.jpg\" sizes=\"auto, (max-width: 474px) 100vw, 474px\" srcset=\"https:\/\/phys-edu.net\/wp\/wp-content\/uploads\/2025\/11\/\u30b9\u30af\u30ea\u30fc\u30f3\u30b7\u30e7\u30c3\u30c8-2025-11-28-4.43.40.jpg 786w, https:\/\/phys-edu.net\/wp\/wp-content\/uploads\/2025\/11\/\u30b9\u30af\u30ea\u30fc\u30f3\u30b7\u30e7\u30c3\u30c8-2025-11-28-4.43.40-300x225.jpg 300w, https:\/\/phys-edu.net\/wp\/wp-content\/uploads\/2025\/11\/\u30b9\u30af\u30ea\u30fc\u30f3\u30b7\u30e7\u30c3\u30c8-2025-11-28-4.43.40-768x576.jpg 768w\" alt=\"\" width=\"313\" height=\"235\" \/><\/li>\n<li><a href=\"https:\/\/phys-edu.net\/wp\/?p=46336\">La f\u00edsica para hacer saltar el arroz del Yakimeshi<\/a>: El secreto de un arroz suelto est\u00e1 en la mec\u00e1nica. Analizamos con rigor la trayectoria parab\u00f3lica que dibujan los granos en la sart\u00e9n.<\/li>\n<\/ul>\n<h2>Experimentos para enamorarse de la f\u00edsica<\/h2>\n<h3>Mec\u00e1nica<\/h3>\n<ul>\n<li><a href=\"https:\/\/phys-edu.net\/wp\/?p=1859\">\u00a1La botella que se aplasta sola!<\/a><\/li>\n<li><a href=\"https:\/\/phys-edu.net\/wp\/?p=362\">La lata que se inclina como Michael Jackson<\/a> <img loading=\"lazy\" decoding=\"async\" class=\"alignnone wp-image-24938 aligncenter\" src=\"http:\/\/phys-edu.net\/wp\/wp-content\/uploads\/2013\/10\/d219761cb738210d14897fb1428bad1e.jpg\" sizes=\"auto, (max-width: 548px) 100vw, 548px\" srcset=\"https:\/\/phys-edu.net\/wp\/wp-content\/uploads\/2013\/10\/d219761cb738210d14897fb1428bad1e.jpg 711w, https:\/\/phys-edu.net\/wp\/wp-content\/uploads\/2013\/10\/d219761cb738210d14897fb1428bad1e-300x147.jpg 300w\" alt=\"Captura de pantalla\" width=\"428\" height=\"210\" \/><\/li>\n<\/ul>\n<p style=\"text-align: center;\">\u00a1Incluso la lata de cerveza de pap\u00e1 puede quedarse as\u00ed de pie!<\/p>\n<ul>\n<li><a href=\"https:\/\/phys-edu.net\/wp\/?p=44027#google_vignette\">Experimento de presi\u00f3n hidrost\u00e1tica con botellas<\/a><\/li>\n<\/ul>\n<h3>Termodin\u00e1mica<\/h3>\n<ul>\n<li><a href=\"https:\/\/phys-edu.net\/wp\/?p=2381\">El vaso de papel saltar\u00edn<\/a><\/li>\n<\/ul>\n<h3>Ondas<\/h3>\n<p>Fen\u00f3menos ondulatorios<\/p>\n<ul>\n<li><a href=\"https:\/\/phys-edu.net\/wp\/?p=2739\">\u00a1Crea ondas con un resorte de juguete!<\/a><\/li>\n<li><a href=\"https:\/\/phys-edu.net\/wp\/?p=2842\">\u00a1Observa c\u00f3mo se mueven las ondas longitudinales!<\/a><\/li>\n<li><a href=\"https:\/\/phys-edu.net\/wp\/?p=3079\">Los dos tipos de reflexi\u00f3n de ondas<\/a><\/li>\n<li class=\"google-auto-placed ap_container\"><a style=\"font-size: 14px;\" href=\"https:\/\/phys-edu.net\/wp\/?p=24480\">\u00a1Crea tus propias ondas estacionarias!<\/a><\/li>\n<\/ul>\n<p>Sonido<\/p>\n<ul>\n<li><a href=\"https:\/\/phys-edu.net\/wp\/?p=24606\">&#8220;El vaso cuervo&#8221;: Resonancia con vasos de papel<\/a><\/li>\n<li><a href=\"https:\/\/phys-edu.net\/wp\/?p=20224\">C\u00f3mo hacer una flauta con una pajita<\/a><\/li>\n<li><a href=\"https:\/\/phys-edu.net\/wp\/?p=22847\">Entendiendo el Efecto Doppler<\/a><\/li>\n<\/ul>\n<p>Luz<\/p>\n<ul>\n<li><a href=\"https:\/\/phys-edu.net\/wp\/?p=75\">Microscopio de canicas<\/a><\/li>\n<li><a href=\"https:\/\/phys-edu.net\/wp\/?p=23600\">Red de difracci\u00f3n con un CD<\/a><\/li>\n<\/ul>\n<h3>Electromagnetismo<\/h3>\n<p><a href=\"https:\/\/phys-edu.net\/wp\/?p=34487\"><img loading=\"lazy\" decoding=\"async\" class=\"alignnone wp-image-34540 aligncenter\" src=\"https:\/\/phys-edu.net\/wp\/wp-content\/uploads\/2020\/02\/IMG_2511-1.jpg\" alt=\"\" width=\"215\" height=\"161\" srcset=\"https:\/\/phys-edu.net\/wp\/wp-content\/uploads\/2020\/02\/IMG_2511-1.jpg 1000w, https:\/\/phys-edu.net\/wp\/wp-content\/uploads\/2020\/02\/IMG_2511-1-300x225.jpg 300w, https:\/\/phys-edu.net\/wp\/wp-content\/uploads\/2020\/02\/IMG_2511-1-768x576.jpg 768w\" sizes=\"auto, (max-width: 215px) 100vw, 215px\" \/><\/a><\/p>\n<ul>\n<li style=\"text-align: left;\"><a href=\"https:\/\/phys-edu.net\/wp\/?p=34487\">\u00a1Adictivo! 20 experimentos de electricidad est\u00e1tica<\/a><\/li>\n<li><a href=\"https:\/\/phys-edu.net\/wp\/?p=24304\">\u00a1Mira los rayos infrarrojos con tu m\u00f3vil!<\/a><\/li>\n<li><a href=\"https:\/\/phys-edu.net\/wp\/?p=25482\">Carga y descarga de un condensador<\/a><\/li>\n<li><a href=\"https:\/\/phys-edu.net\/wp\/?p=466\">\u00bfTren magn\u00e9tico? M\u00e1s bien &#8220;barra&#8221; magn\u00e9tica<\/a><\/li>\n<li><a href=\"https:\/\/phys-edu.net\/wp\/?p=25067\">Motor de clip<\/a> <img loading=\"lazy\" decoding=\"async\" class=\"alignnone wp-image-44619 aligncenter\" src=\"https:\/\/phys-edu.net\/wp\/wp-content\/uploads\/2023\/05\/1ed2b45a2080579d2818e6a582da52e7.jpg\" sizes=\"auto, (max-width: 268px) 100vw, 268px\" srcset=\"https:\/\/phys-edu.net\/wp\/wp-content\/uploads\/2023\/05\/1ed2b45a2080579d2818e6a582da52e7.jpg 840w, https:\/\/phys-edu.net\/wp\/wp-content\/uploads\/2023\/05\/1ed2b45a2080579d2818e6a582da52e7-291x300.jpg 291w, https:\/\/phys-edu.net\/wp\/wp-content\/uploads\/2023\/05\/1ed2b45a2080579d2818e6a582da52e7-768x792.jpg 768w\" alt=\"\" width=\"180\" height=\"185\" \/><\/li>\n<\/ul>\n<p style=\"text-align: center;\">\u00a1Fabrica tu propio motor casero!<\/p>\n<ul>\n<li style=\"list-style-type: none;\">\n<ul>\n<li><a href=\"https:\/\/phys-edu.net\/wp\/?p=77\">El extra\u00f1o motor de Faraday<\/a><\/li>\n<li><a href=\"https:\/\/phys-edu.net\/wp\/?p=12636\">Inducci\u00f3n electromagn\u00e9tica<\/a><\/li>\n<li><a href=\"https:\/\/phys-edu.net\/wp\/?p=2405\">Generador de motor<\/a><\/li>\n<li><a href=\"https:\/\/phys-edu.net\/wp\/?p=2479\">Freno por corrientes de Foucault<\/a><\/li>\n<\/ul>\n<\/li>\n<\/ul>\n","protected":false},"excerpt":{"rendered":"<p>Cada d\u00eda es un experimento. \u00a1Queremos que todo el mundo, desde los m\u00e1s peque\u00f1os hasta los adultos, descubra lo [&hellip;]<\/p>\n","protected":false},"author":1,"featured_media":49001,"parent":0,"menu_order":0,"comment_status":"closed","ping_status":"closed","template":"","meta":{"_sitemap_exclude":false,"_sitemap_priority":"","_sitemap_frequency":"","sns_share_botton_hide":"","vkExUnit_sns_title":"","vkexunit_cta_each_option":"","_lightning_design_setting":{"layout":"default"},"footnotes":""},"class_list":["post-58219","page","type-page","status-publish","has-post-thumbnail","hentry"],"jetpack-related-posts":[{"id":51415,"url":"https:\/\/phys-edu.net\/wp\/?page_id=51415&lang=es","url_meta":{"origin":58219,"position":0},"title":"Acerca de &#8220;Kagaku no Netacho&#8221; (Notas de ciencia)","author":"\u6851\u5b50 \u7814","date":"2025\u5e749\u67082\u65e5","format":false,"excerpt":"Ken Kuwako, Entrenador Cient\u00edfico Como entrenador \u2026","rel":"","context":"\u985e\u4f3c\u6295\u7a3f","block_context":{"text":"\u985e\u4f3c\u6295\u7a3f","link":""},"img":{"alt_text":"","src":"https:\/\/i0.wp.com\/phys-edu.net\/wp\/wp-content\/uploads\/2025\/05\/8492bedffd85ca3b94341648286061c3.jpg?resize=350%2C200&ssl=1","width":350,"height":200,"srcset":"https:\/\/i0.wp.com\/phys-edu.net\/wp\/wp-content\/uploads\/2025\/05\/8492bedffd85ca3b94341648286061c3.jpg?resize=350%2C200&ssl=1 1x, https:\/\/i0.wp.com\/phys-edu.net\/wp\/wp-content\/uploads\/2025\/05\/8492bedffd85ca3b94341648286061c3.jpg?resize=525%2C300&ssl=1 1.5x, https:\/\/i0.wp.com\/phys-edu.net\/wp\/wp-content\/uploads\/2025\/05\/8492bedffd85ca3b94341648286061c3.jpg?resize=700%2C400&ssl=1 2x"},"classes":[]},{"id":51464,"url":"https:\/\/phys-edu.net\/wp\/?page_id=51464&lang=es","url_meta":{"origin":58219,"position":1},"title":"Sobre este blog","author":"\u6851\u5b50 \u7814","date":"2025\u5e749\u67083\u65e5","format":false,"excerpt":"Cada d\u00eda es un experimento. \u00a1Mi misi\u00f3n es comparti\u2026","rel":"","context":"\u985e\u4f3c\u6295\u7a3f","block_context":{"text":"\u985e\u4f3c\u6295\u7a3f","link":""},"img":{"alt_text":"","src":"https:\/\/i0.wp.com\/phys-edu.net\/wp\/wp-content\/uploads\/2025\/05\/8492bedffd85ca3b94341648286061c3.jpg?resize=350%2C200&ssl=1","width":350,"height":200,"srcset":"https:\/\/i0.wp.com\/phys-edu.net\/wp\/wp-content\/uploads\/2025\/05\/8492bedffd85ca3b94341648286061c3.jpg?resize=350%2C200&ssl=1 1x, https:\/\/i0.wp.com\/phys-edu.net\/wp\/wp-content\/uploads\/2025\/05\/8492bedffd85ca3b94341648286061c3.jpg?resize=525%2C300&ssl=1 1.5x, https:\/\/i0.wp.com\/phys-edu.net\/wp\/wp-content\/uploads\/2025\/05\/8492bedffd85ca3b94341648286061c3.jpg?resize=700%2C400&ssl=1 2x"},"classes":[]},{"id":51869,"url":"https:\/\/phys-edu.net\/wp\/?page_id=51869&lang=es","url_meta":{"origin":58219,"position":2},"title":"Material Did\u00e1ctico para Ciencias: Gu\u00eda Completa de Recursos Innovadores","author":"\u6851\u5b50 \u7814","date":"2025\u5e749\u670810\u65e5","format":false,"excerpt":"En esta p\u00e1gina, presento materiales educativos par\u2026","rel":"","context":"\u985e\u4f3c\u6295\u7a3f","block_context":{"text":"\u985e\u4f3c\u6295\u7a3f","link":""},"img":{"alt_text":"","src":"https:\/\/i0.wp.com\/phys-edu.net\/wp\/wp-content\/uploads\/2025\/06\/abbfe1492397dc500fe5de9265320ad0.jpg?resize=350%2C200&ssl=1","width":350,"height":200,"srcset":"https:\/\/i0.wp.com\/phys-edu.net\/wp\/wp-content\/uploads\/2025\/06\/abbfe1492397dc500fe5de9265320ad0.jpg?resize=350%2C200&ssl=1 1x, https:\/\/i0.wp.com\/phys-edu.net\/wp\/wp-content\/uploads\/2025\/06\/abbfe1492397dc500fe5de9265320ad0.jpg?resize=525%2C300&ssl=1 1.5x, https:\/\/i0.wp.com\/phys-edu.net\/wp\/wp-content\/uploads\/2025\/06\/abbfe1492397dc500fe5de9265320ad0.jpg?resize=700%2C400&ssl=1 2x"},"classes":[]}],"_links":{"self":[{"href":"https:\/\/phys-edu.net\/wp\/index.php?rest_route=\/wp\/v2\/pages\/58219","targetHints":{"allow":["GET"]}}],"collection":[{"href":"https:\/\/phys-edu.net\/wp\/index.php?rest_route=\/wp\/v2\/pages"}],"about":[{"href":"https:\/\/phys-edu.net\/wp\/index.php?rest_route=\/wp\/v2\/types\/page"}],"author":[{"embeddable":true,"href":"https:\/\/phys-edu.net\/wp\/index.php?rest_route=\/wp\/v2\/users\/1"}],"replies":[{"embeddable":true,"href":"https:\/\/phys-edu.net\/wp\/index.php?rest_route=%2Fwp%2Fv2%2Fcomments&post=58219"}],"version-history":[{"count":0,"href":"https:\/\/phys-edu.net\/wp\/index.php?rest_route=\/wp\/v2\/pages\/58219\/revisions"}],"wp:featuredmedia":[{"embeddable":true,"href":"https:\/\/phys-edu.net\/wp\/index.php?rest_route=\/wp\/v2\/media\/49001"}],"wp:attachment":[{"href":"https:\/\/phys-edu.net\/wp\/index.php?rest_route=%2Fwp%2Fv2%2Fmedia&parent=58219"}],"curies":[{"name":"wp","href":"https:\/\/api.w.org\/{rel}","templated":true}]}}