{"id":58216,"date":"2026-01-02T05:34:12","date_gmt":"2026-01-01T20:34:12","guid":{"rendered":"https:\/\/phys-edu.net\/wp\/?page_id=58216"},"modified":"2026-01-02T05:34:12","modified_gmt":"2026-01-01T20:34:12","slug":"luonnontieteelliset-kokeet","status":"publish","type":"page","link":"https:\/\/phys-edu.net\/wp\/?page_id=58216&lang=fi","title":{"rendered":"Luonnontieteelliset kokeet"},"content":{"rendered":"<p style=\"text-align: center;\"><span style=\"color: #339966;\"><strong>Jokainen p\u00e4iv\u00e4 on kokeilu.<\/strong><\/span><\/p>\n<p style=\"text-align: center;\"><img loading=\"lazy\" decoding=\"async\" class=\"alignnone wp-image-57702\" src=\"https:\/\/phys-edu.net\/wp\/wp-content\/uploads\/2025\/12\/b82767aece075c29ed3b6aa77ad9efe6-768x509-1.jpg\" alt=\"\" width=\"320\" height=\"212\" srcset=\"https:\/\/phys-edu.net\/wp\/wp-content\/uploads\/2025\/12\/b82767aece075c29ed3b6aa77ad9efe6-768x509-1.jpg 768w, https:\/\/phys-edu.net\/wp\/wp-content\/uploads\/2025\/12\/b82767aece075c29ed3b6aa77ad9efe6-768x509-1-300x199.jpg 300w\" sizes=\"auto, (max-width: 320px) 100vw, 320px\" \/><\/p>\n<p>\u3000Haluan, ett\u00e4 kaikki lapsista aikuisiin nauttivat tieteest\u00e4 hauskojen leikkien ja helppojen kokeiden avulla! T\u00e4ss\u00e4 esittelen kokeita, joita on ilo tehd\u00e4 kotona. Kokeilkaa n\u00e4it\u00e4 ihmeess\u00e4 yhdess\u00e4 lasten kanssa \u2013 tekem\u00e4ll\u00e4 oppii ja ymm\u00e4rt\u00e4\u00e4 parhaiten. Olen kirjoittanut my\u00f6s useita yleistajuisia tiedekirjoja, kuten fysiikan kertausoppaan aikuisille. Kirjoissani kerron tarkemmin kokeiden taustalla vaikuttavista tieteellisist\u00e4 periaatteista, joten tutustu ihmeess\u00e4 my\u00f6s niihin!<\/p>\n<p style=\"text-align: center;\"><a href=\"https:\/\/phys-edu.net\/wp\/wp-content\/uploads\/2013\/12\/0811159a99f69eeff1a357e3daed84e0.jpg\"><img loading=\"lazy\" decoding=\"async\" class=\"alignnone wp-image-10940\" src=\"https:\/\/phys-edu.net\/wp\/wp-content\/uploads\/2013\/12\/0811159a99f69eeff1a357e3daed84e0-300x262.jpg\" sizes=\"auto, (max-width: 220px) 100vw, 220px\" srcset=\"https:\/\/phys-edu.net\/wp\/wp-content\/uploads\/2013\/12\/0811159a99f69eeff1a357e3daed84e0-300x262.jpg 300w, https:\/\/phys-edu.net\/wp\/wp-content\/uploads\/2013\/12\/0811159a99f69eeff1a357e3daed84e0.jpg 311w\" alt=\"Kuvakaappaus 2014-07-05 0.43.51\" width=\"220\" height=\"192\" \/><\/a><\/p>\n<h2>Parhaat t\u00e4rpit tiedenikkarointiin ja kokeisiin<\/h2>\n<p><img loading=\"lazy\" decoding=\"async\" class=\"aligncenter wp-image-41259\" src=\"https:\/\/phys-edu.net\/wp\/wp-content\/uploads\/2022\/06\/6863ec212f837d926ffd52cf9bdbfabf.jpg\" sizes=\"auto, (max-width: 289px) 100vw, 289px\" srcset=\"https:\/\/phys-edu.net\/wp\/wp-content\/uploads\/2022\/06\/6863ec212f837d926ffd52cf9bdbfabf.jpg 1446w, https:\/\/phys-edu.net\/wp\/wp-content\/uploads\/2022\/06\/6863ec212f837d926ffd52cf9bdbfabf-300x215.jpg 300w, https:\/\/phys-edu.net\/wp\/wp-content\/uploads\/2022\/06\/6863ec212f837d926ffd52cf9bdbfabf-1024x734.jpg 1024w, https:\/\/phys-edu.net\/wp\/wp-content\/uploads\/2022\/06\/6863ec212f837d926ffd52cf9bdbfabf-768x550.jpg 768w\" alt=\"\" width=\"226\" height=\"162\" \/><\/p>\n<ul>\n<li><a href=\"https:\/\/phys-edu.net\/wp\/?p=206\">Rakenna muovipulloraketti!<\/a>: Huikea ty\u00f6nt\u00f6voima lenn\u00e4tt\u00e4\u00e4 raketin korkeuksiin! T\u00e4m\u00e4 on tiedekokeiden klassikko, jossa p\u00e4\u00e4set tuntemaan voiman ja vastavoiman lain k\u00e4yt\u00e4nn\u00f6ss\u00e4.<\/li>\n<\/ul>\n<ul>\n<li><a href=\"https:\/\/phys-edu.net\/wp\/?p=48\">Edo-kauden s\u00e4hk\u00f6koe: Pelottava sadan ihmisen s\u00e4hk\u00f6isku<\/a>: Perinteinen koe, jossa s\u00e4hk\u00f6virta kulkee k\u00e4si k\u00e4dess\u00e4 seisovan joukon l\u00e4pi. Se on j\u00e4nnitt\u00e4v\u00e4 ja yhteis\u00f6llinen kokemus, jollaista et muualta l\u00f6yd\u00e4! <img loading=\"lazy\" decoding=\"async\" class=\"alignnone wp-image-44664 aligncenter\" src=\"https:\/\/phys-edu.net\/wp\/wp-content\/uploads\/2024\/01\/e102834d18a38e0dd457036e2c5c87dd.jpg\" sizes=\"auto, (max-width: 347px) 100vw, 347px\" srcset=\"https:\/\/phys-edu.net\/wp\/wp-content\/uploads\/2024\/01\/e102834d18a38e0dd457036e2c5c87dd.jpg 792w, https:\/\/phys-edu.net\/wp\/wp-content\/uploads\/2024\/01\/e102834d18a38e0dd457036e2c5c87dd-300x298.jpg 300w, https:\/\/phys-edu.net\/wp\/wp-content\/uploads\/2024\/01\/e102834d18a38e0dd457036e2c5c87dd-150x150.jpg 150w, https:\/\/phys-edu.net\/wp\/wp-content\/uploads\/2024\/01\/e102834d18a38e0dd457036e2c5c87dd-768x764.jpg 768w\" alt=\"\" width=\"208\" height=\"207\" \/><\/li>\n<\/ul>\n<p style=\"text-align: center;\">Kokeilun tunnelmia koomikko Matsuon kanssa<\/p>\n<ul>\n<li><a href=\"https:\/\/phys-edu.net\/wp\/?p=38863\">Tee-se-itse t\u00e4htisadetikut<\/a> ja <a href=\"https:\/\/phys-edu.net\/wp\/?p=45850\">k\u00e4\u00e4rmeilotulitteet<\/a>: Kemiallisten reaktioiden kauneus syk\u00e4hdytt\u00e4\u00e4. Herk\u00e4sti r\u00e4iskyvist\u00e4 kipin\u00f6ist\u00e4 hitaasti ja aavemaisesti kasvaviin muotoihin \u2013 kotitekoisissa kokeissa riitt\u00e4\u00e4 ihmetelt\u00e4v\u00e4\u00e4.<img loading=\"lazy\" decoding=\"async\" class=\"alignnone wp-image-45931 aligncenter\" src=\"https:\/\/phys-edu.net\/wp\/wp-content\/uploads\/2024\/07\/c21bfa6712c363f0bd5a44f19511f585.jpg\" sizes=\"auto, (max-width: 340px) 100vw, 340px\" srcset=\"https:\/\/phys-edu.net\/wp\/wp-content\/uploads\/2024\/07\/c21bfa6712c363f0bd5a44f19511f585.jpg 1044w, https:\/\/phys-edu.net\/wp\/wp-content\/uploads\/2024\/07\/c21bfa6712c363f0bd5a44f19511f585-300x261.jpg 300w, https:\/\/phys-edu.net\/wp\/wp-content\/uploads\/2024\/07\/c21bfa6712c363f0bd5a44f19511f585-1024x893.jpg 1024w, https:\/\/phys-edu.net\/wp\/wp-content\/uploads\/2024\/07\/c21bfa6712c363f0bd5a44f19511f585-768x669.jpg 768w\" alt=\"\" width=\"340\" height=\"296\" \/><\/li>\n<li><a href=\"https:\/\/phys-edu.net\/wp\/?p=46937&amp;\">Valon taikaa: CMY-vesikuutio<\/a>: Koe valon ihmeellisyys! Veden lis\u00e4\u00e4minen synnytt\u00e4\u00e4 uusia v\u00e4rej\u00e4 ja muotoja t\u00e4ss\u00e4 l\u00e4hes taianomaisessa kokeessa. <img loading=\"lazy\" decoding=\"async\" class=\"alignnone wp-image-47312 aligncenter\" src=\"https:\/\/phys-edu.net\/wp\/wp-content\/uploads\/2024\/12\/71274840332ac4ee4620fb1475a1d79c.jpg\" sizes=\"auto, (max-width: 267px) 100vw, 267px\" srcset=\"https:\/\/phys-edu.net\/wp\/wp-content\/uploads\/2024\/12\/71274840332ac4ee4620fb1475a1d79c.jpg 1292w, https:\/\/phys-edu.net\/wp\/wp-content\/uploads\/2024\/12\/71274840332ac4ee4620fb1475a1d79c-272x300.jpg 272w, https:\/\/phys-edu.net\/wp\/wp-content\/uploads\/2024\/12\/71274840332ac4ee4620fb1475a1d79c-928x1024.jpg 928w, https:\/\/phys-edu.net\/wp\/wp-content\/uploads\/2024\/12\/71274840332ac4ee4620fb1475a1d79c-768x848.jpg 768w\" alt=\"\" width=\"267\" height=\"294\" \/><\/li>\n<li><a href=\"https:\/\/phys-edu.net\/wp\/?p=40675\">Visualisoi \u00e4\u00e4ni oskilloskooppisovelluksella!<\/a>: Muuta n\u00e4kym\u00e4t\u00f6n \u00e4\u00e4ni ja s\u00e4hk\u00f6 aaltomuodoiksi n\u00e4yt\u00f6lle. Milt\u00e4 oma \u00e4\u00e4nesi mahtaa n\u00e4ytt\u00e4\u00e4?<\/li>\n<li><a href=\"https:\/\/phys-edu.net\/wp\/?p=29021\">Kiehtova maku: Staattinen s\u00e4hk\u00f6juoma<\/a>: S\u00e4hk\u00f6inen t\u00e4rsky huulilla juuri kun otat kulauksen! Koe tieteen luoma &#8220;pelottavin&#8221; juoma, joka on ladattu t\u00e4yteen staattista s\u00e4hk\u00f6\u00e4.<\/li>\n<li><a href=\"https:\/\/phys-edu.net\/wp\/?p=28982#google_vignette\">R\u00e4j\u00e4hdyskoe vedyll\u00e4 ja hapella!<\/a>: Kova pamaus ja tuloksena on vett\u00e4! T\u00e4ss\u00e4 kokeessa tunnet koko kehollasi energian, joka vapautuu vedyn ja hapen reagoidessa kesken\u00e4\u00e4n. <img loading=\"lazy\" decoding=\"async\" class=\"alignnone wp-image-44541\" src=\"https:\/\/phys-edu.net\/wp\/wp-content\/uploads\/2023\/08\/6bb830e042a1d8b1f82cf2bca7e03b8f.jpg\" sizes=\"auto, (max-width: 1502px) 100vw, 1502px\" srcset=\"https:\/\/phys-edu.net\/wp\/wp-content\/uploads\/2023\/08\/6bb830e042a1d8b1f82cf2bca7e03b8f.jpg 1502w, https:\/\/phys-edu.net\/wp\/wp-content\/uploads\/2023\/08\/6bb830e042a1d8b1f82cf2bca7e03b8f-300x76.jpg 300w, https:\/\/phys-edu.net\/wp\/wp-content\/uploads\/2023\/08\/6bb830e042a1d8b1f82cf2bca7e03b8f-1024x259.jpg 1024w, https:\/\/phys-edu.net\/wp\/wp-content\/uploads\/2023\/08\/6bb830e042a1d8b1f82cf2bca7e03b8f-768x194.jpg 768w\" alt=\"\" width=\"710\" height=\"180\" \/><\/li>\n<li><a href=\"https:\/\/phys-edu.net\/wp\/?p=49664\">Hieman hurja termiittireaktio<\/a>: Valtava kuumuus, joka sulattaa jopa rautaa. Metallien v\u00e4linen raju reaktio on kuin pieni tulivuorenpurkaus kotipihalla.<\/li>\n<li><a href=\"https:\/\/phys-edu.net\/wp\/?p=37684\">Jarruta koskematta! Py\u00f6rrevirtakokeet<\/a>: Pys\u00e4yt\u00e4 liikkuva esine pelk\u00e4ll\u00e4 magneetin voimalla! T\u00e4t\u00e4 &#8220;fysiikan magiaa&#8221; hy\u00f6dynnet\u00e4\u00e4n muun muassa maglev-junien jarruissa.<\/li>\n<\/ul>\n<h3>Tiedekolumni: Arkisia asioita fysiikan silmin<\/h3>\n<p style=\"text-align: center;\">Ratkomme arjen mysteereit\u00e4 kaavojen ja teorian avulla.<\/p>\n<ul>\n<li><a href=\"https:\/\/phys-edu.net\/wp\/?p=51995\">Soba-nudelitornin fysiikka<\/a>: Miten korkea pino pysyy pystyss\u00e4? Kyse on kitkan ja painopisteen t\u00e4ydellisest\u00e4 tasapainosta.<\/li>\n<li><a href=\"https:\/\/phys-edu.net\/wp\/?p=47238\">Miten kastua v\u00e4hiten vesisateessa?<\/a>: Pit\u00e4isik\u00f6 juosta vai k\u00e4vell\u00e4? Analysoimme geometrisesti, kumpi taktiikka pit\u00e4\u00e4 sinut kuivempana etu- ja yl\u00e4viistosta tulevassa sateessa. <img loading=\"lazy\" decoding=\"async\" class=\"wp-image-47243 aligncenter\" src=\"https:\/\/phys-edu.net\/wp\/wp-content\/uploads\/2025\/01\/8245d36d938158ae73a2ada3776b3409.jpg\" sizes=\"auto, (max-width: 403px) 100vw, 403px\" srcset=\"https:\/\/phys-edu.net\/wp\/wp-content\/uploads\/2025\/01\/8245d36d938158ae73a2ada3776b3409.jpg 1880w, https:\/\/phys-edu.net\/wp\/wp-content\/uploads\/2025\/01\/8245d36d938158ae73a2ada3776b3409-300x170.jpg 300w, https:\/\/phys-edu.net\/wp\/wp-content\/uploads\/2025\/01\/8245d36d938158ae73a2ada3776b3409-1024x581.jpg 1024w, https:\/\/phys-edu.net\/wp\/wp-content\/uploads\/2025\/01\/8245d36d938158ae73a2ada3776b3409-768x435.jpg 768w, https:\/\/phys-edu.net\/wp\/wp-content\/uploads\/2025\/01\/8245d36d938158ae73a2ada3776b3409-1536x871.jpg 1536w\" alt=\"\" width=\"403\" height=\"229\" \/><\/li>\n<li><a href=\"https:\/\/phys-edu.net\/wp\/?p=231\">Splash Mountainin k\u00e4tketty fysiikka<\/a>: Vesiroiskeiden takana lymy\u00e4\u00e4 energian s\u00e4ilymislaki. Hurja pudotus onkin itse asiassa suuri koe potentiaalienergialla.<\/li>\n<li><a href=\"https:\/\/phys-edu.net\/wp\/?p=56186\">P\u00f6yt\u00e4liinan vet\u00e4misen fysiikka<\/a>: Onnistumisen salaisuus on hitaus eli inertia. Selit\u00e4mme mekaaniset syyt sille, miksi painavat astiat ovat helpompia kuin kevyet. <img loading=\"lazy\" decoding=\"async\" class=\"alignnone wp-image-56433 aligncenter\" src=\"https:\/\/phys-edu.net\/wp\/wp-content\/uploads\/2025\/11\/\u30b9\u30af\u30ea\u30fc\u30f3\u30b7\u30e7\u30c3\u30c8-2025-11-28-4.43.40.jpg\" sizes=\"auto, (max-width: 474px) 100vw, 474px\" srcset=\"https:\/\/phys-edu.net\/wp\/wp-content\/uploads\/2025\/11\/\u30b9\u30af\u30ea\u30fc\u30f3\u30b7\u30e7\u30c3\u30c8-2025-11-28-4.43.40.jpg 786w, https:\/\/phys-edu.net\/wp\/wp-content\/uploads\/2025\/11\/\u30b9\u30af\u30ea\u30fc\u30f3\u30b7\u30e7\u30c3\u30c8-2025-11-28-4.43.40-300x225.jpg 300w, https:\/\/phys-edu.net\/wp\/wp-content\/uploads\/2025\/11\/\u30b9\u30af\u30ea\u30fc\u30f3\u30b7\u30e7\u30c3\u30c8-2025-11-28-4.43.40-768x576.jpg 768w\" alt=\"\" width=\"313\" height=\"235\" \/><\/li>\n<li><a href=\"https:\/\/phys-edu.net\/wp\/?p=46336\">Paistetun riisin lenn\u00e4tt\u00e4misen tiede<\/a>: Salaisuus on mekaniikassa! Analysoimme riisinjyvien kulkemaa paraabelia paistinpannulla.<\/li>\n<\/ul>\n<h2>Kokeita, jotka saavat rakastumaan fysiikkaan<\/h2>\n<h3>Mekaniikka<\/h3>\n<ul>\n<li><a href=\"https:\/\/phys-edu.net\/wp\/?p=1859\">Itsest\u00e4\u00e4n luttuun menev\u00e4 pullo!<\/a><\/li>\n<li><a href=\"https:\/\/phys-edu.net\/wp\/?p=362\">T\u00f6lkki, joka nojaa kuin Michael Jackson<\/a> <img loading=\"lazy\" decoding=\"async\" class=\"alignnone wp-image-24938 aligncenter\" src=\"http:\/\/phys-edu.net\/wp\/wp-content\/uploads\/2013\/10\/d219761cb738210d14897fb1428bad1e.jpg\" sizes=\"auto, (max-width: 548px) 100vw, 548px\" srcset=\"https:\/\/phys-edu.net\/wp\/wp-content\/uploads\/2013\/10\/d219761cb738210d14897fb1428bad1e.jpg 711w, https:\/\/phys-edu.net\/wp\/wp-content\/uploads\/2013\/10\/d219761cb738210d14897fb1428bad1e-300x147.jpg 300w\" alt=\"Kuvakaappaus 2016-05-13 7.09.11\" width=\"428\" height=\"210\" \/><\/li>\n<\/ul>\n<p style=\"text-align: center;\">Jopa is\u00e4n kaljat\u00f6lkin saa seisomaan n\u00e4in!<\/p>\n<ul>\n<li><a href=\"https:\/\/phys-edu.net\/wp\/?p=44027#google_vignette\">Vedenpainekoe muovipullolla<\/a><\/li>\n<\/ul>\n<h3>Termodynamiikka<\/h3>\n<ul>\n<li><a href=\"https:\/\/phys-edu.net\/wp\/?p=2381\">Lent\u00e4v\u00e4 paperikuppi<\/a><\/li>\n<\/ul>\n<h3>Aaltoliike ja \u00e4\u00e4ni<\/h3>\n<p>Aallot<\/p>\n<ul>\n<li><a href=\"https:\/\/phys-edu.net\/wp\/?p=2739\">Luo aaltoja lelujousella!<\/a><\/li>\n<li><a href=\"https:\/\/phys-edu.net\/wp\/?p=2842\">Tutki pitkitt\u00e4ist\u00e4 aaltoliikett\u00e4!<\/a><\/li>\n<li><a href=\"https:\/\/phys-edu.net\/wp\/?p=3079\">Aallon kaksi eri heijastustapaa<\/a><\/li>\n<li class=\"google-auto-placed ap_container\"><a style=\"font-size: 14px;\" href=\"https:\/\/phys-edu.net\/wp\/?p=24480\">Rakenna seisova aalto!<\/a><\/li>\n<\/ul>\n<p>\u00c4\u00e4ni<\/p>\n<ul>\n<li><a href=\"https:\/\/phys-edu.net\/wp\/?p=24606\">Paperikuppiresonaattori &#8220;Variskuppi&#8221;<\/a><\/li>\n<li><a href=\"https:\/\/phys-edu.net\/wp\/?p=20224\">Pilli pillist\u00e4<\/a><\/li>\n<li><a href=\"https:\/\/phys-edu.net\/wp\/?p=22847\">Doppler-ilmi\u00f6<\/a><\/li>\n<\/ul>\n<p>Valo<\/p>\n<ul>\n<li><a href=\"https:\/\/phys-edu.net\/wp\/?p=75\">Marmorikuulamikroskooppi<\/a><\/li>\n<li><a href=\"https:\/\/phys-edu.net\/wp\/?p=23600\">CD-levy ja diffraktio<\/a><\/li>\n<\/ul>\n<h3>S\u00e4hk\u00f6 ja magnetismi<\/h3>\n<p><a href=\"https:\/\/phys-edu.net\/wp\/?p=34487\"><img loading=\"lazy\" decoding=\"async\" class=\"alignnone wp-image-34540 aligncenter\" src=\"https:\/\/phys-edu.net\/wp\/wp-content\/uploads\/2020\/02\/IMG_2511-1.jpg\" alt=\"\" width=\"215\" height=\"161\" srcset=\"https:\/\/phys-edu.net\/wp\/wp-content\/uploads\/2020\/02\/IMG_2511-1.jpg 1000w, https:\/\/phys-edu.net\/wp\/wp-content\/uploads\/2020\/02\/IMG_2511-1-300x225.jpg 300w, https:\/\/phys-edu.net\/wp\/wp-content\/uploads\/2020\/02\/IMG_2511-1-768x576.jpg 768w\" sizes=\"auto, (max-width: 215px) 100vw, 215px\" \/><\/a><\/p>\n<ul>\n<li style=\"text-align: left;\"><a href=\"https:\/\/phys-edu.net\/wp\/?p=34487\">Koukuttavat staattisen s\u00e4hk\u00f6n kokeet \u2013 20 vinkki\u00e4!<\/a><\/li>\n<li><a href=\"https:\/\/phys-edu.net\/wp\/?p=24304\">Katso infrapunaa \u00e4lypuhelimella!<\/a><\/li>\n<li><a href=\"https:\/\/phys-edu.net\/wp\/?p=25482\">Kondensaattorin lataus ja purku<\/a><\/li>\n<li><a href=\"https:\/\/phys-edu.net\/wp\/?p=466\">Lineaarimoottori kotikonstein<\/a><\/li>\n<li><a href=\"https:\/\/phys-edu.net\/wp\/?p=25067\">Klemmarimoottori<\/a> <img loading=\"lazy\" decoding=\"async\" class=\"alignnone wp-image-44619 aligncenter\" src=\"https:\/\/phys-edu.net\/wp\/wp-content\/uploads\/2023\/05\/1ed2b45a2080579d2818e6a582da52e7.jpg\" sizes=\"auto, (max-width: 268px) 100vw, 268px\" srcset=\"https:\/\/phys-edu.net\/wp\/wp-content\/uploads\/2023\/05\/1ed2b45a2080579d2818e6a582da52e7.jpg 840w, https:\/\/phys-edu.net\/wp\/wp-content\/uploads\/2023\/05\/1ed2b45a2080579d2818e6a582da52e7-291x300.jpg 291w, https:\/\/phys-edu.net\/wp\/wp-content\/uploads\/2023\/05\/1ed2b45a2080579d2818e6a582da52e7-768x792.jpg 768w\" alt=\"\" width=\"180\" height=\"185\" \/><\/li>\n<\/ul>\n<p style=\"text-align: center;\">Rakenna oma s\u00e4hk\u00f6moottori!<\/p>\n<ul>\n<li style=\"list-style-type: none;\">\n<ul>\n<li><a href=\"https:\/\/phys-edu.net\/wp\/?p=77\">Maailman kummallisin Faraday-moottori<\/a><\/li>\n<li><a href=\"https:\/\/phys-edu.net\/wp\/?p=12636\">S\u00e4hk\u00f6magneettinen induktio<\/a><\/li>\n<li><a href=\"https:\/\/phys-edu.net\/wp\/?p=2405\">Moottorigeneraattori<\/a><\/li>\n<li><a href=\"https:\/\/phys-edu.net\/wp\/?p=2479\">Py\u00f6rrevirtajarru<\/a><\/li>\n<\/ul>\n<\/li>\n<\/ul>\n","protected":false},"excerpt":{"rendered":"<p>Jokainen p\u00e4iv\u00e4 on kokeilu. \u3000Haluan, ett\u00e4 kaikki lapsista aikuisiin nauttivat tieteest\u00e4 hauskojen leikkien ja h [&hellip;]<\/p>\n","protected":false},"author":1,"featured_media":49001,"parent":0,"menu_order":0,"comment_status":"closed","ping_status":"closed","template":"","meta":{"_sitemap_exclude":false,"_sitemap_priority":"","_sitemap_frequency":"","sns_share_botton_hide":"","vkExUnit_sns_title":"","vkexunit_cta_each_option":"","_lightning_design_setting":{"layout":"default"},"footnotes":""},"class_list":["post-58216","page","type-page","status-publish","has-post-thumbnail","hentry"],"jetpack-related-posts":[{"id":52102,"url":"https:\/\/phys-edu.net\/wp\/?page_id=52102&lang=fi","url_meta":{"origin":58216,"position":0},"title":"Tieteen Ihmeit\u00e4 Kotiin!","author":"\u6851\u5b50 \u7814","date":"2025\u5e749\u670813\u65e5","format":false,"excerpt":"T\u00e4ll\u00e4 sivulla esitell\u00e4\u00e4n opetusmateriaaleja yl\u00e4kou\u2026","rel":"","context":"\u985e\u4f3c\u6295\u7a3f","block_context":{"text":"\u985e\u4f3c\u6295\u7a3f","link":""},"img":{"alt_text":"","src":"https:\/\/i0.wp.com\/phys-edu.net\/wp\/wp-content\/uploads\/2025\/06\/abbfe1492397dc500fe5de9265320ad0.jpg?resize=350%2C200&ssl=1","width":350,"height":200,"srcset":"https:\/\/i0.wp.com\/phys-edu.net\/wp\/wp-content\/uploads\/2025\/06\/abbfe1492397dc500fe5de9265320ad0.jpg?resize=350%2C200&ssl=1 1x, https:\/\/i0.wp.com\/phys-edu.net\/wp\/wp-content\/uploads\/2025\/06\/abbfe1492397dc500fe5de9265320ad0.jpg?resize=525%2C300&ssl=1 1.5x, https:\/\/i0.wp.com\/phys-edu.net\/wp\/wp-content\/uploads\/2025\/06\/abbfe1492397dc500fe5de9265320ad0.jpg?resize=700%2C400&ssl=1 2x"},"classes":[]},{"id":52100,"url":"https:\/\/phys-edu.net\/wp\/?page_id=52100&lang=fi","url_meta":{"origin":58216,"position":1},"title":"About Kuwako Ken","author":"\u6851\u5b50 \u7814","date":"2025\u5e749\u670813\u65e5","format":false,"excerpt":"Tiedevalmentaja Ken Kuwako Toimin tiedevalmentajan\u2026","rel":"","context":"\u985e\u4f3c\u6295\u7a3f","block_context":{"text":"\u985e\u4f3c\u6295\u7a3f","link":""},"img":{"alt_text":"","src":"https:\/\/i0.wp.com\/phys-edu.net\/wp\/wp-content\/uploads\/2025\/02\/40a7ffb3e4bd21a2f4805bd50ee9f2dd.jpg?resize=350%2C200&ssl=1","width":350,"height":200,"srcset":"https:\/\/i0.wp.com\/phys-edu.net\/wp\/wp-content\/uploads\/2025\/02\/40a7ffb3e4bd21a2f4805bd50ee9f2dd.jpg?resize=350%2C200&ssl=1 1x, https:\/\/i0.wp.com\/phys-edu.net\/wp\/wp-content\/uploads\/2025\/02\/40a7ffb3e4bd21a2f4805bd50ee9f2dd.jpg?resize=525%2C300&ssl=1 1.5x, https:\/\/i0.wp.com\/phys-edu.net\/wp\/wp-content\/uploads\/2025\/02\/40a7ffb3e4bd21a2f4805bd50ee9f2dd.jpg?resize=700%2C400&ssl=1 2x"},"classes":[]},{"id":52091,"url":"https:\/\/phys-edu.net\/wp\/?page_id=52091&lang=fi","url_meta":{"origin":58216,"position":2},"title":"Tieteen Aarrearkku","author":"\u6851\u5b50 \u7814","date":"2025\u5e749\u670813\u65e5","format":false,"excerpt":"Jokainen p\u00e4iv\u00e4 on koe. Haluamme jakaa tieteen iloa\u2026","rel":"","context":"\u985e\u4f3c\u6295\u7a3f","block_context":{"text":"\u985e\u4f3c\u6295\u7a3f","link":""},"img":{"alt_text":"","src":"https:\/\/i0.wp.com\/phys-edu.net\/wp\/wp-content\/uploads\/2025\/05\/8492bedffd85ca3b94341648286061c3.jpg?resize=350%2C200&ssl=1","width":350,"height":200,"srcset":"https:\/\/i0.wp.com\/phys-edu.net\/wp\/wp-content\/uploads\/2025\/05\/8492bedffd85ca3b94341648286061c3.jpg?resize=350%2C200&ssl=1 1x, https:\/\/i0.wp.com\/phys-edu.net\/wp\/wp-content\/uploads\/2025\/05\/8492bedffd85ca3b94341648286061c3.jpg?resize=525%2C300&ssl=1 1.5x, https:\/\/i0.wp.com\/phys-edu.net\/wp\/wp-content\/uploads\/2025\/05\/8492bedffd85ca3b94341648286061c3.jpg?resize=700%2C400&ssl=1 2x"},"classes":[]}],"_links":{"self":[{"href":"https:\/\/phys-edu.net\/wp\/index.php?rest_route=\/wp\/v2\/pages\/58216","targetHints":{"allow":["GET"]}}],"collection":[{"href":"https:\/\/phys-edu.net\/wp\/index.php?rest_route=\/wp\/v2\/pages"}],"about":[{"href":"https:\/\/phys-edu.net\/wp\/index.php?rest_route=\/wp\/v2\/types\/page"}],"author":[{"embeddable":true,"href":"https:\/\/phys-edu.net\/wp\/index.php?rest_route=\/wp\/v2\/users\/1"}],"replies":[{"embeddable":true,"href":"https:\/\/phys-edu.net\/wp\/index.php?rest_route=%2Fwp%2Fv2%2Fcomments&post=58216"}],"version-history":[{"count":0,"href":"https:\/\/phys-edu.net\/wp\/index.php?rest_route=\/wp\/v2\/pages\/58216\/revisions"}],"wp:featuredmedia":[{"embeddable":true,"href":"https:\/\/phys-edu.net\/wp\/index.php?rest_route=\/wp\/v2\/media\/49001"}],"wp:attachment":[{"href":"https:\/\/phys-edu.net\/wp\/index.php?rest_route=%2Fwp%2Fv2%2Fmedia&parent=58216"}],"curies":[{"name":"wp","href":"https:\/\/api.w.org\/{rel}","templated":true}]}}