{"id":52091,"date":"2025-09-13T11:01:49","date_gmt":"2025-09-13T02:01:49","guid":{"rendered":"https:\/\/phys-edu.net\/wp\/?page_id=52091"},"modified":"2026-01-25T06:31:15","modified_gmt":"2026-01-24T21:31:15","slug":"tieteen-aarrearkku","status":"publish","type":"page","link":"https:\/\/phys-edu.net\/wp\/?page_id=52091&lang=fi","title":{"rendered":"Tieteen Aarrearkku"},"content":{"rendered":"<h1><img loading=\"lazy\" decoding=\"async\" class=\"alignnone wp-image-52419 aligncenter\" src=\"https:\/\/phys-edu.net\/wp\/wp-content\/uploads\/2025\/09\/\u30b9\u30af\u30ea\u30fc\u30f3\u30b7\u30e7\u30c3\u30c8-2025-09-16-18.27.54.jpg\" alt=\"\" width=\"568\" height=\"253\" srcset=\"https:\/\/phys-edu.net\/wp\/wp-content\/uploads\/2025\/09\/\u30b9\u30af\u30ea\u30fc\u30f3\u30b7\u30e7\u30c3\u30c8-2025-09-16-18.27.54.jpg 1740w, https:\/\/phys-edu.net\/wp\/wp-content\/uploads\/2025\/09\/\u30b9\u30af\u30ea\u30fc\u30f3\u30b7\u30e7\u30c3\u30c8-2025-09-16-18.27.54-300x134.jpg 300w, https:\/\/phys-edu.net\/wp\/wp-content\/uploads\/2025\/09\/\u30b9\u30af\u30ea\u30fc\u30f3\u30b7\u30e7\u30c3\u30c8-2025-09-16-18.27.54-1024x457.jpg 1024w, https:\/\/phys-edu.net\/wp\/wp-content\/uploads\/2025\/09\/\u30b9\u30af\u30ea\u30fc\u30f3\u30b7\u30e7\u30c3\u30c8-2025-09-16-18.27.54-768x343.jpg 768w, https:\/\/phys-edu.net\/wp\/wp-content\/uploads\/2025\/09\/\u30b9\u30af\u30ea\u30fc\u30f3\u30b7\u30e7\u30c3\u30c8-2025-09-16-18.27.54-1536x685.jpg 1536w\" sizes=\"auto, (max-width: 568px) 100vw, 568px\" \/><\/h1>\r\n<h1 style=\"text-align: center;\"><span style=\"color: #339966;\">Jokainen p\u00e4iv\u00e4 on koe.<\/span><\/h1>\r\n<p class=\"p1\">Haluamme jakaa tieteen iloa ja ihmeit\u00e4 sek\u00e4 tuoda oivalluksia kaikille! Tiedemuistiinpanoja (Science Notebook) on tietosivusto, joka kokoaa yhteen hauskoja tiedekokeita, arjen ilmi\u00f6it\u00e4 ja kiehtovaa tutkimusmatkailua tieteen maailmaan. Lue lis\u00e4\u00e4 meist\u00e4 <a href=\"https:\/\/phys-edu.net\/wp\/?page_id=37\">t\u00e4\u00e4lt\u00e4<\/a>.<\/p>\r\n<p style=\"text-align: center;\">Seuraa meit\u00e4 somessa: <a href=\"https:\/\/www.facebook.com\/kuwakolab\/\">Facebook<\/a> \uff0f <a href=\"https:\/\/www.instagram.com\/science_seeds\/\">Instagram<\/a> \uff0f <a href=\"https:\/\/twitter.com\/kuwako\">X<\/a> \uff0f <a href=\"https:\/\/bsky.app\/profile\/kagakunoneta.bsky.social\">BlueSky<\/a> \uff0f <a href=\"https:\/\/www.threads.net\/@science_seeds?hl=ja\">Threads<\/a><\/p>\r\n<h3 style=\"text-align: center;\">Valikko<\/h3>\r\n<p><a href=\"https:\/\/phys-edu.net\/wp\/?page_id=30764\">Kokeet (Experiment)<\/a> \u2026 Esittelemme lukuisia huippusuosittuja tiedekokeita, joista voit nauttia yhdess\u00e4 lasten kanssa. Lis\u00e4ksi tarjolla on kattavaa materiaalia lukiofysiikan syvemp\u00e4\u00e4n ymm\u00e4rt\u00e4miseen.<\/p>\r\n<p><a href=\"https:\/\/phys-edu.net\/wp\/?page_id=798\">Materiaalit (Materials)<\/a> \u2026 Tukea luonnontieteiden opettajille! Tarjoamme valikoituja oppimateriaaleja, jotka parantavat opetuksen laatua ja tehostavat tuntien valmistelua.<\/p>\r\n<p><a href=\"http:\/\/phys-edu.net\/wp\/?page_id=20940\">Seminaarit (Seminar)<\/a> \u2026 J\u00e4rjest\u00e4mme luentoja ja seminaareja ymp\u00e4ri maata teemalla \u201dMiten viesti\u00e4 tieteen iloa vaikuttavasti\u201d.<\/p>\r\n<p><a href=\"https:\/\/music.youtube.com\/playlist?list=PLoK4ZvKN9S2NgpYIochcQs0aL-vrRB_Qw\">Podcast (Tiederaadio)<\/a> \u2026 Uusimmat tiedeaiheet l\u00e4hes p\u00e4ivitt\u00e4in! Kuuntele tieteest\u00e4 nauttien \u2013 tarjoamme blogiartikkelien pohjalta teko\u00e4lyteknologialla toteutettuja \u00e4\u00e4nisis\u00e4lt\u00f6j\u00e4.<\/p>\r\n<p><a href=\"http:\/\/phys-edu.net\/wp\/?page_id=37\">Meist\u00e4 (About)<\/a> \u2026 T\u00e4\u00e4lt\u00e4 l\u00f6yd\u00e4t Tiedemuistiinpanojen konseptin sek\u00e4 perustaja Ken Kuwakon profiilin ja vision.<\/p>\r\n<p><a href=\"https:\/\/phys-edu.net\/wp\/?page_id=188\">Ota yhteytt\u00e4 (Contact)<\/a> \u2026 Tiedepajojen varaukset, kirjoitus- ja luentopyynn\u00f6t sek\u00e4 tieteellinen konsultointi \u2013 ota yhteytt\u00e4 t\u00e4ll\u00e4 lomakkeella.<\/p>\r\n<h3>Uusimmat artikkelit<\/h3>\r\n<ul class=\"wp-block-latest-posts__list is-grid columns-3 has-dates wp-block-latest-posts\"><li><div class=\"wp-block-latest-posts__featured-image\"><a href=\"https:\/\/phys-edu.net\/wp\/?p=63045&#038;lang=hi\" aria-label=\"\u0930\u0902\u0917\u093e, \u0915\u093e\u091f\u093e \u0914\u0930 \u0926\u0947\u0916\u093e \u0924\u094b \u0926\u0902\u0917 \u0930\u0939 \u0917\u092f\u093e! \u0905\u091c\u0935\u093e\u0907\u0928 \u0915\u0947 \u0924\u0928\u0947 \u092e\u0947\u0902 \u091b\u093f\u092a\u093e \u092a\u093e\u0928\u0940 \u0915\u093e \u0905\u0926\u094d\u092d\u0941\u0924 \u0928\u0947\u091f\u0935\u0930\u094d\u0915\u0964\"><img loading=\"lazy\" decoding=\"async\" width=\"150\" height=\"150\" src=\"https:\/\/phys-edu.net\/wp\/wp-content\/uploads\/2026\/05\/\u30b9\u30af\u30ea\u30fc\u30f3\u30b7\u30e7\u30c3\u30c8-2026-05-04-5.17.02-5.23.11-150x150.jpeg\" class=\"attachment-thumbnail size-thumbnail wp-post-image\" alt=\"\" style=\"\" \/><\/a><\/div><a class=\"wp-block-latest-posts__post-title\" href=\"https:\/\/phys-edu.net\/wp\/?p=63045&#038;lang=hi\">\u0930\u0902\u0917\u093e, \u0915\u093e\u091f\u093e \u0914\u0930 \u0926\u0947\u0916\u093e \u0924\u094b \u0926\u0902\u0917 \u0930\u0939 \u0917\u092f\u093e! \u0905\u091c\u0935\u093e\u0907\u0928 \u0915\u0947 \u0924\u0928\u0947 \u092e\u0947\u0902 \u091b\u093f\u092a\u093e \u092a\u093e\u0928\u0940 \u0915\u093e \u0905\u0926\u094d\u092d\u0941\u0924 \u0928\u0947\u091f\u0935\u0930\u094d\u0915\u0964<\/a><time datetime=\"2026-05-04T05:37:42+09:00\" class=\"wp-block-latest-posts__post-date\">2026\u5e745\u67084\u65e5<\/time><\/li>\n<li><div class=\"wp-block-latest-posts__featured-image\"><a href=\"https:\/\/phys-edu.net\/wp\/?p=63052&#038;lang=fi\" aria-label=\"V\u00e4rj\u00e4\u00e4, leikkaa ja h\u00e4mm\u00e4sty \u2013 Sellerin sis\u00e4lt\u00e4 paljastui uskomaton veden kuljetusverkosto.\"><img loading=\"lazy\" decoding=\"async\" width=\"150\" height=\"150\" src=\"https:\/\/phys-edu.net\/wp\/wp-content\/uploads\/2026\/05\/\u30b9\u30af\u30ea\u30fc\u30f3\u30b7\u30e7\u30c3\u30c8-2026-05-04-5.16.31-150x150.jpeg\" class=\"attachment-thumbnail size-thumbnail wp-post-image\" alt=\"\" style=\"\" srcset=\"https:\/\/phys-edu.net\/wp\/wp-content\/uploads\/2026\/05\/\u30b9\u30af\u30ea\u30fc\u30f3\u30b7\u30e7\u30c3\u30c8-2026-05-04-5.16.31-150x150.jpeg 150w, https:\/\/phys-edu.net\/wp\/wp-content\/uploads\/2026\/05\/\u30b9\u30af\u30ea\u30fc\u30f3\u30b7\u30e7\u30c3\u30c8-2026-05-04-5.16.31-300x300.jpeg 300w, https:\/\/phys-edu.net\/wp\/wp-content\/uploads\/2026\/05\/\u30b9\u30af\u30ea\u30fc\u30f3\u30b7\u30e7\u30c3\u30c8-2026-05-04-5.16.31-768x766.jpeg 768w, https:\/\/phys-edu.net\/wp\/wp-content\/uploads\/2026\/05\/\u30b9\u30af\u30ea\u30fc\u30f3\u30b7\u30e7\u30c3\u30c8-2026-05-04-5.16.31.jpeg 840w\" sizes=\"auto, (max-width: 150px) 100vw, 150px\" \/><\/a><\/div><a class=\"wp-block-latest-posts__post-title\" href=\"https:\/\/phys-edu.net\/wp\/?p=63052&#038;lang=fi\">V\u00e4rj\u00e4\u00e4, leikkaa ja h\u00e4mm\u00e4sty \u2013 Sellerin sis\u00e4lt\u00e4 paljastui uskomaton veden kuljetusverkosto.<\/a><time datetime=\"2026-05-04T05:36:58+09:00\" class=\"wp-block-latest-posts__post-date\">2026\u5e745\u67084\u65e5<\/time><\/li>\n<li><div class=\"wp-block-latest-posts__featured-image\"><a href=\"https:\/\/phys-edu.net\/wp\/?p=63050&#038;lang=es\" aria-label=\"\u00a1Ti\u00f1e, corta y sorpr\u00e9ndete! La sofisticada red de agua oculta en el apio.\"><img loading=\"lazy\" decoding=\"async\" width=\"150\" height=\"150\" src=\"https:\/\/phys-edu.net\/wp\/wp-content\/uploads\/2026\/05\/\u30b9\u30af\u30ea\u30fc\u30f3\u30b7\u30e7\u30c3\u30c8-2026-05-04-5.16.31-150x150.jpeg\" class=\"attachment-thumbnail size-thumbnail wp-post-image\" alt=\"\" style=\"\" srcset=\"https:\/\/phys-edu.net\/wp\/wp-content\/uploads\/2026\/05\/\u30b9\u30af\u30ea\u30fc\u30f3\u30b7\u30e7\u30c3\u30c8-2026-05-04-5.16.31-150x150.jpeg 150w, https:\/\/phys-edu.net\/wp\/wp-content\/uploads\/2026\/05\/\u30b9\u30af\u30ea\u30fc\u30f3\u30b7\u30e7\u30c3\u30c8-2026-05-04-5.16.31-300x300.jpeg 300w, https:\/\/phys-edu.net\/wp\/wp-content\/uploads\/2026\/05\/\u30b9\u30af\u30ea\u30fc\u30f3\u30b7\u30e7\u30c3\u30c8-2026-05-04-5.16.31-768x766.jpeg 768w, https:\/\/phys-edu.net\/wp\/wp-content\/uploads\/2026\/05\/\u30b9\u30af\u30ea\u30fc\u30f3\u30b7\u30e7\u30c3\u30c8-2026-05-04-5.16.31.jpeg 840w\" sizes=\"auto, (max-width: 150px) 100vw, 150px\" \/><\/a><\/div><a class=\"wp-block-latest-posts__post-title\" href=\"https:\/\/phys-edu.net\/wp\/?p=63050&#038;lang=es\">\u00a1Ti\u00f1e, corta y sorpr\u00e9ndete! La sofisticada red de agua oculta en el apio.<\/a><time datetime=\"2026-05-04T05:36:42+09:00\" class=\"wp-block-latest-posts__post-date\">2026\u5e745\u67084\u65e5<\/time><\/li>\n<li><div class=\"wp-block-latest-posts__featured-image\"><a href=\"https:\/\/phys-edu.net\/wp\/?p=63042&#038;lang=zh\" aria-label=\"\u67d3\u8272\u3001\u6a6b\u5207\u3001\u770b\u898b\u9a5a\u5947\uff01\u82b9\u83dc\u65b7\u9762\u4e2d\u96b1\u85cf\u7684\u7cbe\u5de7\u8f38\u6c34\u7db2\u7d61\u3002\"><img loading=\"lazy\" decoding=\"async\" width=\"150\" height=\"150\" src=\"https:\/\/phys-edu.net\/wp\/wp-content\/uploads\/2026\/05\/\u30b9\u30af\u30ea\u30fc\u30f3\u30b7\u30e7\u30c3\u30c8-2026-05-04-5.17.02-5.23.11-1-150x150.jpeg\" class=\"attachment-thumbnail size-thumbnail wp-post-image\" alt=\"\" style=\"\" \/><\/a><\/div><a class=\"wp-block-latest-posts__post-title\" href=\"https:\/\/phys-edu.net\/wp\/?p=63042&#038;lang=zh\">\u67d3\u8272\u3001\u6a6b\u5207\u3001\u770b\u898b\u9a5a\u5947\uff01\u82b9\u83dc\u65b7\u9762\u4e2d\u96b1\u85cf\u7684\u7cbe\u5de7\u8f38\u6c34\u7db2\u7d61\u3002<\/a><time datetime=\"2026-05-04T05:34:47+09:00\" class=\"wp-block-latest-posts__post-date\">2026\u5e745\u67084\u65e5<\/time><\/li>\n<li><div class=\"wp-block-latest-posts__featured-image\"><a href=\"https:\/\/phys-edu.net\/wp\/?p=63040&#038;lang=ko\" aria-label=\"\ubb3c\ub4e4\uc774\uace0, \uc790\ub974\uace0, \ubcf4\uace0, \ub180\ub790\ub2e4! \uc140\ub7ec\ub9ac \uc18d\uc5d0 \uc228\uaca8\uc9c4 \uc815\uad50\ud55c \ubb3c\uc758 \ub124\ud2b8\uc6cc\ud06c.\"><img loading=\"lazy\" decoding=\"async\" width=\"150\" height=\"150\" src=\"https:\/\/phys-edu.net\/wp\/wp-content\/uploads\/2026\/05\/\u30b9\u30af\u30ea\u30fc\u30f3\u30b7\u30e7\u30c3\u30c8-2026-05-04-5.17.02-5.23.11-2-150x150.jpeg\" class=\"attachment-thumbnail size-thumbnail wp-post-image\" alt=\"\" style=\"\" \/><\/a><\/div><a class=\"wp-block-latest-posts__post-title\" href=\"https:\/\/phys-edu.net\/wp\/?p=63040&#038;lang=ko\">\ubb3c\ub4e4\uc774\uace0, \uc790\ub974\uace0, \ubcf4\uace0, \ub180\ub790\ub2e4! \uc140\ub7ec\ub9ac \uc18d\uc5d0 \uc228\uaca8\uc9c4 \uc815\uad50\ud55c \ubb3c\uc758 \ub124\ud2b8\uc6cc\ud06c.<\/a><time datetime=\"2026-05-04T05:33:46+09:00\" class=\"wp-block-latest-posts__post-date\">2026\u5e745\u67084\u65e5<\/time><\/li>\n<li><div class=\"wp-block-latest-posts__featured-image\"><a href=\"https:\/\/phys-edu.net\/wp\/?p=63038&#038;lang=en\" aria-label=\"Dye, Slice, and Be Amazed: The Secret Water Network Inside Your Celery.\"><img loading=\"lazy\" decoding=\"async\" width=\"150\" height=\"150\" src=\"https:\/\/phys-edu.net\/wp\/wp-content\/uploads\/2026\/05\/\u30b9\u30af\u30ea\u30fc\u30f3\u30b7\u30e7\u30c3\u30c8-2026-05-04-5.17.02-5.23.11-3-150x150.jpeg\" class=\"attachment-thumbnail size-thumbnail wp-post-image\" alt=\"\" style=\"\" \/><\/a><\/div><a class=\"wp-block-latest-posts__post-title\" href=\"https:\/\/phys-edu.net\/wp\/?p=63038&#038;lang=en\">Dye, Slice, and Be Amazed: The Secret Water Network Inside Your Celery.<\/a><time datetime=\"2026-05-04T05:32:58+09:00\" class=\"wp-block-latest-posts__post-date\">2026\u5e745\u67084\u65e5<\/time><\/li>\n<li><div class=\"wp-block-latest-posts__featured-image\"><a href=\"https:\/\/phys-edu.net\/wp\/?p=63022\" aria-label=\"\u67d3\u3081\u3066\u3001\u5207\u3063\u3066\u3001\u898b\u3066\u3001\u9a5a\u3044\u305f\u3002\u30bb\u30ed\u30ea\u306e\u65ad\u9762\u306b\u96a0\u3055\u308c\u3066\u3044\u305f\u7cbe\u5de7\u306a\u6c34\u306e\u30cd\u30c3\u30c8\u30ef\u30fc\u30af\uff08\u9053\u7ba1\u306e\u89b3\u5bdf\uff09\"><img loading=\"lazy\" decoding=\"async\" width=\"150\" height=\"150\" src=\"https:\/\/phys-edu.net\/wp\/wp-content\/uploads\/2026\/05\/\u30b9\u30af\u30ea\u30fc\u30f3\u30b7\u30e7\u30c3\u30c8-2026-05-04-5.16.31-150x150.jpeg\" class=\"attachment-thumbnail size-thumbnail wp-post-image\" alt=\"\" style=\"\" srcset=\"https:\/\/phys-edu.net\/wp\/wp-content\/uploads\/2026\/05\/\u30b9\u30af\u30ea\u30fc\u30f3\u30b7\u30e7\u30c3\u30c8-2026-05-04-5.16.31-150x150.jpeg 150w, https:\/\/phys-edu.net\/wp\/wp-content\/uploads\/2026\/05\/\u30b9\u30af\u30ea\u30fc\u30f3\u30b7\u30e7\u30c3\u30c8-2026-05-04-5.16.31-300x300.jpeg 300w, https:\/\/phys-edu.net\/wp\/wp-content\/uploads\/2026\/05\/\u30b9\u30af\u30ea\u30fc\u30f3\u30b7\u30e7\u30c3\u30c8-2026-05-04-5.16.31-768x766.jpeg 768w, https:\/\/phys-edu.net\/wp\/wp-content\/uploads\/2026\/05\/\u30b9\u30af\u30ea\u30fc\u30f3\u30b7\u30e7\u30c3\u30c8-2026-05-04-5.16.31.jpeg 840w\" sizes=\"auto, (max-width: 150px) 100vw, 150px\" \/><\/a><\/div><a class=\"wp-block-latest-posts__post-title\" href=\"https:\/\/phys-edu.net\/wp\/?p=63022\">\u67d3\u3081\u3066\u3001\u5207\u3063\u3066\u3001\u898b\u3066\u3001\u9a5a\u3044\u305f\u3002\u30bb\u30ed\u30ea\u306e\u65ad\u9762\u306b\u96a0\u3055\u308c\u3066\u3044\u305f\u7cbe\u5de7\u306a\u6c34\u306e\u30cd\u30c3\u30c8\u30ef\u30fc\u30af\uff08\u9053\u7ba1\u306e\u89b3\u5bdf\uff09<\/a><time datetime=\"2026-05-04T05:30:52+09:00\" class=\"wp-block-latest-posts__post-date\">2026\u5e745\u67084\u65e5<\/time><\/li>\n<li><div class=\"wp-block-latest-posts__featured-image\"><a href=\"https:\/\/phys-edu.net\/wp\/?p=63018\" aria-label=\"\u81ea\u7531\u306b\u3084\u3089\u305b\u308b\u307b\u3069\u6210\u7e3e\u304c\u4e0b\u304c\u308b\uff1f\u2014\u201457\u30ab\u56fd\u306e\u30c7\u30fc\u30bf\u304c\u793a\u3059\u3001\u63a2\u7a76\u5b66\u7fd2\u306e\u610f\u5916\u306a\u771f\u5b9f\"><img loading=\"lazy\" decoding=\"async\" width=\"150\" height=\"150\" src=\"https:\/\/phys-edu.net\/wp\/wp-content\/uploads\/2025\/03\/\u30b9\u30af\u30ea\u30fc\u30f3\u30b7\u30e7\u30c3\u30c8-2026-03-16-6.23.15-150x150.jpeg\" class=\"attachment-thumbnail size-thumbnail wp-post-image\" alt=\"\" style=\"\" \/><\/a><\/div><a class=\"wp-block-latest-posts__post-title\" href=\"https:\/\/phys-edu.net\/wp\/?p=63018\">\u81ea\u7531\u306b\u3084\u3089\u305b\u308b\u307b\u3069\u6210\u7e3e\u304c\u4e0b\u304c\u308b\uff1f\u2014\u201457\u30ab\u56fd\u306e\u30c7\u30fc\u30bf\u304c\u793a\u3059\u3001\u63a2\u7a76\u5b66\u7fd2\u306e\u610f\u5916\u306a\u771f\u5b9f<\/a><time datetime=\"2026-05-04T05:10:47+09:00\" class=\"wp-block-latest-posts__post-date\">2026\u5e745\u67084\u65e5<\/time><\/li>\n<li><div class=\"wp-block-latest-posts__featured-image\"><a href=\"https:\/\/phys-edu.net\/wp\/?p=63009\" aria-label=\"\u751f\u5f92\u3068\u4e00\u7dd2\u306b\u60a9\u3080\u3053\u3068\u304c\u3001\u6700\u9ad8\u306e\u6388\u696d\u3060\u3063\u305f\u2014\u2014\u63a2\u7a76\u578b\u7406\u79d1\u6559\u80b218\u5e74\u5206\u306e\u7814\u7a76\u304c\u8a9e\u308b\u3053\u3068\uff08Inquiry-based science instruction\uff09\"><img loading=\"lazy\" decoding=\"async\" width=\"150\" height=\"150\" src=\"https:\/\/phys-edu.net\/wp\/wp-content\/uploads\/2025\/11\/\u30b9\u30af\u30ea\u30fc\u30f3\u30b7\u30e7\u30c3\u30c8-2026-04-07-4.24.24-150x150.jpeg\" class=\"attachment-thumbnail size-thumbnail wp-post-image\" alt=\"\" style=\"\" \/><\/a><\/div><a class=\"wp-block-latest-posts__post-title\" href=\"https:\/\/phys-edu.net\/wp\/?p=63009\">\u751f\u5f92\u3068\u4e00\u7dd2\u306b\u60a9\u3080\u3053\u3068\u304c\u3001\u6700\u9ad8\u306e\u6388\u696d\u3060\u3063\u305f\u2014\u2014\u63a2\u7a76\u578b\u7406\u79d1\u6559\u80b218\u5e74\u5206\u306e\u7814\u7a76\u304c\u8a9e\u308b\u3053\u3068\uff08Inquiry-based science instruction\uff09<\/a><time datetime=\"2026-05-03T05:34:11+09:00\" class=\"wp-block-latest-posts__post-date\">2026\u5e745\u67083\u65e5<\/time><\/li>\n<\/ul>\r\n\r\n","protected":false},"excerpt":{"rendered":"<p>Jokainen p\u00e4iv\u00e4 on koe. Haluamme jakaa tieteen iloa ja ihmeit\u00e4 sek\u00e4 tuoda oivalluksia kaikille! Tiedemuistiinpa [&hellip;]<\/p>\n","protected":false},"author":1,"featured_media":49001,"parent":0,"menu_order":0,"comment_status":"closed","ping_status":"open","template":"","meta":{"_sitemap_exclude":false,"_sitemap_priority":"","_sitemap_frequency":"","sns_share_botton_hide":"","vkExUnit_sns_title":"","vkexunit_cta_each_option":"","_lightning_design_setting":{"layout":"default"},"footnotes":""},"class_list":["post-52091","page","type-page","status-publish","has-post-thumbnail","hentry"],"jetpack-related-posts":[{"id":52100,"url":"https:\/\/phys-edu.net\/wp\/?page_id=52100&lang=fi","url_meta":{"origin":52091,"position":0},"title":"About Kuwako Ken","author":"\u6851\u5b50 \u7814","date":"2025\u5e749\u670813\u65e5","format":false,"excerpt":"Tiedevalmentaja Ken Kuwako Toimin tiedevalmentajan\u2026","rel":"","context":"\u985e\u4f3c\u6295\u7a3f","block_context":{"text":"\u985e\u4f3c\u6295\u7a3f","link":""},"img":{"alt_text":"","src":"https:\/\/i0.wp.com\/phys-edu.net\/wp\/wp-content\/uploads\/2025\/02\/40a7ffb3e4bd21a2f4805bd50ee9f2dd.jpg?resize=350%2C200&ssl=1","width":350,"height":200,"srcset":"https:\/\/i0.wp.com\/phys-edu.net\/wp\/wp-content\/uploads\/2025\/02\/40a7ffb3e4bd21a2f4805bd50ee9f2dd.jpg?resize=350%2C200&ssl=1 1x, https:\/\/i0.wp.com\/phys-edu.net\/wp\/wp-content\/uploads\/2025\/02\/40a7ffb3e4bd21a2f4805bd50ee9f2dd.jpg?resize=525%2C300&ssl=1 1.5x, https:\/\/i0.wp.com\/phys-edu.net\/wp\/wp-content\/uploads\/2025\/02\/40a7ffb3e4bd21a2f4805bd50ee9f2dd.jpg?resize=700%2C400&ssl=1 2x"},"classes":[]},{"id":52102,"url":"https:\/\/phys-edu.net\/wp\/?page_id=52102&lang=fi","url_meta":{"origin":52091,"position":1},"title":"Tieteen Ihmeit\u00e4 Kotiin!","author":"\u6851\u5b50 \u7814","date":"2025\u5e749\u670813\u65e5","format":false,"excerpt":"T\u00e4ll\u00e4 sivulla esitell\u00e4\u00e4n opetusmateriaaleja yl\u00e4kou\u2026","rel":"","context":"\u985e\u4f3c\u6295\u7a3f","block_context":{"text":"\u985e\u4f3c\u6295\u7a3f","link":""},"img":{"alt_text":"","src":"https:\/\/i0.wp.com\/phys-edu.net\/wp\/wp-content\/uploads\/2025\/06\/abbfe1492397dc500fe5de9265320ad0.jpg?resize=350%2C200&ssl=1","width":350,"height":200,"srcset":"https:\/\/i0.wp.com\/phys-edu.net\/wp\/wp-content\/uploads\/2025\/06\/abbfe1492397dc500fe5de9265320ad0.jpg?resize=350%2C200&ssl=1 1x, https:\/\/i0.wp.com\/phys-edu.net\/wp\/wp-content\/uploads\/2025\/06\/abbfe1492397dc500fe5de9265320ad0.jpg?resize=525%2C300&ssl=1 1.5x, https:\/\/i0.wp.com\/phys-edu.net\/wp\/wp-content\/uploads\/2025\/06\/abbfe1492397dc500fe5de9265320ad0.jpg?resize=700%2C400&ssl=1 2x"},"classes":[]},{"id":58216,"url":"https:\/\/phys-edu.net\/wp\/?page_id=58216&lang=fi","url_meta":{"origin":52091,"position":2},"title":"Luonnontieteelliset kokeet","author":"\u6851\u5b50 \u7814","date":"2026\u5e741\u67082\u65e5","format":false,"excerpt":"Jokainen p\u00e4iv\u00e4 on kokeilu. \u3000Haluan, ett\u00e4 kaikki la\u2026","rel":"","context":"\u985e\u4f3c\u6295\u7a3f","block_context":{"text":"\u985e\u4f3c\u6295\u7a3f","link":""},"img":{"alt_text":"","src":"https:\/\/i0.wp.com\/phys-edu.net\/wp\/wp-content\/uploads\/2025\/05\/8492bedffd85ca3b94341648286061c3.jpg?resize=350%2C200&ssl=1","width":350,"height":200,"srcset":"https:\/\/i0.wp.com\/phys-edu.net\/wp\/wp-content\/uploads\/2025\/05\/8492bedffd85ca3b94341648286061c3.jpg?resize=350%2C200&ssl=1 1x, https:\/\/i0.wp.com\/phys-edu.net\/wp\/wp-content\/uploads\/2025\/05\/8492bedffd85ca3b94341648286061c3.jpg?resize=525%2C300&ssl=1 1.5x, https:\/\/i0.wp.com\/phys-edu.net\/wp\/wp-content\/uploads\/2025\/05\/8492bedffd85ca3b94341648286061c3.jpg?resize=700%2C400&ssl=1 2x"},"classes":[]}],"_links":{"self":[{"href":"https:\/\/phys-edu.net\/wp\/index.php?rest_route=\/wp\/v2\/pages\/52091","targetHints":{"allow":["GET"]}}],"collection":[{"href":"https:\/\/phys-edu.net\/wp\/index.php?rest_route=\/wp\/v2\/pages"}],"about":[{"href":"https:\/\/phys-edu.net\/wp\/index.php?rest_route=\/wp\/v2\/types\/page"}],"author":[{"embeddable":true,"href":"https:\/\/phys-edu.net\/wp\/index.php?rest_route=\/wp\/v2\/users\/1"}],"replies":[{"embeddable":true,"href":"https:\/\/phys-edu.net\/wp\/index.php?rest_route=%2Fwp%2Fv2%2Fcomments&post=52091"}],"version-history":[{"count":0,"href":"https:\/\/phys-edu.net\/wp\/index.php?rest_route=\/wp\/v2\/pages\/52091\/revisions"}],"wp:featuredmedia":[{"embeddable":true,"href":"https:\/\/phys-edu.net\/wp\/index.php?rest_route=\/wp\/v2\/media\/49001"}],"wp:attachment":[{"href":"https:\/\/phys-edu.net\/wp\/index.php?rest_route=%2Fwp%2Fv2%2Fmedia&parent=52091"}],"curies":[{"name":"wp","href":"https:\/\/api.w.org\/{rel}","templated":true}]}}