{"id":51470,"date":"2025-09-03T06:23:50","date_gmt":"2025-09-02T21:23:50","guid":{"rendered":"https:\/\/phys-edu.net\/wp\/?page_id=51470"},"modified":"2026-01-25T06:30:45","modified_gmt":"2026-01-24T21:30:45","slug":"%e9%97%9c%e6%96%bc%e9%80%99%e4%b8%aa%e9%83%a8%e8%90%bd%e6%a0%bc","status":"publish","type":"page","link":"https:\/\/phys-edu.net\/wp\/?page_id=51470&lang=zh","title":{"rendered":"\u95dc\u65bc\u9019\u4e2a\u90e8\u843d\u683c"},"content":{"rendered":"<h1><img loading=\"lazy\" decoding=\"async\" class=\"alignnone wp-image-52419 aligncenter\" src=\"https:\/\/phys-edu.net\/wp\/wp-content\/uploads\/2025\/09\/\u30b9\u30af\u30ea\u30fc\u30f3\u30b7\u30e7\u30c3\u30c8-2025-09-16-18.27.54.jpg\" alt=\"\" width=\"568\" height=\"253\" srcset=\"https:\/\/phys-edu.net\/wp\/wp-content\/uploads\/2025\/09\/\u30b9\u30af\u30ea\u30fc\u30f3\u30b7\u30e7\u30c3\u30c8-2025-09-16-18.27.54.jpg 1740w, https:\/\/phys-edu.net\/wp\/wp-content\/uploads\/2025\/09\/\u30b9\u30af\u30ea\u30fc\u30f3\u30b7\u30e7\u30c3\u30c8-2025-09-16-18.27.54-300x134.jpg 300w, https:\/\/phys-edu.net\/wp\/wp-content\/uploads\/2025\/09\/\u30b9\u30af\u30ea\u30fc\u30f3\u30b7\u30e7\u30c3\u30c8-2025-09-16-18.27.54-1024x457.jpg 1024w, https:\/\/phys-edu.net\/wp\/wp-content\/uploads\/2025\/09\/\u30b9\u30af\u30ea\u30fc\u30f3\u30b7\u30e7\u30c3\u30c8-2025-09-16-18.27.54-768x343.jpg 768w, https:\/\/phys-edu.net\/wp\/wp-content\/uploads\/2025\/09\/\u30b9\u30af\u30ea\u30fc\u30f3\u30b7\u30e7\u30c3\u30c8-2025-09-16-18.27.54-1536x685.jpg 1536w\" sizes=\"auto, (max-width: 568px) 100vw, 568px\" \/><\/h1>\r\n<h1 style=\"text-align: center;\"><span style=\"color: #339966;\">\u751f\u6d3b\u8655\u8655\u662f\u5be6\u9a57\u3002<\/span><\/h1>\r\n<p class=\"p1\">\u3000\u60f3\u628a\u79d1\u5b78\u7684\u6a02\u8da3\u8207\u4e0d\u53ef\u601d\u8b70\u5206\u4eab\u7d66\u6bcf\u4e00\u500b\u4eba\uff01\u6211\u5011\u5e0c\u671b\u80fd\u5c07\u90a3\u4efd\u767c\u73fe\u771f\u76f8\u7684\u611f\u52d5\u50b3\u905e\u51fa\u53bb\u3002\u300c\u79d1\u5b78\u9ede\u5b50\u7c3f\u300d\u662f\u4e00\u500b\u96c6\u7d50\u4e86\u6709\u8da3\u79d1\u5b78\u5be6\u9a57\u3001\u751f\u6d3b\u79d1\u5b78\u5e38\u8b58\u7684\u8cc7\u8a0a\u5206\u4eab\u7ad9\u3002\u60f3\u4e86\u89e3\u66f4\u591a\u95dc\u65bc\u6211\u5011\u7684\u6545\u4e8b\uff0c\u8acb\u9ede\u64ca<a href=\"https:\/\/phys-edu.net\/wp\/?page_id=37\">\u9019\u88e1<\/a>\u3002<\/p>\r\n<p style=\"text-align: center;\">\u793e\u7fa4\u8ffd\u8e64\u3000<a href=\"https:\/\/www.facebook.com\/kuwakolab\/\">Facebook<\/a>\uff0f<a href=\"https:\/\/www.instagram.com\/science_seeds\/\">instagram<\/a>\uff0f<a href=\"https:\/\/twitter.com\/kuwako\">X<\/a>\uff0f<a href=\"https:\/\/bsky.app\/profile\/kagakunoneta.bsky.social\">BlueSky<\/a>\uff0f<a href=\"https:\/\/www.threads.net\/@science_seeds?hl=ja\">Threads<\/a><\/p>\r\n<h3 style=\"text-align: center;\">\u7db2\u7ad9\u9078\u55ae<\/h3>\r\n<p><a href=\"https:\/\/phys-edu.net\/wp\/?page_id=30764\">Experiment\uff08\u79d1\u5b78\u5be6\u9a57\uff09<\/a>\u2026 \u9019\u88e1\u6709\u8a31\u591a\u9069\u5408\u5bb6\u9577\u8207\u5b69\u5b50\u4e00\u8d77\u6295\u5165\u3001\u73a9\u5230\u505c\u4e0d\u4e0b\u4f86\u7684\u63a8\u85a6\u5be6\u9a57\u3002\u540c\u6642\u4e5f\u63d0\u4f9b\u80fd\u5e6b\u52a9\u6df1\u5165\u7406\u89e3\u9ad8\u4e2d\u7269\u7406\u7684\u5c08\u696d\u6559\u6750\u3002<\/p>\r\n<p><a href=\"https:\/\/phys-edu.net\/wp\/?page_id=798\"> Materials\uff08\u7406\u79d1\u6559\u6750\uff09<\/a>\u2026 \u6211\u5011\u662f\u7406\u79d1\u8001\u5e2b\u7684\u6700\u5f37\u5f8c\u63f4\uff01\u7cbe\u9078\u591a\u6a23\u5316\u6559\u6750\uff0c\u52a9\u60a8\u63d0\u5347\u6388\u8ab2\u54c1\u8cea\u3001\u6e1b\u8f15\u5099\u8ab2\u8ca0\u64d4\u3002<\/p>\r\n<p><a href=\"http:\/\/phys-edu.net\/wp\/?page_id=20940\"> Seminar\uff08\u8b1b\u5ea7\u8cc7\u8a0a\uff09<\/a> \u2026 \u4ee5\u300c\u5982\u4f55\u50b3\u905e\u79d1\u5b78\u6a02\u8da3\u300d\u70ba\u4e3b\u984c\uff0c\u5728\u5404\u5730\u8209\u8fa6\u8b1b\u5ea7\u8207\u7814\u8a0e\u6703\u3002<\/p>\r\n<p><a href=\"https:\/\/music.youtube.com\/playlist?list=PLoK4ZvKN9S2NgpYIochcQs0aL-vrRB_Qw\"> Podcast\uff08\u79d1\u5b78\u96fb\u53f0\uff09<\/a> \u2026 \u5e7e\u4e4e\u6bcf\u5929\u66f4\u65b0\u6700\u65b0\u79d1\u5b78\u8a71\u984c\uff01\u7d50\u5408\u90e8\u843d\u683c\u5167\u5bb9\u8207AI\u6280\u8853\uff0c\u70ba\u60a8\u5e36\u4f86\u300c\u7528\u8033\u6735\u807d\u300d\u7684\u79d1\u5b78\u76db\u5bb4\u3002<\/p>\r\n<p><a href=\"http:\/\/phys-edu.net\/wp\/?page_id=37\">About\uff08\u95dc\u65bc\u6211\u5011\uff09<\/a> \u2026 \u4ecb\u7d39\u300c\u79d1\u5b78\u9ede\u5b50\u7c3f\u300d\u7684\u7d93\u71df\u7406\u5ff5\uff0c\u4ee5\u53ca\u5275\u8fa6\u4eba\u6851\u5b50\u7814\u7684\u7c21\u4ecb\u8207\u521d\u5fc3\u3002<\/p>\r\n<p><a href=\"https:\/\/phys-edu.net\/wp\/?page_id=188\">Contact\uff08\u806f\u7d61\u6211\u5011\uff09<\/a> \u2026 \u5be6\u9a57\u6559\u5ba4\u9810\u7d04\u3001\u64b0\u7a3f\u9080\u7d04\u3001\u6f14\u8b1b\u8aee\u8a62\u6216\u79d1\u5b78\u76e3\u4fee\u7b49\uff0c\u6b61\u8fce\u900f\u904e\u6b64\u8868\u55ae\u8207\u6211\u5011\u806f\u7e6b\u3002<\/p>\r\n<h3>\u6700\u65b0\u6587\u7ae0<\/h3>\r\n<ul class=\"wp-block-latest-posts__list is-grid columns-3 has-dates wp-block-latest-posts\"><li><div class=\"wp-block-latest-posts__featured-image\"><a href=\"https:\/\/phys-edu.net\/wp\/?p=62577\" aria-label=\"\u3010\u79d1\u5b66\u76e3\u4fee\u3011\u6559\u79d1\u66f8\u3067\u7fd2\u3063\u305f\u30a2\u30ec\uff08\u30c6\u30ec\u30d3\u671d\u65e5\uff09\u672c\u65e5\u3000\u6df1\u591c26:45\u301c\"><img loading=\"lazy\" decoding=\"async\" width=\"150\" height=\"150\" src=\"https:\/\/phys-edu.net\/wp\/wp-content\/uploads\/2026\/03\/\u30b9\u30af\u30ea\u30fc\u30f3\u30b7\u30e7\u30c3\u30c8-2026-03-30-7.16.25-150x150.jpeg\" class=\"attachment-thumbnail size-thumbnail wp-post-image\" alt=\"\" style=\"\" \/><\/a><\/div><a class=\"wp-block-latest-posts__post-title\" href=\"https:\/\/phys-edu.net\/wp\/?p=62577\">\u3010\u79d1\u5b66\u76e3\u4fee\u3011\u6559\u79d1\u66f8\u3067\u7fd2\u3063\u305f\u30a2\u30ec\uff08\u30c6\u30ec\u30d3\u671d\u65e5\uff09\u672c\u65e5\u3000\u6df1\u591c26:45\u301c<\/a><time datetime=\"2026-04-20T06:13:26+09:00\" class=\"wp-block-latest-posts__post-date\">2026\u5e744\u670820\u65e5<\/time><\/li>\n<li><div class=\"wp-block-latest-posts__featured-image\"><a href=\"https:\/\/phys-edu.net\/wp\/?p=62553&#038;lang=fi\" aria-label=\"K\u00e4vyist\u00e4 taikaa! Askartele ekologinen joulukuusi ja opi kasvien viisauksia\"><img loading=\"lazy\" decoding=\"async\" width=\"150\" height=\"150\" src=\"https:\/\/phys-edu.net\/wp\/wp-content\/uploads\/2019\/12\/2-150x150.jpg\" class=\"attachment-thumbnail size-thumbnail wp-post-image\" alt=\"\" style=\"\" \/><\/a><\/div><a class=\"wp-block-latest-posts__post-title\" href=\"https:\/\/phys-edu.net\/wp\/?p=62553&#038;lang=fi\">K\u00e4vyist\u00e4 taikaa! Askartele ekologinen joulukuusi ja opi kasvien viisauksia<\/a><time datetime=\"2026-04-20T04:48:25+09:00\" class=\"wp-block-latest-posts__post-date\">2026\u5e744\u670820\u65e5<\/time><\/li>\n<li><div class=\"wp-block-latest-posts__featured-image\"><a href=\"https:\/\/phys-edu.net\/wp\/?p=62550&#038;lang=hi\" aria-label=\"\u092a\u093e\u0907\u0928\u0915\u094b\u0928 \u0915\u093e \u091c\u093e\u0926\u0942! \u092a\u094d\u0930\u0915\u0943\u0924\u093f \u0915\u0947 \u0930\u0939\u0938\u094d\u092f \u0938\u0940\u0916\u0947\u0902 \u0914\u0930 \u092c\u0928\u093e\u090f\u0902 \u0905\u092a\u0928\u093e \u0907\u0915\u094b-\u092b\u094d\u0930\u0947\u0902\u0921\u0932\u0940 \u0915\u094d\u0930\u093f\u0938\u092e\u0938 \u091f\u094d\u0930\u0940\"><img loading=\"lazy\" decoding=\"async\" width=\"150\" height=\"150\" src=\"https:\/\/phys-edu.net\/wp\/wp-content\/uploads\/2019\/12\/2-150x150.jpg\" class=\"attachment-thumbnail size-thumbnail wp-post-image\" alt=\"\" style=\"\" \/><\/a><\/div><a class=\"wp-block-latest-posts__post-title\" href=\"https:\/\/phys-edu.net\/wp\/?p=62550&#038;lang=hi\">\u092a\u093e\u0907\u0928\u0915\u094b\u0928 \u0915\u093e \u091c\u093e\u0926\u0942! \u092a\u094d\u0930\u0915\u0943\u0924\u093f \u0915\u0947 \u0930\u0939\u0938\u094d\u092f \u0938\u0940\u0916\u0947\u0902 \u0914\u0930 \u092c\u0928\u093e\u090f\u0902 \u0905\u092a\u0928\u093e \u0907\u0915\u094b-\u092b\u094d\u0930\u0947\u0902\u0921\u0932\u0940 \u0915\u094d\u0930\u093f\u0938\u092e\u0938 \u091f\u094d\u0930\u0940<\/a><time datetime=\"2026-04-20T04:48:09+09:00\" class=\"wp-block-latest-posts__post-date\">2026\u5e744\u670820\u65e5<\/time><\/li>\n<li><div class=\"wp-block-latest-posts__featured-image\"><a href=\"https:\/\/phys-edu.net\/wp\/?p=62547&#038;lang=es\" aria-label=\"\u00a1Magia con pi\u00f1as de pino! Crea tu \u00e1rbol de Navidad ecol\u00f3gico y descubre los secretos de la naturaleza\"><img loading=\"lazy\" decoding=\"async\" width=\"150\" height=\"150\" src=\"https:\/\/phys-edu.net\/wp\/wp-content\/uploads\/2019\/12\/2-150x150.jpg\" class=\"attachment-thumbnail size-thumbnail wp-post-image\" alt=\"\" style=\"\" \/><\/a><\/div><a class=\"wp-block-latest-posts__post-title\" href=\"https:\/\/phys-edu.net\/wp\/?p=62547&#038;lang=es\">\u00a1Magia con pi\u00f1as de pino! Crea tu \u00e1rbol de Navidad ecol\u00f3gico y descubre los secretos de la naturaleza<\/a><time datetime=\"2026-04-20T04:47:27+09:00\" class=\"wp-block-latest-posts__post-date\">2026\u5e744\u670820\u65e5<\/time><\/li>\n<li><div class=\"wp-block-latest-posts__featured-image\"><a href=\"https:\/\/phys-edu.net\/wp\/?p=62545&#038;lang=zh\" aria-label=\"\u64bf\u4f86\u7684\u677e\u679c\u5927\u8b8a\u8eab\uff01\u908a\u5b78\u690d\u7269\u5967\u79d8\uff0c\u908a\u52d5\u624b\u505a\u74b0\u4fdd\u8056\u8a95\u6a39\"><img loading=\"lazy\" decoding=\"async\" width=\"150\" height=\"150\" src=\"https:\/\/phys-edu.net\/wp\/wp-content\/uploads\/2019\/12\/2-150x150.jpg\" class=\"attachment-thumbnail size-thumbnail wp-post-image\" alt=\"\" style=\"\" \/><\/a><\/div><a class=\"wp-block-latest-posts__post-title\" href=\"https:\/\/phys-edu.net\/wp\/?p=62545&#038;lang=zh\">\u64bf\u4f86\u7684\u677e\u679c\u5927\u8b8a\u8eab\uff01\u908a\u5b78\u690d\u7269\u5967\u79d8\uff0c\u908a\u52d5\u624b\u505a\u74b0\u4fdd\u8056\u8a95\u6a39<\/a><time datetime=\"2026-04-20T04:46:51+09:00\" class=\"wp-block-latest-posts__post-date\">2026\u5e744\u670820\u65e5<\/time><\/li>\n<li><div class=\"wp-block-latest-posts__featured-image\"><a href=\"https:\/\/phys-edu.net\/wp\/?p=62543&#038;lang=ko\" aria-label=\"\uc8fc\uc6b4 \uc194\ubc29\uc6b8\uc758 \ub300\ubcc0\uc2e0! \uc790\uc5f0\uc758 \uc9c0\ud61c\ub97c \ubc30\uc6b0\uba70 \ub9cc\ub4dc\ub294 \uc5d0\ucf54 \ud06c\ub9ac\uc2a4\ub9c8\uc2a4 \ud2b8\ub9ac\"><img loading=\"lazy\" decoding=\"async\" width=\"150\" height=\"150\" src=\"https:\/\/phys-edu.net\/wp\/wp-content\/uploads\/2019\/12\/2-150x150.jpg\" class=\"attachment-thumbnail size-thumbnail wp-post-image\" alt=\"\" style=\"\" \/><\/a><\/div><a class=\"wp-block-latest-posts__post-title\" href=\"https:\/\/phys-edu.net\/wp\/?p=62543&#038;lang=ko\">\uc8fc\uc6b4 \uc194\ubc29\uc6b8\uc758 \ub300\ubcc0\uc2e0! \uc790\uc5f0\uc758 \uc9c0\ud61c\ub97c \ubc30\uc6b0\uba70 \ub9cc\ub4dc\ub294 \uc5d0\ucf54 \ud06c\ub9ac\uc2a4\ub9c8\uc2a4 \ud2b8\ub9ac<\/a><time datetime=\"2026-04-20T04:46:18+09:00\" class=\"wp-block-latest-posts__post-date\">2026\u5e744\u670820\u65e5<\/time><\/li>\n<li><div class=\"wp-block-latest-posts__featured-image\"><a href=\"https:\/\/phys-edu.net\/wp\/?p=62541&#038;lang=en\" aria-label=\"Pinecone Magic! Craft an Eco-Friendly Christmas Tree &#038; Discover Nature&#8217;s Secrets\"><img loading=\"lazy\" decoding=\"async\" width=\"150\" height=\"150\" src=\"https:\/\/phys-edu.net\/wp\/wp-content\/uploads\/2019\/12\/2-150x150.jpg\" class=\"attachment-thumbnail size-thumbnail wp-post-image\" alt=\"\" style=\"\" \/><\/a><\/div><a class=\"wp-block-latest-posts__post-title\" href=\"https:\/\/phys-edu.net\/wp\/?p=62541&#038;lang=en\">Pinecone Magic! Craft an Eco-Friendly Christmas Tree &#038; Discover Nature&#8217;s Secrets<\/a><time datetime=\"2026-04-20T04:46:04+09:00\" class=\"wp-block-latest-posts__post-date\">2026\u5e744\u670820\u65e5<\/time><\/li>\n<li><div class=\"wp-block-latest-posts__featured-image\"><a href=\"https:\/\/phys-edu.net\/wp\/?p=38139\" aria-label=\"\u30de\u30c4\u30dc\u30c3\u30af\u30ea\u306f\u3069\u3053\u304b\u3089\u6765\u308b\uff1f\u30de\u30c4\u306e\u82b1\u3068\u7a2e\u306e\u79d8\u5bc6\u3092\u63a2\u308b\u89b3\u5bdf\u6388\u696d\uff01\uff08\u4e2d\uff11 \u751f\u7269\uff09\"><img loading=\"lazy\" decoding=\"async\" width=\"150\" height=\"150\" src=\"https:\/\/phys-edu.net\/wp\/wp-content\/uploads\/2025\/11\/\u30b9\u30af\u30ea\u30fc\u30f3\u30b7\u30e7\u30c3\u30c8-2026-04-20-4.26.24-150x150.jpeg\" class=\"attachment-thumbnail size-thumbnail wp-post-image\" alt=\"\" style=\"\" \/><\/a><\/div><a class=\"wp-block-latest-posts__post-title\" href=\"https:\/\/phys-edu.net\/wp\/?p=38139\">\u30de\u30c4\u30dc\u30c3\u30af\u30ea\u306f\u3069\u3053\u304b\u3089\u6765\u308b\uff1f\u30de\u30c4\u306e\u82b1\u3068\u7a2e\u306e\u79d8\u5bc6\u3092\u63a2\u308b\u89b3\u5bdf\u6388\u696d\uff01\uff08\u4e2d\uff11 \u751f\u7269\uff09<\/a><time datetime=\"2026-04-20T04:30:10+09:00\" class=\"wp-block-latest-posts__post-date\">2026\u5e744\u670820\u65e5<\/time><\/li>\n<li><div class=\"wp-block-latest-posts__featured-image\"><a href=\"https:\/\/phys-edu.net\/wp\/?p=40593\" aria-label=\"\u6e96\u5099\u30e9\u30af\u30e9\u30af\uff01\u6c34\u716e\u7f36\u30fb\u51b7\u51cd\u30a2\u30b5\u30ea\u306e\u89e3\u5256\u3067\u7121\u810a\u690e\u52d5\u7269\u306e\u30d2\u30df\u30c4\u306b\u8feb\u308b\uff01\uff08\u30ef\u30fc\u30af\u30b7\u30fc\u30c8\u4ed8\uff09\"><img loading=\"lazy\" decoding=\"async\" width=\"150\" height=\"150\" src=\"https:\/\/phys-edu.net\/wp\/wp-content\/uploads\/2025\/07\/\u30b9\u30af\u30ea\u30fc\u30f3\u30b7\u30e7\u30c3\u30c8-2026-02-05-17.47.51-150x150.jpeg\" class=\"attachment-thumbnail size-thumbnail wp-post-image\" alt=\"\" style=\"\" \/><\/a><\/div><a class=\"wp-block-latest-posts__post-title\" href=\"https:\/\/phys-edu.net\/wp\/?p=40593\">\u6e96\u5099\u30e9\u30af\u30e9\u30af\uff01\u6c34\u716e\u7f36\u30fb\u51b7\u51cd\u30a2\u30b5\u30ea\u306e\u89e3\u5256\u3067\u7121\u810a\u690e\u52d5\u7269\u306e\u30d2\u30df\u30c4\u306b\u8feb\u308b\uff01\uff08\u30ef\u30fc\u30af\u30b7\u30fc\u30c8\u4ed8\uff09<\/a><time datetime=\"2026-04-20T04:21:11+09:00\" class=\"wp-block-latest-posts__post-date\">2026\u5e744\u670820\u65e5<\/time><\/li>\n<\/ul>\r\n\r\n","protected":false},"excerpt":{"rendered":"<p>\u751f\u6d3b\u8655\u8655\u662f\u5be6\u9a57\u3002 \u3000\u60f3\u628a\u79d1\u5b78\u7684\u6a02\u8da3\u8207\u4e0d\u53ef\u601d\u8b70\u5206\u4eab\u7d66\u6bcf\u4e00\u500b\u4eba\uff01\u6211\u5011\u5e0c\u671b\u80fd\u5c07\u90a3\u4efd\u767c\u73fe\u771f\u76f8\u7684\u611f\u52d5\u50b3\u905e\u51fa\u53bb\u3002\u300c\u79d1\u5b78\u9ede\u5b50\u7c3f\u300d\u662f\u4e00\u500b\u96c6\u7d50\u4e86\u6709\u8da3\u79d1\u5b78\u5be6\u9a57\u3001\u751f\u6d3b\u79d1\u5b78\u5e38\u8b58\u7684\u8cc7\u8a0a\u5206\u4eab\u7ad9\u3002\u60f3\u4e86\u89e3\u66f4\u591a\u95dc\u65bc\u6211\u5011\u7684\u6545\u4e8b\uff0c\u8acb\u9ede\u64ca\u9019\u88e1\u3002 \u793e\u7fa4\u8ffd\u8e64\u3000Fa [&hellip;]<\/p>\n","protected":false},"author":1,"featured_media":49001,"parent":0,"menu_order":0,"comment_status":"closed","ping_status":"open","template":"","meta":{"_sitemap_exclude":false,"_sitemap_priority":"","_sitemap_frequency":"","vkexunit_cta_each_option":"","footnotes":""},"class_list":["post-51470","page","type-page","status-publish","has-post-thumbnail","hentry"],"jetpack-related-posts":[{"id":51418,"url":"https:\/\/phys-edu.net\/wp\/?page_id=51418&lang=zh","url_meta":{"origin":51470,"position":0},"title":"\u300c\u79d1\u5b78\u7684\u7b46\u8a18\u7c3f\u300d\u662f\u5565\u7269\uff1f","author":"\u6851\u5b50 \u7814","date":"2025\u5e749\u67082\u65e5","format":false,"excerpt":"\u79d1\u5b78\u6559\u7df4 \u6851\u5b50\u7814 \u8eab\u70ba\u4e00\u540d\u300c\u79d1\u5b78\u6559\u7df4\u300d\uff0c\u6211\u9577\u671f\u81f4\u529b\u65bc\u5411\u5927\u773e\u50b3\u905e\u79d1\u5b78\u7684\u9b45\u529b\u3002\u6211\u7684\u6d3b\u52d5\u7bc4\u570d\u975e\u5e38\u5ee3\u6cdb\uff0c\u5305\u62ec\u2026","rel":"","context":"\u985e\u4f3c\u6295\u7a3f","block_context":{"text":"\u985e\u4f3c\u6295\u7a3f","link":""},"img":{"alt_text":"","src":"https:\/\/i0.wp.com\/phys-edu.net\/wp\/wp-content\/uploads\/2025\/05\/8492bedffd85ca3b94341648286061c3.jpg?resize=350%2C200&ssl=1","width":350,"height":200,"srcset":"https:\/\/i0.wp.com\/phys-edu.net\/wp\/wp-content\/uploads\/2025\/05\/8492bedffd85ca3b94341648286061c3.jpg?resize=350%2C200&ssl=1 1x, https:\/\/i0.wp.com\/phys-edu.net\/wp\/wp-content\/uploads\/2025\/05\/8492bedffd85ca3b94341648286061c3.jpg?resize=525%2C300&ssl=1 1.5x, https:\/\/i0.wp.com\/phys-edu.net\/wp\/wp-content\/uploads\/2025\/05\/8492bedffd85ca3b94341648286061c3.jpg?resize=700%2C400&ssl=1 2x"},"classes":[]},{"id":58210,"url":"https:\/\/phys-edu.net\/wp\/?page_id=58210&lang=zh","url_meta":{"origin":51470,"position":1},"title":"\u79d1\u5b78\u5be6\u9a57","author":"\u6851\u5b50 \u7814","date":"2026\u5e741\u67082\u65e5","format":false,"excerpt":"\u751f\u6d3b\u8655\u8655\u662f\u5be6\u9a57\u3002 \u3000\u4e0d\u7ba1\u662f\u79d1\u5b78\u5c0f\u904a\u6232\u9084\u662f\u7c21\u55ae\u7684\u5be6\u9a57\uff0c\u6211\u90fd\u5e0c\u671b\u5f9e\u5c0f\u5b69\u5230\u5927\u4eba\uff0c\u6bcf\u500b\u4eba\u90fd\u80fd\u4eab\u53d7\u79d1\u5b78\u7684\u6a02\u8da3\uff01\u2026","rel":"","context":"\u985e\u4f3c\u6295\u7a3f","block_context":{"text":"\u985e\u4f3c\u6295\u7a3f","link":""},"img":{"alt_text":"","src":"https:\/\/i0.wp.com\/phys-edu.net\/wp\/wp-content\/uploads\/2025\/05\/8492bedffd85ca3b94341648286061c3.jpg?resize=350%2C200&ssl=1","width":350,"height":200,"srcset":"https:\/\/i0.wp.com\/phys-edu.net\/wp\/wp-content\/uploads\/2025\/05\/8492bedffd85ca3b94341648286061c3.jpg?resize=350%2C200&ssl=1 1x, https:\/\/i0.wp.com\/phys-edu.net\/wp\/wp-content\/uploads\/2025\/05\/8492bedffd85ca3b94341648286061c3.jpg?resize=525%2C300&ssl=1 1.5x, https:\/\/i0.wp.com\/phys-edu.net\/wp\/wp-content\/uploads\/2025\/05\/8492bedffd85ca3b94341648286061c3.jpg?resize=700%2C400&ssl=1 2x"},"classes":[]},{"id":51405,"url":"https:\/\/phys-edu.net\/wp\/?page_id=51405&lang=zh","url_meta":{"origin":51470,"position":2},"title":"\u81ea\u7136\u79d1\u5b78\u6559\u6750","author":"\u6851\u5b50 \u7814","date":"2025\u5e749\u67082\u65e5","format":false,"excerpt":"\u962e\u662f\u79d1\u5b78\u6559\u7df4\u6851\u5b50\u7814\u3002\u6bcf\u4e00\u5de5\u650f\u662f\u5be6\u9a57\u3002 \u9019\u4e2a\u7db2\u9801\u54a7\u4ecb\u7d39\u962e\u5bb6\u5df1\u505a\u7684\u79d1\u5b78\u6559\u6750\u4f6e\u5be6\u9a57\u65b9\u6cd5\u3002\u672c\u5e95\u662f\u5bb6\u5df1\u5beb\u4f86\u505a\u7b46\u2026","rel":"","context":"\u985e\u4f3c\u6295\u7a3f","block_context":{"text":"\u985e\u4f3c\u6295\u7a3f","link":""},"img":{"alt_text":"","src":"https:\/\/i0.wp.com\/phys-edu.net\/wp\/wp-content\/uploads\/2025\/06\/abbfe1492397dc500fe5de9265320ad0.jpg?resize=350%2C200&ssl=1","width":350,"height":200,"srcset":"https:\/\/i0.wp.com\/phys-edu.net\/wp\/wp-content\/uploads\/2025\/06\/abbfe1492397dc500fe5de9265320ad0.jpg?resize=350%2C200&ssl=1 1x, https:\/\/i0.wp.com\/phys-edu.net\/wp\/wp-content\/uploads\/2025\/06\/abbfe1492397dc500fe5de9265320ad0.jpg?resize=525%2C300&ssl=1 1.5x, https:\/\/i0.wp.com\/phys-edu.net\/wp\/wp-content\/uploads\/2025\/06\/abbfe1492397dc500fe5de9265320ad0.jpg?resize=700%2C400&ssl=1 2x"},"classes":[]}],"_links":{"self":[{"href":"https:\/\/phys-edu.net\/wp\/index.php?rest_route=\/wp\/v2\/pages\/51470","targetHints":{"allow":["GET"]}}],"collection":[{"href":"https:\/\/phys-edu.net\/wp\/index.php?rest_route=\/wp\/v2\/pages"}],"about":[{"href":"https:\/\/phys-edu.net\/wp\/index.php?rest_route=\/wp\/v2\/types\/page"}],"author":[{"embeddable":true,"href":"https:\/\/phys-edu.net\/wp\/index.php?rest_route=\/wp\/v2\/users\/1"}],"replies":[{"embeddable":true,"href":"https:\/\/phys-edu.net\/wp\/index.php?rest_route=%2Fwp%2Fv2%2Fcomments&post=51470"}],"version-history":[{"count":0,"href":"https:\/\/phys-edu.net\/wp\/index.php?rest_route=\/wp\/v2\/pages\/51470\/revisions"}],"wp:featuredmedia":[{"embeddable":true,"href":"https:\/\/phys-edu.net\/wp\/index.php?rest_route=\/wp\/v2\/media\/49001"}],"wp:attachment":[{"href":"https:\/\/phys-edu.net\/wp\/index.php?rest_route=%2Fwp%2Fv2%2Fmedia&parent=51470"}],"curies":[{"name":"wp","href":"https:\/\/api.w.org\/{rel}","templated":true}]}}