{"id":51467,"date":"2025-09-03T06:22:56","date_gmt":"2025-09-02T21:22:56","guid":{"rendered":"https:\/\/phys-edu.net\/wp\/?page_id=51467"},"modified":"2026-01-25T06:31:03","modified_gmt":"2026-01-24T21:31:03","slug":"%e0%a4%87%e0%a4%b8-%e0%a4%ac%e0%a5%8d%e0%a4%b2%e0%a5%89%e0%a4%97-%e0%a4%95%e0%a5%87-%e0%a4%ac%e0%a4%be%e0%a4%b0%e0%a5%87-%e0%a4%ae%e0%a5%87%e0%a4%82","status":"publish","type":"page","link":"https:\/\/phys-edu.net\/wp\/?page_id=51467&lang=hi","title":{"rendered":"\u0907\u0938 \u092c\u094d\u0932\u0949\u0917 \u0915\u0947 \u092c\u093e\u0930\u0947 \u092e\u0947\u0902"},"content":{"rendered":"<h1><img loading=\"lazy\" decoding=\"async\" class=\"alignnone wp-image-52419 aligncenter\" src=\"https:\/\/phys-edu.net\/wp\/wp-content\/uploads\/2025\/09\/\u30b9\u30af\u30ea\u30fc\u30f3\u30b7\u30e7\u30c3\u30c8-2025-09-16-18.27.54.jpg\" alt=\"\" width=\"568\" height=\"253\" srcset=\"https:\/\/phys-edu.net\/wp\/wp-content\/uploads\/2025\/09\/\u30b9\u30af\u30ea\u30fc\u30f3\u30b7\u30e7\u30c3\u30c8-2025-09-16-18.27.54.jpg 1740w, https:\/\/phys-edu.net\/wp\/wp-content\/uploads\/2025\/09\/\u30b9\u30af\u30ea\u30fc\u30f3\u30b7\u30e7\u30c3\u30c8-2025-09-16-18.27.54-300x134.jpg 300w, https:\/\/phys-edu.net\/wp\/wp-content\/uploads\/2025\/09\/\u30b9\u30af\u30ea\u30fc\u30f3\u30b7\u30e7\u30c3\u30c8-2025-09-16-18.27.54-1024x457.jpg 1024w, https:\/\/phys-edu.net\/wp\/wp-content\/uploads\/2025\/09\/\u30b9\u30af\u30ea\u30fc\u30f3\u30b7\u30e7\u30c3\u30c8-2025-09-16-18.27.54-768x343.jpg 768w, https:\/\/phys-edu.net\/wp\/wp-content\/uploads\/2025\/09\/\u30b9\u30af\u30ea\u30fc\u30f3\u30b7\u30e7\u30c3\u30c8-2025-09-16-18.27.54-1536x685.jpg 1536w\" sizes=\"auto, (max-width: 568px) 100vw, 568px\" \/><\/h1>\r\n<h1 style=\"text-align: center;\"><span style=\"color: #339966;\">\u0939\u0930 \u0926\u093f\u0928 \u090f\u0915 \u0928\u092f\u093e \u092a\u094d\u0930\u092f\u094b\u0917\u0964<\/span><\/h1>\r\n<p class=\"p1\">\u0939\u092e \u0935\u093f\u091c\u094d\u091e\u093e\u0928 \u0915\u0947 \u0906\u0928\u0902\u0926 \u0914\u0930 \u0909\u0938\u0915\u0947 \u0930\u0939\u0938\u094d\u092f\u094b\u0902 \u0915\u094b \u0938\u092c\u0915\u0947 \u0938\u093e\u0925 \u0938\u093e\u091d\u093e \u0915\u0930\u0928\u093e \u091a\u093e\u0939\u0924\u0947 \u0939\u0948\u0902\u0964 \u0939\u092e\u093e\u0930\u093e \u0932\u0915\u094d\u0937\u094d\u092f \u0939\u0948 \u0915\u093f \u0935\u093f\u091c\u094d\u091e\u093e\u0928 \u0915\u093e \u0930\u094b\u092e\u093e\u0902\u091a \u0939\u0930 \u0915\u093f\u0938\u0940 \u0915\u0947 \u0926\u093f\u0932 \u0924\u0915 \u092a\u0939\u0941\u0901\u091a\u0947! &#8220;Kagaku no Netacho&#8221; \u090f\u0915 \u0910\u0938\u0940 \u0935\u093f\u091c\u094d\u091e\u093e\u0928 \u0938\u0942\u091a\u0928\u093e \u0938\u093e\u0907\u091f \u0939\u0948 \u091c\u0939\u093e\u0901 \u0906\u092a\u0915\u094b \u092e\u091c\u093c\u0947\u0926\u093e\u0930 \u092a\u094d\u0930\u092f\u094b\u0917\u094b\u0902 \u0915\u0940 \u091c\u093e\u0928\u0915\u093e\u0930\u0940 \u0914\u0930 \u0930\u094b\u091c\u093c\u092e\u0930\u094d\u0930\u093e \u0915\u0940 \u091c\u093c\u093f\u0902\u0926\u0917\u0940 \u0938\u0947 \u091c\u0941\u0921\u093c\u093e \u0935\u093f\u091c\u094d\u091e\u093e\u0928 \u092e\u093f\u0932\u0947\u0917\u093e\u0964 \u0905\u0927\u093f\u0915 \u091c\u093e\u0928\u0915\u093e\u0930\u0940 \u0915\u0947 \u0932\u093f\u090f <a href=\"https:\/\/phys-edu.net\/wp\/?page_id=37\">\u092f\u0939\u093e\u0901 \u0915\u094d\u0932\u093f\u0915 \u0915\u0930\u0947\u0902<\/a>\u0964<\/p>\r\n<p style=\"text-align: center;\">SNS \u092a\u0930 \u0939\u092e\u093e\u0930\u0947 \u0938\u093e\u0925 \u091c\u0941\u0921\u093c\u0947\u0902: <a href=\"https:\/\/www.facebook.com\/kuwakolab\/\">Facebook<\/a>\uff0f<a href=\"https:\/\/www.instagram.com\/science_seeds\/\">instagram<\/a>\uff0f<a href=\"https:\/\/twitter.com\/kuwako\">X<\/a>\uff0f<a href=\"https:\/\/bsky.app\/profile\/kagakunoneta.bsky.social\">BlueSky<\/a>\uff0f<a href=\"https:\/\/www.threads.net\/@science_seeds?hl=ja\">Threads<\/a><\/p>\r\n<h3 style=\"text-align: center;\"><strong>Menu<\/strong><\/h3>\r\n<p><a href=\"https:\/\/phys-edu.net\/wp\/?page_id=30764\">Experiment (\u092a\u094d\u0930\u092f\u094b\u0917\u094b\u0902 \u0915\u093e \u092a\u0930\u093f\u091a\u092f)<\/a>\u2026 \u092f\u0939\u093e\u0901 \u0915\u0908 \u0910\u0938\u0947 \u092c\u0947\u0939\u0924\u0930\u0940\u0928 \u0935\u093f\u091c\u094d\u091e\u093e\u0928 \u092a\u094d\u0930\u092f\u094b\u0917 \u0926\u093f\u090f \u0917\u090f \u0939\u0948\u0902 \u091c\u093f\u0928\u094d\u0939\u0947\u0902 \u0906\u092a \u0905\u092a\u0928\u0947 \u092c\u091a\u094d\u091a\u094b\u0902 \u0915\u0947 \u0938\u093e\u0925 \u092e\u093f\u0932\u0915\u0930 \u0915\u0930 \u0938\u0915\u0924\u0947 \u0939\u0948\u0902\u0964 \u0938\u093e\u0925 \u0939\u0940, \u0939\u093e\u0908 \u0938\u094d\u0915\u0942\u0932 \u092b\u093f\u091c\u093f\u0915\u094d\u0938 \u0915\u0940 \u0917\u0939\u0930\u0940 \u0938\u092e\u091d \u0915\u0947 \u0932\u093f\u090f \u092a\u094d\u0930\u093e\u092e\u093e\u0923\u093f\u0915 \u0936\u093f\u0915\u094d\u0937\u0923 \u0938\u093e\u092e\u0917\u094d\u0930\u0940 \u092d\u0940 \u0909\u092a\u0932\u092c\u094d\u0927 \u0939\u0948\u0964<\/p>\r\n<p><a href=\"https:\/\/phys-edu.net\/wp\/?page_id=798\"> Materials (\u0935\u093f\u091c\u094d\u091e\u093e\u0928 \u0936\u093f\u0915\u094d\u0937\u0923 \u0938\u093e\u092e\u0917\u094d\u0930\u0940)<\/a>\u2026 \u0939\u092e \u0935\u093f\u091c\u094d\u091e\u093e\u0928 \u0936\u093f\u0915\u094d\u0937\u0915\u094b\u0902 \u0915\u0940 \u092e\u0926\u0926 \u0915\u0930\u0924\u0947 \u0939\u0948\u0902! \u092f\u0939\u093e\u0901 \u0910\u0938\u0940 \u091a\u0941\u0928\u093f\u0902\u0926\u093e \u0938\u093e\u092e\u0917\u094d\u0930\u0940 \u0939\u0948 \u091c\u094b \u092a\u093e\u0920 \u0915\u0940 \u0917\u0941\u0923\u0935\u0924\u094d\u0924\u093e \u092c\u0922\u093c\u093e\u0928\u0947 \u0914\u0930 \u0924\u0948\u092f\u093e\u0930\u0940 \u0915\u094b \u0906\u0938\u093e\u0928 \u092c\u0928\u093e\u0928\u0947 \u092e\u0947\u0902 \u0938\u0939\u093e\u092f\u0915 \u0939\u0948\u0964<\/p>\r\n<p><a href=\"http:\/\/phys-edu.net\/wp\/?page_id=20940\"> Seminar (\u0935\u094d\u092f\u093e\u0916\u094d\u092f\u093e\u0928)<\/a> \u2026 &#8220;\u0935\u093f\u091c\u094d\u091e\u093e\u0928 \u0915\u0940 \u0916\u0941\u0936\u093f\u092f\u094b\u0902 \u0915\u094b \u0926\u0942\u0938\u0930\u094b\u0902 \u0924\u0915 \u0915\u0948\u0938\u0947 \u092a\u0939\u0941\u0901\u091a\u093e\u090f\u0901&#8221; \u0907\u0938 \u0935\u093f\u0937\u092f \u092a\u0930 \u0939\u092e \u0926\u0947\u0936 \u092d\u0930 \u092e\u0947\u0902 \u0935\u094d\u092f\u093e\u0916\u094d\u092f\u093e\u0928 \u0914\u0930 \u0938\u0947\u092e\u093f\u0928\u093e\u0930 \u0906\u092f\u094b\u091c\u093f\u0924 \u0915\u0930\u0924\u0947 \u0939\u0948\u0902\u0964<\/p>\r\n<p><a href=\"https:\/\/music.youtube.com\/playlist?list=PLoK4ZvKN9S2NgpYIochcQs0aL-vrRB_Qw\"> Podcast (\u0935\u093f\u091c\u094d\u091e\u093e\u0928 \u0930\u0947\u0921\u093f\u092f\u094b)<\/a> \u2026 \u0935\u093f\u091c\u094d\u091e\u093e\u0928 \u0915\u0947 \u0928\u0935\u0940\u0928\u0924\u092e \u0935\u093f\u0937\u092f\u094b\u0902 \u092a\u0930 \u0932\u0917\u092d\u0917 \u0939\u0930 \u0926\u093f\u0928 \u0905\u092a\u0921\u0947\u091f! \u092c\u094d\u0932\u0949\u0917 \u0932\u0947\u0916\u094b\u0902 \u0915\u0947 \u0906\u0927\u093e\u0930 \u092a\u0930 AI \u0924\u0915\u0928\u0940\u0915 \u0915\u093e \u0909\u092a\u092f\u094b\u0917 \u0915\u0930\u0915\u0947 \u092c\u0928\u093e\u092f\u093e \u0917\u092f\u093e &#8220;\u0915\u093e\u0928\u094b\u0902 \u0915\u0947 \u0932\u093f\u090f \u0935\u093f\u091c\u094d\u091e\u093e\u0928&#8221; \u0915\u093e \u0906\u0928\u0902\u0926 \u0932\u0947\u0902\u0964<\/p>\r\n<p><a href=\"http:\/\/phys-edu.net\/wp\/?page_id=37\">About (\u0939\u092e\u093e\u0930\u0947 \u092c\u093e\u0930\u0947 \u092e\u0947\u0902)<\/a> \u2026 \u092f\u0939\u093e\u0901 &#8220;Kagaku no Netacho&#8221; \u0915\u0940 \u0905\u0935\u0927\u093e\u0930\u0923\u093e \u0914\u0930 \u0907\u0938\u0915\u0947 \u0938\u0902\u091a\u093e\u0932\u0915 \u0915\u0947\u0928 \u0915\u0941\u0935\u093e\u0915\u094b \u0915\u0947 \u092a\u094d\u0930\u094b\u092b\u093e\u0907\u0932 \u0914\u0930 \u0909\u0928\u0915\u0947 \u0935\u093f\u091a\u093e\u0930\u094b\u0902 \u0915\u093e \u0938\u0902\u0917\u094d\u0930\u0939 \u0939\u0948\u0964<\/p>\r\n<p><a href=\"https:\/\/phys-edu.net\/wp\/?page_id=188\">Contact (\u0938\u0902\u092a\u0930\u094d\u0915 \u0915\u0930\u0947\u0902)<\/a> \u2026 \u092a\u094d\u0930\u092f\u094b\u0917 \u0915\u0915\u094d\u0937\u093e\u0913\u0902 \u0915\u0947 \u0905\u0928\u0941\u0930\u094b\u0927, \u0932\u0947\u0916\u0928\/\u0935\u094d\u092f\u093e\u0916\u094d\u092f\u093e\u0928 \u0915\u0947 \u092a\u0930\u093e\u092e\u0930\u094d\u0936 \u092f\u093e \u0935\u093f\u091c\u094d\u091e\u093e\u0928 \u092a\u0930\u094d\u092f\u0935\u0947\u0915\u094d\u0937\u0923 \u0915\u0947 \u0932\u093f\u090f \u0915\u0943\u092a\u092f\u093e \u0907\u0938 \u092b\u0949\u0930\u094d\u092e \u0915\u093e \u0909\u092a\u092f\u094b\u0917 \u0915\u0930\u0947\u0902\u0964<\/p>\r\n<h3>\u0928\u0935\u0940\u0928\u0924\u092e \u0932\u0947\u0916<\/h3>\r\n<ul class=\"wp-block-latest-posts__list is-grid columns-3 has-dates wp-block-latest-posts\"><li><div class=\"wp-block-latest-posts__featured-image\"><a href=\"https:\/\/phys-edu.net\/wp\/?p=62577\" aria-label=\"\u3010\u79d1\u5b66\u76e3\u4fee\u3011\u6559\u79d1\u66f8\u3067\u7fd2\u3063\u305f\u30a2\u30ec\uff08\u30c6\u30ec\u30d3\u671d\u65e5\uff09\u672c\u65e5\u3000\u6df1\u591c26:45\u301c\"><img loading=\"lazy\" decoding=\"async\" width=\"150\" height=\"150\" src=\"https:\/\/phys-edu.net\/wp\/wp-content\/uploads\/2026\/03\/\u30b9\u30af\u30ea\u30fc\u30f3\u30b7\u30e7\u30c3\u30c8-2026-03-30-7.16.25-150x150.jpeg\" class=\"attachment-thumbnail size-thumbnail wp-post-image\" alt=\"\" style=\"\" \/><\/a><\/div><a class=\"wp-block-latest-posts__post-title\" href=\"https:\/\/phys-edu.net\/wp\/?p=62577\">\u3010\u79d1\u5b66\u76e3\u4fee\u3011\u6559\u79d1\u66f8\u3067\u7fd2\u3063\u305f\u30a2\u30ec\uff08\u30c6\u30ec\u30d3\u671d\u65e5\uff09\u672c\u65e5\u3000\u6df1\u591c26:45\u301c<\/a><time datetime=\"2026-04-20T06:13:26+09:00\" class=\"wp-block-latest-posts__post-date\">2026\u5e744\u670820\u65e5<\/time><\/li>\n<li><div class=\"wp-block-latest-posts__featured-image\"><a href=\"https:\/\/phys-edu.net\/wp\/?p=62553&#038;lang=fi\" aria-label=\"K\u00e4vyist\u00e4 taikaa! Askartele ekologinen joulukuusi ja opi kasvien viisauksia\"><img loading=\"lazy\" decoding=\"async\" width=\"150\" height=\"150\" src=\"https:\/\/phys-edu.net\/wp\/wp-content\/uploads\/2019\/12\/2-150x150.jpg\" class=\"attachment-thumbnail size-thumbnail wp-post-image\" alt=\"\" style=\"\" \/><\/a><\/div><a class=\"wp-block-latest-posts__post-title\" href=\"https:\/\/phys-edu.net\/wp\/?p=62553&#038;lang=fi\">K\u00e4vyist\u00e4 taikaa! Askartele ekologinen joulukuusi ja opi kasvien viisauksia<\/a><time datetime=\"2026-04-20T04:48:25+09:00\" class=\"wp-block-latest-posts__post-date\">2026\u5e744\u670820\u65e5<\/time><\/li>\n<li><div class=\"wp-block-latest-posts__featured-image\"><a href=\"https:\/\/phys-edu.net\/wp\/?p=62550&#038;lang=hi\" aria-label=\"\u092a\u093e\u0907\u0928\u0915\u094b\u0928 \u0915\u093e \u091c\u093e\u0926\u0942! \u092a\u094d\u0930\u0915\u0943\u0924\u093f \u0915\u0947 \u0930\u0939\u0938\u094d\u092f \u0938\u0940\u0916\u0947\u0902 \u0914\u0930 \u092c\u0928\u093e\u090f\u0902 \u0905\u092a\u0928\u093e \u0907\u0915\u094b-\u092b\u094d\u0930\u0947\u0902\u0921\u0932\u0940 \u0915\u094d\u0930\u093f\u0938\u092e\u0938 \u091f\u094d\u0930\u0940\"><img loading=\"lazy\" decoding=\"async\" width=\"150\" height=\"150\" src=\"https:\/\/phys-edu.net\/wp\/wp-content\/uploads\/2019\/12\/2-150x150.jpg\" class=\"attachment-thumbnail size-thumbnail wp-post-image\" alt=\"\" style=\"\" \/><\/a><\/div><a class=\"wp-block-latest-posts__post-title\" href=\"https:\/\/phys-edu.net\/wp\/?p=62550&#038;lang=hi\">\u092a\u093e\u0907\u0928\u0915\u094b\u0928 \u0915\u093e \u091c\u093e\u0926\u0942! \u092a\u094d\u0930\u0915\u0943\u0924\u093f \u0915\u0947 \u0930\u0939\u0938\u094d\u092f \u0938\u0940\u0916\u0947\u0902 \u0914\u0930 \u092c\u0928\u093e\u090f\u0902 \u0905\u092a\u0928\u093e \u0907\u0915\u094b-\u092b\u094d\u0930\u0947\u0902\u0921\u0932\u0940 \u0915\u094d\u0930\u093f\u0938\u092e\u0938 \u091f\u094d\u0930\u0940<\/a><time datetime=\"2026-04-20T04:48:09+09:00\" class=\"wp-block-latest-posts__post-date\">2026\u5e744\u670820\u65e5<\/time><\/li>\n<li><div class=\"wp-block-latest-posts__featured-image\"><a href=\"https:\/\/phys-edu.net\/wp\/?p=62547&#038;lang=es\" aria-label=\"\u00a1Magia con pi\u00f1as de pino! Crea tu \u00e1rbol de Navidad ecol\u00f3gico y descubre los secretos de la naturaleza\"><img loading=\"lazy\" decoding=\"async\" width=\"150\" height=\"150\" src=\"https:\/\/phys-edu.net\/wp\/wp-content\/uploads\/2019\/12\/2-150x150.jpg\" class=\"attachment-thumbnail size-thumbnail wp-post-image\" alt=\"\" style=\"\" \/><\/a><\/div><a class=\"wp-block-latest-posts__post-title\" href=\"https:\/\/phys-edu.net\/wp\/?p=62547&#038;lang=es\">\u00a1Magia con pi\u00f1as de pino! Crea tu \u00e1rbol de Navidad ecol\u00f3gico y descubre los secretos de la naturaleza<\/a><time datetime=\"2026-04-20T04:47:27+09:00\" class=\"wp-block-latest-posts__post-date\">2026\u5e744\u670820\u65e5<\/time><\/li>\n<li><div class=\"wp-block-latest-posts__featured-image\"><a href=\"https:\/\/phys-edu.net\/wp\/?p=62545&#038;lang=zh\" aria-label=\"\u64bf\u4f86\u7684\u677e\u679c\u5927\u8b8a\u8eab\uff01\u908a\u5b78\u690d\u7269\u5967\u79d8\uff0c\u908a\u52d5\u624b\u505a\u74b0\u4fdd\u8056\u8a95\u6a39\"><img loading=\"lazy\" decoding=\"async\" width=\"150\" height=\"150\" src=\"https:\/\/phys-edu.net\/wp\/wp-content\/uploads\/2019\/12\/2-150x150.jpg\" class=\"attachment-thumbnail size-thumbnail wp-post-image\" alt=\"\" style=\"\" \/><\/a><\/div><a class=\"wp-block-latest-posts__post-title\" href=\"https:\/\/phys-edu.net\/wp\/?p=62545&#038;lang=zh\">\u64bf\u4f86\u7684\u677e\u679c\u5927\u8b8a\u8eab\uff01\u908a\u5b78\u690d\u7269\u5967\u79d8\uff0c\u908a\u52d5\u624b\u505a\u74b0\u4fdd\u8056\u8a95\u6a39<\/a><time datetime=\"2026-04-20T04:46:51+09:00\" class=\"wp-block-latest-posts__post-date\">2026\u5e744\u670820\u65e5<\/time><\/li>\n<li><div class=\"wp-block-latest-posts__featured-image\"><a href=\"https:\/\/phys-edu.net\/wp\/?p=62543&#038;lang=ko\" aria-label=\"\uc8fc\uc6b4 \uc194\ubc29\uc6b8\uc758 \ub300\ubcc0\uc2e0! \uc790\uc5f0\uc758 \uc9c0\ud61c\ub97c \ubc30\uc6b0\uba70 \ub9cc\ub4dc\ub294 \uc5d0\ucf54 \ud06c\ub9ac\uc2a4\ub9c8\uc2a4 \ud2b8\ub9ac\"><img loading=\"lazy\" decoding=\"async\" width=\"150\" height=\"150\" src=\"https:\/\/phys-edu.net\/wp\/wp-content\/uploads\/2019\/12\/2-150x150.jpg\" class=\"attachment-thumbnail size-thumbnail wp-post-image\" alt=\"\" style=\"\" \/><\/a><\/div><a class=\"wp-block-latest-posts__post-title\" href=\"https:\/\/phys-edu.net\/wp\/?p=62543&#038;lang=ko\">\uc8fc\uc6b4 \uc194\ubc29\uc6b8\uc758 \ub300\ubcc0\uc2e0! \uc790\uc5f0\uc758 \uc9c0\ud61c\ub97c \ubc30\uc6b0\uba70 \ub9cc\ub4dc\ub294 \uc5d0\ucf54 \ud06c\ub9ac\uc2a4\ub9c8\uc2a4 \ud2b8\ub9ac<\/a><time datetime=\"2026-04-20T04:46:18+09:00\" class=\"wp-block-latest-posts__post-date\">2026\u5e744\u670820\u65e5<\/time><\/li>\n<li><div class=\"wp-block-latest-posts__featured-image\"><a href=\"https:\/\/phys-edu.net\/wp\/?p=62541&#038;lang=en\" aria-label=\"Pinecone Magic! Craft an Eco-Friendly Christmas Tree &#038; Discover Nature&#8217;s Secrets\"><img loading=\"lazy\" decoding=\"async\" width=\"150\" height=\"150\" src=\"https:\/\/phys-edu.net\/wp\/wp-content\/uploads\/2019\/12\/2-150x150.jpg\" class=\"attachment-thumbnail size-thumbnail wp-post-image\" alt=\"\" style=\"\" \/><\/a><\/div><a class=\"wp-block-latest-posts__post-title\" href=\"https:\/\/phys-edu.net\/wp\/?p=62541&#038;lang=en\">Pinecone Magic! Craft an Eco-Friendly Christmas Tree &#038; Discover Nature&#8217;s Secrets<\/a><time datetime=\"2026-04-20T04:46:04+09:00\" class=\"wp-block-latest-posts__post-date\">2026\u5e744\u670820\u65e5<\/time><\/li>\n<li><div class=\"wp-block-latest-posts__featured-image\"><a href=\"https:\/\/phys-edu.net\/wp\/?p=38139\" aria-label=\"\u30de\u30c4\u30dc\u30c3\u30af\u30ea\u306f\u3069\u3053\u304b\u3089\u6765\u308b\uff1f\u30de\u30c4\u306e\u82b1\u3068\u7a2e\u306e\u79d8\u5bc6\u3092\u63a2\u308b\u89b3\u5bdf\u6388\u696d\uff01\uff08\u4e2d\uff11 \u751f\u7269\uff09\"><img loading=\"lazy\" decoding=\"async\" width=\"150\" height=\"150\" src=\"https:\/\/phys-edu.net\/wp\/wp-content\/uploads\/2025\/11\/\u30b9\u30af\u30ea\u30fc\u30f3\u30b7\u30e7\u30c3\u30c8-2026-04-20-4.26.24-150x150.jpeg\" class=\"attachment-thumbnail size-thumbnail wp-post-image\" alt=\"\" style=\"\" \/><\/a><\/div><a class=\"wp-block-latest-posts__post-title\" href=\"https:\/\/phys-edu.net\/wp\/?p=38139\">\u30de\u30c4\u30dc\u30c3\u30af\u30ea\u306f\u3069\u3053\u304b\u3089\u6765\u308b\uff1f\u30de\u30c4\u306e\u82b1\u3068\u7a2e\u306e\u79d8\u5bc6\u3092\u63a2\u308b\u89b3\u5bdf\u6388\u696d\uff01\uff08\u4e2d\uff11 \u751f\u7269\uff09<\/a><time datetime=\"2026-04-20T04:30:10+09:00\" class=\"wp-block-latest-posts__post-date\">2026\u5e744\u670820\u65e5<\/time><\/li>\n<li><div class=\"wp-block-latest-posts__featured-image\"><a href=\"https:\/\/phys-edu.net\/wp\/?p=40593\" aria-label=\"\u6e96\u5099\u30e9\u30af\u30e9\u30af\uff01\u6c34\u716e\u7f36\u30fb\u51b7\u51cd\u30a2\u30b5\u30ea\u306e\u89e3\u5256\u3067\u7121\u810a\u690e\u52d5\u7269\u306e\u30d2\u30df\u30c4\u306b\u8feb\u308b\uff01\uff08\u30ef\u30fc\u30af\u30b7\u30fc\u30c8\u4ed8\uff09\"><img loading=\"lazy\" decoding=\"async\" width=\"150\" height=\"150\" src=\"https:\/\/phys-edu.net\/wp\/wp-content\/uploads\/2025\/07\/\u30b9\u30af\u30ea\u30fc\u30f3\u30b7\u30e7\u30c3\u30c8-2026-02-05-17.47.51-150x150.jpeg\" class=\"attachment-thumbnail size-thumbnail wp-post-image\" alt=\"\" style=\"\" \/><\/a><\/div><a class=\"wp-block-latest-posts__post-title\" href=\"https:\/\/phys-edu.net\/wp\/?p=40593\">\u6e96\u5099\u30e9\u30af\u30e9\u30af\uff01\u6c34\u716e\u7f36\u30fb\u51b7\u51cd\u30a2\u30b5\u30ea\u306e\u89e3\u5256\u3067\u7121\u810a\u690e\u52d5\u7269\u306e\u30d2\u30df\u30c4\u306b\u8feb\u308b\uff01\uff08\u30ef\u30fc\u30af\u30b7\u30fc\u30c8\u4ed8\uff09<\/a><time datetime=\"2026-04-20T04:21:11+09:00\" class=\"wp-block-latest-posts__post-date\">2026\u5e744\u670820\u65e5<\/time><\/li>\n<\/ul>\r\n\r\n","protected":false},"excerpt":{"rendered":"<p>\u0939\u0930 \u0926\u093f\u0928 \u090f\u0915 \u0928\u092f\u093e \u092a\u094d\u0930\u092f\u094b\u0917\u0964 \u0939\u092e \u0935\u093f\u091c\u094d\u091e\u093e\u0928 \u0915\u0947 \u0906\u0928\u0902\u0926 \u0914\u0930 \u0909\u0938\u0915\u0947 \u0930\u0939\u0938\u094d\u092f\u094b\u0902 \u0915\u094b \u0938\u092c\u0915\u0947 \u0938\u093e\u0925 \u0938\u093e\u091d\u093e \u0915\u0930\u0928\u093e \u091a\u093e\u0939\u0924\u0947 \u0939\u0948\u0902\u0964 \u0939\u092e\u093e\u0930\u093e \u0932\u0915\u094d\u0937\u094d\u092f \u0939\u0948 \u0915\u093f \u0935 [&hellip;]<\/p>\n","protected":false},"author":1,"featured_media":49001,"parent":0,"menu_order":0,"comment_status":"closed","ping_status":"open","template":"","meta":{"_sitemap_exclude":false,"_sitemap_priority":"","_sitemap_frequency":"","vkexunit_cta_each_option":"","footnotes":""},"class_list":["post-51467","page","type-page","status-publish","has-post-thumbnail","hentry"],"jetpack-related-posts":[{"id":51421,"url":"https:\/\/phys-edu.net\/wp\/?page_id=51421&lang=hi","url_meta":{"origin":51467,"position":0},"title":"&#8220;\u0935\u093f\u091c\u094d\u091e\u093e\u0928 \u0915\u0947 \u0928\u0941\u0938\u094d\u0916\u0947&#8221; \u0915\u094d\u092f\u093e \u0939\u0948","author":"\u6851\u5b50 \u7814","date":"2025\u5e749\u67082\u65e5","format":false,"excerpt":"\u0915\u0947\u0928 \u0915\u0941\u0935\u093e\u0915\u094b \u2014 \u0938\u093e\u0907\u0902\u0938 \u091f\u094d\u0930\u0947\u0928\u0930 \u090f\u0915 \u0938\u093e\u0907\u0902\u0938 \u091f\u094d\u0930\u0947\u0928\u0930 \u0915\u0947 \u0930\u0942\u092a \u092e\u2026","rel":"","context":"\u985e\u4f3c\u6295\u7a3f","block_context":{"text":"\u985e\u4f3c\u6295\u7a3f","link":""},"img":{"alt_text":"","src":"https:\/\/i0.wp.com\/phys-edu.net\/wp\/wp-content\/uploads\/2025\/05\/8492bedffd85ca3b94341648286061c3.jpg?resize=350%2C200&ssl=1","width":350,"height":200,"srcset":"https:\/\/i0.wp.com\/phys-edu.net\/wp\/wp-content\/uploads\/2025\/05\/8492bedffd85ca3b94341648286061c3.jpg?resize=350%2C200&ssl=1 1x, https:\/\/i0.wp.com\/phys-edu.net\/wp\/wp-content\/uploads\/2025\/05\/8492bedffd85ca3b94341648286061c3.jpg?resize=525%2C300&ssl=1 1.5x, https:\/\/i0.wp.com\/phys-edu.net\/wp\/wp-content\/uploads\/2025\/05\/8492bedffd85ca3b94341648286061c3.jpg?resize=700%2C400&ssl=1 2x"},"classes":[]},{"id":58213,"url":"https:\/\/phys-edu.net\/wp\/?page_id=58213&lang=hi","url_meta":{"origin":51467,"position":1},"title":"\u0935\u093f\u091c\u094d\u091e\u093e\u0928 \u092a\u094d\u0930\u092f\u094b\u0917","author":"\u6851\u5b50 \u7814","date":"2026\u5e741\u67082\u65e5","format":false,"excerpt":"\u0939\u0930 \u0926\u093f\u0928 \u090f\u0915 \u0928\u092f\u093e \u092a\u094d\u0930\u092f\u094b\u0917\u0964 \u091a\u093e\u0939\u0947 \u0935\u0939 \u0935\u093f\u091c\u094d\u091e\u093e\u0928 \u0915\u0947 \u0938\u093e\u0925 \u0916\u0947\u0932\u0915\u0942\u2026","rel":"","context":"\u985e\u4f3c\u6295\u7a3f","block_context":{"text":"\u985e\u4f3c\u6295\u7a3f","link":""},"img":{"alt_text":"","src":"https:\/\/i0.wp.com\/phys-edu.net\/wp\/wp-content\/uploads\/2025\/05\/8492bedffd85ca3b94341648286061c3.jpg?resize=350%2C200&ssl=1","width":350,"height":200,"srcset":"https:\/\/i0.wp.com\/phys-edu.net\/wp\/wp-content\/uploads\/2025\/05\/8492bedffd85ca3b94341648286061c3.jpg?resize=350%2C200&ssl=1 1x, https:\/\/i0.wp.com\/phys-edu.net\/wp\/wp-content\/uploads\/2025\/05\/8492bedffd85ca3b94341648286061c3.jpg?resize=525%2C300&ssl=1 1.5x, https:\/\/i0.wp.com\/phys-edu.net\/wp\/wp-content\/uploads\/2025\/05\/8492bedffd85ca3b94341648286061c3.jpg?resize=700%2C400&ssl=1 2x"},"classes":[]},{"id":51872,"url":"https:\/\/phys-edu.net\/wp\/?page_id=51872&lang=hi","url_meta":{"origin":51467,"position":2},"title":"\u0935\u093f\u091c\u094d\u091e\u093e\u0928 \u0915\u0940 \u0926\u0941\u0928\u093f\u092f\u093e: \u0906\u092a\u0915\u0947 \u0932\u093f\u090f \u0938\u092c\u0938\u0947 \u0905\u091a\u094d\u091b\u0940 \u0938\u093e\u092e\u0917\u094d\u0930\u0940!","author":"\u6851\u5b50 \u7814","date":"2025\u5e749\u670810\u65e5","format":false,"excerpt":"\u092f\u0939 \u092a\u0947\u091c \u092e\u093f\u0921\u093f\u0932 \u0914\u0930 \u0939\u093e\u0908 \u0938\u094d\u0915\u0942\u0932 \u0915\u0947 \u0936\u093f\u0915\u094d\u0937\u0915\u094b\u0902 \u0915\u0947 \u0932\u093f\u090f \u0936\u093f\u0915\u094d\u0937\u2026","rel":"","context":"\u985e\u4f3c\u6295\u7a3f","block_context":{"text":"\u985e\u4f3c\u6295\u7a3f","link":""},"img":{"alt_text":"","src":"https:\/\/i0.wp.com\/phys-edu.net\/wp\/wp-content\/uploads\/2025\/06\/abbfe1492397dc500fe5de9265320ad0.jpg?resize=350%2C200&ssl=1","width":350,"height":200,"srcset":"https:\/\/i0.wp.com\/phys-edu.net\/wp\/wp-content\/uploads\/2025\/06\/abbfe1492397dc500fe5de9265320ad0.jpg?resize=350%2C200&ssl=1 1x, https:\/\/i0.wp.com\/phys-edu.net\/wp\/wp-content\/uploads\/2025\/06\/abbfe1492397dc500fe5de9265320ad0.jpg?resize=525%2C300&ssl=1 1.5x, https:\/\/i0.wp.com\/phys-edu.net\/wp\/wp-content\/uploads\/2025\/06\/abbfe1492397dc500fe5de9265320ad0.jpg?resize=700%2C400&ssl=1 2x"},"classes":[]}],"_links":{"self":[{"href":"https:\/\/phys-edu.net\/wp\/index.php?rest_route=\/wp\/v2\/pages\/51467","targetHints":{"allow":["GET"]}}],"collection":[{"href":"https:\/\/phys-edu.net\/wp\/index.php?rest_route=\/wp\/v2\/pages"}],"about":[{"href":"https:\/\/phys-edu.net\/wp\/index.php?rest_route=\/wp\/v2\/types\/page"}],"author":[{"embeddable":true,"href":"https:\/\/phys-edu.net\/wp\/index.php?rest_route=\/wp\/v2\/users\/1"}],"replies":[{"embeddable":true,"href":"https:\/\/phys-edu.net\/wp\/index.php?rest_route=%2Fwp%2Fv2%2Fcomments&post=51467"}],"version-history":[{"count":0,"href":"https:\/\/phys-edu.net\/wp\/index.php?rest_route=\/wp\/v2\/pages\/51467\/revisions"}],"wp:featuredmedia":[{"embeddable":true,"href":"https:\/\/phys-edu.net\/wp\/index.php?rest_route=\/wp\/v2\/media\/49001"}],"wp:attachment":[{"href":"https:\/\/phys-edu.net\/wp\/index.php?rest_route=%2Fwp%2Fv2%2Fmedia&parent=51467"}],"curies":[{"name":"wp","href":"https:\/\/api.w.org\/{rel}","templated":true}]}}