{"id":51460,"date":"2025-09-03T06:19:47","date_gmt":"2025-09-02T21:19:47","guid":{"rendered":"https:\/\/phys-edu.net\/wp\/?page_id=51460"},"modified":"2026-01-25T06:30:34","modified_gmt":"2026-01-24T21:30:34","slug":"about","status":"publish","type":"page","link":"https:\/\/phys-edu.net\/wp\/?page_id=51460&lang=ko","title":{"rendered":"\uc774 \ube14\ub85c\uadf8\uc5d0 \ub300\ud558\uc5ec"},"content":{"rendered":"<h1 style=\"text-align: center;\"><img loading=\"lazy\" decoding=\"async\" class=\"alignnone wp-image-52419 aligncenter\" src=\"https:\/\/phys-edu.net\/wp\/wp-content\/uploads\/2025\/09\/\u30b9\u30af\u30ea\u30fc\u30f3\u30b7\u30e7\u30c3\u30c8-2025-09-16-18.27.54.jpg\" alt=\"\" width=\"568\" height=\"253\" srcset=\"https:\/\/phys-edu.net\/wp\/wp-content\/uploads\/2025\/09\/\u30b9\u30af\u30ea\u30fc\u30f3\u30b7\u30e7\u30c3\u30c8-2025-09-16-18.27.54.jpg 1740w, https:\/\/phys-edu.net\/wp\/wp-content\/uploads\/2025\/09\/\u30b9\u30af\u30ea\u30fc\u30f3\u30b7\u30e7\u30c3\u30c8-2025-09-16-18.27.54-300x134.jpg 300w, https:\/\/phys-edu.net\/wp\/wp-content\/uploads\/2025\/09\/\u30b9\u30af\u30ea\u30fc\u30f3\u30b7\u30e7\u30c3\u30c8-2025-09-16-18.27.54-1024x457.jpg 1024w, https:\/\/phys-edu.net\/wp\/wp-content\/uploads\/2025\/09\/\u30b9\u30af\u30ea\u30fc\u30f3\u30b7\u30e7\u30c3\u30c8-2025-09-16-18.27.54-768x343.jpg 768w, https:\/\/phys-edu.net\/wp\/wp-content\/uploads\/2025\/09\/\u30b9\u30af\u30ea\u30fc\u30f3\u30b7\u30e7\u30c3\u30c8-2025-09-16-18.27.54-1536x685.jpg 1536w\" sizes=\"auto, (max-width: 568px) 100vw, 568px\" \/><\/h1>\r\n<h1 style=\"text-align: center;\"><span style=\"color: #339966;\">\ub9e4\uc77c\ub9e4\uc77c\uc774 \uc2e4\ud5d8.<\/span><\/h1>\r\n<p class=\"p1\">\uacfc\ud559\uc758 \uc990\uac70\uc6c0\uacfc \uc2e0\ube44\ub85c\uc6c0\uc744 \uacf5\uc720\ud558\uace0 \uc2f6\uc2b5\ub2c8\ub2e4. \uadf8 \uac10\ub3d9\uc744 \ub354 \ub9ce\uc740 \ubd84\uaed8 \uc804\ud558\uace0 \uc2f6\uc5b4\uc694! &#8216;\uacfc\ud559\uc758 \uc18c\uc7ac \uc218\ucca9(\uce74\uac00\ucfe0\ub178 \ub124\ud0c0\ucd78)&#8217;\uc740 \uc7ac\ubbf8\uc788\ub294 \uacfc\ud559 \uc2e4\ud5d8 \uc18c\uac1c\ubd80\ud130 \uc77c\uc0c1 \uc18d \uacfc\ud559 \uc774\uc57c\uae30\uae4c\uc9c0 \ubaa8\ub450 \ub2f4\uc544\ub0b8 \uacfc\ud559 \uc815\ubcf4 \uc0ac\uc774\ud2b8\uc785\ub2c8\ub2e4. \uc790\uc138\ud55c \ub0b4\uc6a9\uc740 <a href=\"https:\/\/phys-edu.net\/wp\/?page_id=37\">\uc5ec\uae30<\/a>\ub97c \ud074\ub9ad\ud574 \uc8fc\uc138\uc694.<\/p>\r\n<p style=\"text-align: center;\">SNS \ucc44\ub110 \uc548\ub0b4 <a href=\"https:\/\/www.facebook.com\/kuwakolab\/\">Facebook<\/a>\uff0f<a href=\"https:\/\/www.instagram.com\/science_seeds\/\">instagram<\/a>\uff0f<a href=\"https:\/\/twitter.com\/kuwako\">X<\/a>\uff0f<a href=\"https:\/\/bsky.app\/profile\/kagakunoneta.bsky.social\">BlueSky<\/a>\uff0f<a href=\"https:\/\/www.threads.net\/@science_seeds?hl=ja\">Threads<\/a><\/p>\r\n<h3 style=\"text-align: center;\"><strong>Menu<\/strong><\/h3>\r\n<p><a href=\"https:\/\/phys-edu.net\/wp\/?page_id=30764\">Experiment (\uc2e4\ud5d8 \uc18c\uac1c)<\/a> \u2026 \uc544\uc774\uc640 \ud568\uaed8 \ud479 \ube60\uc838\ub4e4 \uc218 \uc788\ub294 \ucd94\ucc9c \uacfc\ud559 \uc2e4\ud5d8\uc744 \ub2e4\uc218 \uc18c\uac1c\ud569\ub2c8\ub2e4. \uace0\ub4f1\ud559\uad50 \ubb3c\ub9ac \uc774\ud574\ub97c \ub3d5\uae30 \uc704\ud55c \ubcf8\uaca9\uc801\uc778 \uad50\uc7ac\ub3c4 \ud655\uc778\ud574 \ubcf4\uc138\uc694.<\/p>\r\n<p><a href=\"https:\/\/phys-edu.net\/wp\/?page_id=798\"> Materials (\uacfc\ud559\uad50\uad6c)<\/a> \u2026 \uacfc\ud559\uad50\uc0ac \uc5ec\ub7ec\ubd84\uc744 \uc751\uc6d0\ud569\ub2c8\ub2e4! \uc218\uc5c5\uc758 \uc9c8\uc744 \ub192\uc774\uace0 \uc900\ube44 \uc2dc\uac04\uc744 \uc904\uc5ec\uc904 \uc5c4\uc120\ub41c \uad50\uad6c\ub4e4\uc744 \uc18c\uac1c\ud569\ub2c8\ub2e4.<\/p>\r\n<p><a href=\"http:\/\/phys-edu.net\/wp\/?page_id=20940\"> Seminar (\uac15\uc5f0)<\/a> \u2026 &#8216;\uacfc\ud559\uc758 \uc990\uac70\uc6c0\uc744 \uc5b4\ub5bb\uac8c \uc804\ub2ec\ud560 \uac83\uc778\uac00&#8217;\ub97c \uc8fc\uc81c\ub85c \uc77c\ubcf8 \uc804\uad6d \uac01\uc9c0\uc5d0\uc11c \uac15\uc5f0\uacfc \uc138\ubbf8\ub098\ub97c \uc9c4\ud589\ud558\uace0 \uc788\uc2b5\ub2c8\ub2e4.<\/p>\r\n<p><a href=\"https:\/\/music.youtube.com\/playlist?list=PLoK4ZvKN9S2NgpYIochcQs0aL-vrRB_Qw\"> Podcast (\uacfc\ud559 \ub77c\ub514\uc624)<\/a> \u2026 \ucd5c\uc2e0 \uacfc\ud559 \ud1a0\ud53d\uc744 \uac70\uc758 \ub9e4\uc77c \ubc30\ub2ec\ud569\ub2c8\ub2e4! \ube14\ub85c\uadf8 \uae30\uc0ac \ub0b4\uc6a9\uc744 \ubc14\ud0d5\uc73c\ub85c AI \uae30\uc220\uc744 \ud65c\uc6a9\ud574 \uc81c\uc791\ud55c &#8216;\uadc0\ub85c \uc990\uae30\ub294 \uacfc\ud559&#8217;\uc744 \ub9cc\ub098\ubcf4\uc138\uc694.<\/p>\r\n<p><a href=\"http:\/\/phys-edu.net\/wp\/?page_id=37\">About (\uc6b4\uc601\uc790 \uc18c\uac1c)<\/a> \u2026 &#8216;\uacfc\ud559\uc758 \uc18c\uc7ac \uc218\ucca9&#8217;\uc758 \ucee8\uc149\uacfc \uc6b4\uc601\uc790 \ucfe0\uc640\ucf54 \ucf04\uc758 \ud504\ub85c\ud544, \uadf8\ub9ac\uace0 \uacfc\ud559\uc5d0 \ub300\ud55c \uc9c4\uc2ec \uc5b4\ub9b0 \uc0dd\uac01\uc744 \ub2f4\uc558\uc2b5\ub2c8\ub2e4.<\/p>\r\n<p><a href=\"https:\/\/phys-edu.net\/wp\/?page_id=188\">Contact (\ubb38\uc758\ud558\uae30)<\/a> \u2026 \uc2e4\ud5d8 \uad50\uc2e4 \uc758\ub8b0, \uc9d1\ud544 \ubc0f \uac15\uc5f0 \uc0c1\ub2f4, \uacfc\ud559 \uac10\uc218 \ub4f1\uc740 \uc774 \uc591\uc2dd\uc744 \ud1b5\ud574 \ubcf4\ub0b4\uc8fc\uc2dc\uae30 \ubc14\ub78d\ub2c8\ub2e4.<\/p>\r\n<h3>\ucd5c\uc2e0 \uae30\uc0ac<\/h3>\r\n<ul class=\"wp-block-latest-posts__list is-grid columns-3 has-dates wp-block-latest-posts\"><li><div class=\"wp-block-latest-posts__featured-image\"><a href=\"https:\/\/phys-edu.net\/wp\/?p=62891&#038;lang=ko\" aria-label=\"\uba48\ucd98 \ub4ef\ud558\uc9c0\ub9cc \ub2e4\uac00\uc624\uace0 \uc788\ub2e4? &#8216;\ucf5c\ub9ac\uc804 \ucf54\uc2a4&#8217; \ud604\uc0c1\uc758 \uacf5\ud3ec\"><img loading=\"lazy\" decoding=\"async\" width=\"150\" height=\"150\" src=\"https:\/\/phys-edu.net\/wp\/wp-content\/uploads\/2024\/08\/74ff8b011a242f6fb7ea0802cb36c952-150x150.jpg\" class=\"attachment-thumbnail size-thumbnail wp-post-image\" alt=\"\" style=\"\" \/><\/a><\/div><a class=\"wp-block-latest-posts__post-title\" href=\"https:\/\/phys-edu.net\/wp\/?p=62891&#038;lang=ko\">\uba48\ucd98 \ub4ef\ud558\uc9c0\ub9cc \ub2e4\uac00\uc624\uace0 \uc788\ub2e4? &#8216;\ucf5c\ub9ac\uc804 \ucf54\uc2a4&#8217; \ud604\uc0c1\uc758 \uacf5\ud3ec<\/a><time datetime=\"2026-04-30T04:31:27+09:00\" class=\"wp-block-latest-posts__post-date\">2026\u5e744\u670830\u65e5<\/time><\/li>\n<li><div class=\"wp-block-latest-posts__featured-image\"><a href=\"https:\/\/phys-edu.net\/wp\/?p=62889&#038;lang=es\" aria-label=\"\u00bfInm\u00f3vil o en rumbo de colisi\u00f3n? El peligro invisible de la velocidad relativa\"><img loading=\"lazy\" decoding=\"async\" width=\"150\" height=\"150\" src=\"https:\/\/phys-edu.net\/wp\/wp-content\/uploads\/2024\/08\/74ff8b011a242f6fb7ea0802cb36c952-150x150.jpg\" class=\"attachment-thumbnail size-thumbnail wp-post-image\" alt=\"\" style=\"\" \/><\/a><\/div><a class=\"wp-block-latest-posts__post-title\" href=\"https:\/\/phys-edu.net\/wp\/?p=62889&#038;lang=es\">\u00bfInm\u00f3vil o en rumbo de colisi\u00f3n? El peligro invisible de la velocidad relativa<\/a><time datetime=\"2026-04-30T04:30:54+09:00\" class=\"wp-block-latest-posts__post-date\">2026\u5e744\u670830\u65e5<\/time><\/li>\n<li><div class=\"wp-block-latest-posts__featured-image\"><a href=\"https:\/\/phys-edu.net\/wp\/?p=62887&#038;lang=hi\" aria-label=\"\u0938\u094d\u0925\u093f\u0930 \u092a\u0930 \u091c\u093e\u0928\u0932\u0947\u0935\u093e: \u0915\u094b\u0932\u093f\u091c\u0928 \u0915\u094b\u0930\u094d\u0938 \u0915\u093e \u0916\u0924\u0930\u0928\u093e\u0915 \u0938\u091a\"><img loading=\"lazy\" decoding=\"async\" width=\"150\" height=\"150\" src=\"https:\/\/phys-edu.net\/wp\/wp-content\/uploads\/2024\/08\/74ff8b011a242f6fb7ea0802cb36c952-150x150.jpg\" class=\"attachment-thumbnail size-thumbnail wp-post-image\" alt=\"\" style=\"\" \/><\/a><\/div><a class=\"wp-block-latest-posts__post-title\" href=\"https:\/\/phys-edu.net\/wp\/?p=62887&#038;lang=hi\">\u0938\u094d\u0925\u093f\u0930 \u092a\u0930 \u091c\u093e\u0928\u0932\u0947\u0935\u093e: \u0915\u094b\u0932\u093f\u091c\u0928 \u0915\u094b\u0930\u094d\u0938 \u0915\u093e \u0916\u0924\u0930\u0928\u093e\u0915 \u0938\u091a<\/a><time datetime=\"2026-04-30T04:30:07+09:00\" class=\"wp-block-latest-posts__post-date\">2026\u5e744\u670830\u65e5<\/time><\/li>\n<li><div class=\"wp-block-latest-posts__featured-image\"><a href=\"https:\/\/phys-edu.net\/wp\/?p=62885&#038;lang=zh\" aria-label=\"\u770b\u4f3c\u975c\u6b62\u537b\u5728\u903c\u8fd1\uff1f\u4ee4\u4eba\u6bdb\u9aa8\u609a\u7136\u7684\u300c\u78b0\u649e\u8def\u7dda\u300d\u73fe\u8c61\"><img loading=\"lazy\" decoding=\"async\" width=\"150\" height=\"150\" src=\"https:\/\/phys-edu.net\/wp\/wp-content\/uploads\/2024\/08\/74ff8b011a242f6fb7ea0802cb36c952-150x150.jpg\" class=\"attachment-thumbnail size-thumbnail wp-post-image\" alt=\"\" style=\"\" \/><\/a><\/div><a class=\"wp-block-latest-posts__post-title\" href=\"https:\/\/phys-edu.net\/wp\/?p=62885&#038;lang=zh\">\u770b\u4f3c\u975c\u6b62\u537b\u5728\u903c\u8fd1\uff1f\u4ee4\u4eba\u6bdb\u9aa8\u609a\u7136\u7684\u300c\u78b0\u649e\u8def\u7dda\u300d\u73fe\u8c61<\/a><time datetime=\"2026-04-30T04:28:59+09:00\" class=\"wp-block-latest-posts__post-date\">2026\u5e744\u670830\u65e5<\/time><\/li>\n<li><div class=\"wp-block-latest-posts__featured-image\"><a href=\"https:\/\/phys-edu.net\/wp\/?p=62882&#038;lang=fi\" aria-label=\"Se n\u00e4ytt\u00e4\u00e4 seisovan, mutta l\u00e4hestyy \u2013 T\u00f6rm\u00e4yskurssin hyyt\u00e4v\u00e4 vaara\"><img loading=\"lazy\" decoding=\"async\" width=\"150\" height=\"150\" src=\"https:\/\/phys-edu.net\/wp\/wp-content\/uploads\/2024\/08\/74ff8b011a242f6fb7ea0802cb36c952-150x150.jpg\" class=\"attachment-thumbnail size-thumbnail wp-post-image\" alt=\"\" style=\"\" \/><\/a><\/div><a class=\"wp-block-latest-posts__post-title\" href=\"https:\/\/phys-edu.net\/wp\/?p=62882&#038;lang=fi\">Se n\u00e4ytt\u00e4\u00e4 seisovan, mutta l\u00e4hestyy \u2013 T\u00f6rm\u00e4yskurssin hyyt\u00e4v\u00e4 vaara<\/a><time datetime=\"2026-04-30T04:25:30+09:00\" class=\"wp-block-latest-posts__post-date\">2026\u5e744\u670830\u65e5<\/time><\/li>\n<li><div class=\"wp-block-latest-posts__featured-image\"><a href=\"https:\/\/phys-edu.net\/wp\/?p=62880&#038;lang=en\" aria-label=\"Frozen in Sight, Racing to Impact: The Terror of the Collision Course\"><img loading=\"lazy\" decoding=\"async\" width=\"150\" height=\"150\" src=\"https:\/\/phys-edu.net\/wp\/wp-content\/uploads\/2024\/08\/74ff8b011a242f6fb7ea0802cb36c952-150x150.jpg\" class=\"attachment-thumbnail size-thumbnail wp-post-image\" alt=\"\" style=\"\" \/><\/a><\/div><a class=\"wp-block-latest-posts__post-title\" href=\"https:\/\/phys-edu.net\/wp\/?p=62880&#038;lang=en\">Frozen in Sight, Racing to Impact: The Terror of the Collision Course<\/a><time datetime=\"2026-04-30T04:24:38+09:00\" class=\"wp-block-latest-posts__post-date\">2026\u5e744\u670830\u65e5<\/time><\/li>\n<li><div class=\"wp-block-latest-posts__featured-image\"><a href=\"https:\/\/phys-edu.net\/wp\/?p=39867\" aria-label=\"\u82b1\u3073\u3089\u306f\u672c\u5f53\u306b6\u679a\uff1f\u8eab\u8fd1\u306a\u30c1\u30e5\u30fc\u30ea\u30c3\u30d7\u3067\u63a2\u308b\u690d\u7269\u306e\u30eb\u30fc\u30eb\uff08\u690d\u7269\u56f3\u9451\uff09\"><img loading=\"lazy\" decoding=\"async\" width=\"150\" height=\"150\" src=\"https:\/\/phys-edu.net\/wp\/wp-content\/uploads\/2022\/04\/dad12b44e48bbe3ab6fd4da3be301101-150x150.jpg\" class=\"attachment-thumbnail size-thumbnail wp-post-image\" alt=\"\" style=\"\" \/><\/a><\/div><a class=\"wp-block-latest-posts__post-title\" href=\"https:\/\/phys-edu.net\/wp\/?p=39867\">\u82b1\u3073\u3089\u306f\u672c\u5f53\u306b6\u679a\uff1f\u8eab\u8fd1\u306a\u30c1\u30e5\u30fc\u30ea\u30c3\u30d7\u3067\u63a2\u308b\u690d\u7269\u306e\u30eb\u30fc\u30eb\uff08\u690d\u7269\u56f3\u9451\uff09<\/a><time datetime=\"2026-04-30T04:12:48+09:00\" class=\"wp-block-latest-posts__post-date\">2026\u5e744\u670830\u65e5<\/time><\/li>\n<li><div class=\"wp-block-latest-posts__featured-image\"><a href=\"https:\/\/phys-edu.net\/wp\/?p=34400\" aria-label=\"\uff0b\u3068\u2212\u3067\u306a\u305c\u9006\uff1f\u30db\u30fc\u30eb\u52b9\u679c\u306e\u30e2\u30e4\u30e2\u30e4\u3092\u4e00\u6c17\u306b\u89e3\u6c7a\uff01\uff08\u9ad8\u6821\u7269\u7406\u5fa9\u7fd2\u5e33\uff09\"><img loading=\"lazy\" decoding=\"async\" width=\"150\" height=\"150\" src=\"https:\/\/phys-edu.net\/wp\/wp-content\/uploads\/2020\/01\/d0f315698bba7db67a7a11d57ad88e85-150x150.jpg\" class=\"attachment-thumbnail size-thumbnail wp-post-image\" alt=\"\" style=\"\" \/><\/a><\/div><a class=\"wp-block-latest-posts__post-title\" href=\"https:\/\/phys-edu.net\/wp\/?p=34400\">\uff0b\u3068\u2212\u3067\u306a\u305c\u9006\uff1f\u30db\u30fc\u30eb\u52b9\u679c\u306e\u30e2\u30e4\u30e2\u30e4\u3092\u4e00\u6c17\u306b\u89e3\u6c7a\uff01\uff08\u9ad8\u6821\u7269\u7406\u5fa9\u7fd2\u5e33\uff09<\/a><time datetime=\"2026-04-30T04:00:25+09:00\" class=\"wp-block-latest-posts__post-date\">2026\u5e744\u670830\u65e5<\/time><\/li>\n<li><div class=\"wp-block-latest-posts__featured-image\"><a href=\"https:\/\/phys-edu.net\/wp\/?p=62870&#038;lang=fi\" aria-label=\"Paljasta n\u00e4kym\u00e4t\u00f6n voima! Tasapainon 3 ehtoa kokeellisesti \u2013 keski\u00f6ss\u00e4 suora vaikutusviiva.\"><img loading=\"lazy\" decoding=\"async\" width=\"150\" height=\"150\" src=\"https:\/\/phys-edu.net\/wp\/wp-content\/uploads\/2022\/10\/0c363943316a3a32b1e6d1e43ff96e38-150x150.jpg\" class=\"attachment-thumbnail size-thumbnail wp-post-image\" alt=\"\" style=\"\" \/><\/a><\/div><a class=\"wp-block-latest-posts__post-title\" href=\"https:\/\/phys-edu.net\/wp\/?p=62870&#038;lang=fi\">Paljasta n\u00e4kym\u00e4t\u00f6n voima! Tasapainon 3 ehtoa kokeellisesti \u2013 keski\u00f6ss\u00e4 suora vaikutusviiva.<\/a><time datetime=\"2026-04-29T05:20:36+09:00\" class=\"wp-block-latest-posts__post-date\">2026\u5e744\u670829\u65e5<\/time><\/li>\n<\/ul>\r\n\r\n","protected":false},"excerpt":{"rendered":"<p>\ub9e4\uc77c\ub9e4\uc77c\uc774 \uc2e4\ud5d8. \uacfc\ud559\uc758 \uc990\uac70\uc6c0\uacfc \uc2e0\ube44\ub85c\uc6c0\uc744 \uacf5\uc720\ud558\uace0 \uc2f6\uc2b5\ub2c8\ub2e4. \uadf8 \uac10\ub3d9\uc744 \ub354 \ub9ce\uc740 \ubd84\uaed8 \uc804\ud558\uace0 \uc2f6\uc5b4\uc694! &#8216;\uacfc\ud559\uc758 \uc18c\uc7ac \uc218\ucca9(\uce74\uac00\ucfe0\ub178 \ub124\ud0c0\ucd78)&#8217;\uc740 \uc7ac\ubbf8\uc788\ub294 \uacfc\ud559 \uc2e4\ud5d8 \uc18c\uac1c\ubd80\ud130  [&hellip;]<\/p>\n","protected":false},"author":1,"featured_media":49001,"parent":0,"menu_order":0,"comment_status":"closed","ping_status":"open","template":"","meta":{"_sitemap_exclude":false,"_sitemap_priority":"","_sitemap_frequency":"","sns_share_botton_hide":"","vkExUnit_sns_title":"","vkexunit_cta_each_option":"","_lightning_design_setting":{"layout":"default"},"footnotes":""},"class_list":["post-51460","page","type-page","status-publish","has-post-thumbnail","hentry"],"jetpack-related-posts":[{"id":51424,"url":"https:\/\/phys-edu.net\/wp\/?page_id=51424&lang=ko","url_meta":{"origin":51460,"position":0},"title":"\u2018\uacfc\ud559 \ub178\ud2b8\u2019\ub294\uc694,","author":"\u6851\u5b50 \u7814","date":"2025\u5e749\u67082\u65e5","format":false,"excerpt":"\uc0ac\uc774\uc5b8\uc2a4 \ud2b8\ub808\uc774\ub108 \ucfe0\uc640\ucf54 \ucf04 \uc0ac\uc774\uc5b8\uc2a4 \ud2b8\ub808\uc774\ub108\ub85c\uc11c \uc804\uad6d\uc744 \ubb34\ub300\ub85c \uc2e4\ud5d8 \uad50\uc2e4 \uc6b4\uc601, \uacfc\ud559 \ub3c4\u2026","rel":"","context":"\u985e\u4f3c\u6295\u7a3f","block_context":{"text":"\u985e\u4f3c\u6295\u7a3f","link":""},"img":{"alt_text":"","src":"https:\/\/i0.wp.com\/phys-edu.net\/wp\/wp-content\/uploads\/2025\/05\/8492bedffd85ca3b94341648286061c3.jpg?resize=350%2C200&ssl=1","width":350,"height":200,"srcset":"https:\/\/i0.wp.com\/phys-edu.net\/wp\/wp-content\/uploads\/2025\/05\/8492bedffd85ca3b94341648286061c3.jpg?resize=350%2C200&ssl=1 1x, https:\/\/i0.wp.com\/phys-edu.net\/wp\/wp-content\/uploads\/2025\/05\/8492bedffd85ca3b94341648286061c3.jpg?resize=525%2C300&ssl=1 1.5x, https:\/\/i0.wp.com\/phys-edu.net\/wp\/wp-content\/uploads\/2025\/05\/8492bedffd85ca3b94341648286061c3.jpg?resize=700%2C400&ssl=1 2x"},"classes":[]},{"id":58207,"url":"https:\/\/phys-edu.net\/wp\/?page_id=58207&lang=ko","url_meta":{"origin":51460,"position":1},"title":"\uacfc\ud559 \uc2e4\ud5d8","author":"\u6851\u5b50 \u7814","date":"2026\u5e741\u67082\u65e5","format":false,"excerpt":"\ub9e4\uc77c\ub9e4\uc77c\uc774 \uc2e4\ud5d8. \uacfc\ud559 \ub180\uc774\uc640 \uac04\ub2e8\ud55c \uc2e4\ud5d8\uc744 \ud1b5\ud574 \uc544\uc774\ubd80\ud130 \uc5b4\ub978\uae4c\uc9c0 \ub204\uad6c\ub098 \uacfc\ud559\uc758 \uc7ac\ubbf8\ub97c \u2026","rel":"","context":"\u985e\u4f3c\u6295\u7a3f","block_context":{"text":"\u985e\u4f3c\u6295\u7a3f","link":""},"img":{"alt_text":"","src":"https:\/\/i0.wp.com\/phys-edu.net\/wp\/wp-content\/uploads\/2025\/05\/8492bedffd85ca3b94341648286061c3.jpg?resize=350%2C200&ssl=1","width":350,"height":200,"srcset":"https:\/\/i0.wp.com\/phys-edu.net\/wp\/wp-content\/uploads\/2025\/05\/8492bedffd85ca3b94341648286061c3.jpg?resize=350%2C200&ssl=1 1x, https:\/\/i0.wp.com\/phys-edu.net\/wp\/wp-content\/uploads\/2025\/05\/8492bedffd85ca3b94341648286061c3.jpg?resize=525%2C300&ssl=1 1.5x, https:\/\/i0.wp.com\/phys-edu.net\/wp\/wp-content\/uploads\/2025\/05\/8492bedffd85ca3b94341648286061c3.jpg?resize=700%2C400&ssl=1 2x"},"classes":[]},{"id":51407,"url":"https:\/\/phys-edu.net\/wp\/?page_id=51407&lang=ko","url_meta":{"origin":51460,"position":2},"title":"\uacfc\ud559 \uad50\uc7ac","author":"\u6851\u5b50 \u7814","date":"2025\u5e749\u67082\u65e5","format":false,"excerpt":"\uc548\ub155\ud558\uc138\uc694, \uc0ac\uc774\uc5b8\uc2a4 \ud2b8\ub808\uc774\ub108 \ucfe0\uc640\ucf54 \ucf04\uc785\ub2c8\ub2e4. \ub9e4\uc77c\ub9e4\uc77c\uc774 \uc2e4\ud5d8\uc774\uc8e0! \uc774 \ud398\uc774\uc9c0\uc5d0\uc120 \uc81c\uac00 \u2026","rel":"","context":"\u985e\u4f3c\u6295\u7a3f","block_context":{"text":"\u985e\u4f3c\u6295\u7a3f","link":""},"img":{"alt_text":"","src":"https:\/\/i0.wp.com\/phys-edu.net\/wp\/wp-content\/uploads\/2025\/06\/abbfe1492397dc500fe5de9265320ad0.jpg?resize=350%2C200&ssl=1","width":350,"height":200,"srcset":"https:\/\/i0.wp.com\/phys-edu.net\/wp\/wp-content\/uploads\/2025\/06\/abbfe1492397dc500fe5de9265320ad0.jpg?resize=350%2C200&ssl=1 1x, https:\/\/i0.wp.com\/phys-edu.net\/wp\/wp-content\/uploads\/2025\/06\/abbfe1492397dc500fe5de9265320ad0.jpg?resize=525%2C300&ssl=1 1.5x, https:\/\/i0.wp.com\/phys-edu.net\/wp\/wp-content\/uploads\/2025\/06\/abbfe1492397dc500fe5de9265320ad0.jpg?resize=700%2C400&ssl=1 2x"},"classes":[]}],"_links":{"self":[{"href":"https:\/\/phys-edu.net\/wp\/index.php?rest_route=\/wp\/v2\/pages\/51460","targetHints":{"allow":["GET"]}}],"collection":[{"href":"https:\/\/phys-edu.net\/wp\/index.php?rest_route=\/wp\/v2\/pages"}],"about":[{"href":"https:\/\/phys-edu.net\/wp\/index.php?rest_route=\/wp\/v2\/types\/page"}],"author":[{"embeddable":true,"href":"https:\/\/phys-edu.net\/wp\/index.php?rest_route=\/wp\/v2\/users\/1"}],"replies":[{"embeddable":true,"href":"https:\/\/phys-edu.net\/wp\/index.php?rest_route=%2Fwp%2Fv2%2Fcomments&post=51460"}],"version-history":[{"count":0,"href":"https:\/\/phys-edu.net\/wp\/index.php?rest_route=\/wp\/v2\/pages\/51460\/revisions"}],"wp:featuredmedia":[{"embeddable":true,"href":"https:\/\/phys-edu.net\/wp\/index.php?rest_route=\/wp\/v2\/media\/49001"}],"wp:attachment":[{"href":"https:\/\/phys-edu.net\/wp\/index.php?rest_route=%2Fwp%2Fv2%2Fmedia&parent=51460"}],"curies":[{"name":"wp","href":"https:\/\/api.w.org\/{rel}","templated":true}]}}