{"id":50865,"date":"2025-08-16T10:13:15","date_gmt":"2025-08-16T01:13:15","guid":{"rendered":"https:\/\/phys-edu.net\/wp\/?page_id=50865"},"modified":"2026-01-25T06:30:25","modified_gmt":"2026-01-24T21:30:25","slug":"every-day-is-an-experiment","status":"publish","type":"page","link":"https:\/\/phys-edu.net\/wp\/?page_id=50865&lang=en","title":{"rendered":"Every day is an experiment."},"content":{"rendered":"<h1><img loading=\"lazy\" decoding=\"async\" class=\"alignnone wp-image-52419 aligncenter\" src=\"https:\/\/phys-edu.net\/wp\/wp-content\/uploads\/2025\/09\/\u30b9\u30af\u30ea\u30fc\u30f3\u30b7\u30e7\u30c3\u30c8-2025-09-16-18.27.54.jpg\" alt=\"\" width=\"568\" height=\"253\" srcset=\"https:\/\/phys-edu.net\/wp\/wp-content\/uploads\/2025\/09\/\u30b9\u30af\u30ea\u30fc\u30f3\u30b7\u30e7\u30c3\u30c8-2025-09-16-18.27.54.jpg 1740w, https:\/\/phys-edu.net\/wp\/wp-content\/uploads\/2025\/09\/\u30b9\u30af\u30ea\u30fc\u30f3\u30b7\u30e7\u30c3\u30c8-2025-09-16-18.27.54-300x134.jpg 300w, https:\/\/phys-edu.net\/wp\/wp-content\/uploads\/2025\/09\/\u30b9\u30af\u30ea\u30fc\u30f3\u30b7\u30e7\u30c3\u30c8-2025-09-16-18.27.54-1024x457.jpg 1024w, https:\/\/phys-edu.net\/wp\/wp-content\/uploads\/2025\/09\/\u30b9\u30af\u30ea\u30fc\u30f3\u30b7\u30e7\u30c3\u30c8-2025-09-16-18.27.54-768x343.jpg 768w, https:\/\/phys-edu.net\/wp\/wp-content\/uploads\/2025\/09\/\u30b9\u30af\u30ea\u30fc\u30f3\u30b7\u30e7\u30c3\u30c8-2025-09-16-18.27.54-1536x685.jpg 1536w\" sizes=\"auto, (max-width: 568px) 100vw, 568px\" \/><\/h1>\r\n<h1 style=\"text-align: center;\"><span style=\"color: #339966;\">Life is an Experiment.<\/span><\/h1>\r\n<p class=\"p1\">I want to share the sheer joy and wonder of science with the world! <strong>Science Seeds<\/strong> is a dedicated hub where I bring you exciting experiments and dive into the fascinating science hidden in our everyday lives. For more details, click <a href=\"https:\/\/phys-edu.net\/wp\/?page_id=37\">here<\/a>.<\/p>\r\n<p style=\"text-align: center;\">Follow us on social media: <a href=\"https:\/\/www.facebook.com\/kuwakolab\/\">Facebook<\/a>\uff0f<a href=\"https:\/\/www.instagram.com\/science_seeds\/\">Instagram<\/a>\uff0f<a href=\"https:\/\/twitter.com\/kuwako\">X<\/a>\uff0f<a href=\"https:\/\/bsky.app\/profile\/kagakunoneta.bsky.social\">BlueSky<\/a>\uff0f<a href=\"https:\/\/www.threads.net\/@science_seeds?hl=ja\">Threads<\/a><\/p>\r\n<h3 style=\"text-align: center;\"><strong>Explore<\/strong><\/h3>\r\n<p><a href=\"https:\/\/phys-edu.net\/wp\/?page_id=30764\">Experiments<\/a> \u2026 Discover top-tier science experiments that will spark curiosity in both kids and adults. We also offer advanced materials for those looking to master high school physics.<\/p>\r\n<p><a href=\"https:\/\/phys-edu.net\/wp\/?page_id=798\">Teaching Materials<\/a> \u2026 Supporting our fellow science teachers! We provide curated resources designed to improve lesson quality and streamline your preparation.<\/p>\r\n<p><a href=\"http:\/\/phys-edu.net\/wp\/?page_id=20940\">Speaking &amp; Seminars<\/a> \u2026 I travel nationwide to give talks and seminars focused on the art of communicating the joy of science.<\/p>\r\n<p><a href=\"https:\/\/music.youtube.com\/playlist?list=PLoK4ZvKN9S2NgpYIochcQs0aL-vrRB_Qw\">Science Podcast<\/a> \u2026 Daily doses of discovery! Listen to our AI-powered audio segments that bring our blog stories to life for on-the-go learning.<\/p>\r\n<p><a href=\"http:\/\/phys-edu.net\/wp\/?page_id=37\">About Us<\/a> \u2026 Learn about the mission behind <strong>Science Seeds<\/strong> and get to know the founder, Ken Kuwako.<\/p>\r\n<p><a href=\"https:\/\/phys-edu.net\/wp\/?page_id=188\">Contact<\/a> \u2026 Reach out here for workshop requests, writing\/speaking inquiries, or professional science supervision.<\/p>\r\n<h3>Latest Articles<\/h3>\r\n<ul class=\"wp-block-latest-posts__list is-grid columns-3 has-dates wp-block-latest-posts\"><li><div class=\"wp-block-latest-posts__featured-image\"><a href=\"https:\/\/phys-edu.net\/wp\/?p=62612&#038;lang=hi\" aria-label=\"\u090f\u0915 LED \u0914\u0930 \u0938\u093e\u0924 \u0930\u0902\u0917! \u0905\u092a\u0928\u0940 \u0939\u0925\u0947\u0932\u0940 \u092a\u0930 \u0938\u0940\u0916\u0947\u0902 &#8216;\u092a\u094d\u0930\u0915\u093e\u0936 \u0915\u0947 \u092a\u094d\u0930\u093e\u0925\u092e\u093f\u0915 \u0930\u0902\u0917&#8217; \u0915\u093e \u091c\u093e\u0926\u0942\"><img loading=\"lazy\" decoding=\"async\" width=\"150\" height=\"150\" src=\"https:\/\/phys-edu.net\/wp\/wp-content\/uploads\/2020\/01\/74e22599517841755365c47bd0643831-150x150.jpg\" class=\"attachment-thumbnail size-thumbnail wp-post-image\" alt=\"\" style=\"\" \/><\/a><\/div><a class=\"wp-block-latest-posts__post-title\" href=\"https:\/\/phys-edu.net\/wp\/?p=62612&#038;lang=hi\">\u090f\u0915 LED \u0914\u0930 \u0938\u093e\u0924 \u0930\u0902\u0917! \u0905\u092a\u0928\u0940 \u0939\u0925\u0947\u0932\u0940 \u092a\u0930 \u0938\u0940\u0916\u0947\u0902 &#8216;\u092a\u094d\u0930\u0915\u093e\u0936 \u0915\u0947 \u092a\u094d\u0930\u093e\u0925\u092e\u093f\u0915 \u0930\u0902\u0917&#8217; \u0915\u093e \u091c\u093e\u0926\u0942<\/a><time datetime=\"2026-04-21T04:57:42+09:00\" class=\"wp-block-latest-posts__post-date\">2026\u5e744\u670821\u65e5<\/time><\/li>\n<li><div class=\"wp-block-latest-posts__featured-image\"><a href=\"https:\/\/phys-edu.net\/wp\/?p=62610&#038;lang=es\" aria-label=\"\u00bfUn solo LED para siete colores? \u00a1Experimenta con los &#8220;Colores Primarios de la Luz&#8221; en la palma de tu mano!\"><img loading=\"lazy\" decoding=\"async\" width=\"150\" height=\"150\" src=\"https:\/\/phys-edu.net\/wp\/wp-content\/uploads\/2020\/01\/74e22599517841755365c47bd0643831-150x150.jpg\" class=\"attachment-thumbnail size-thumbnail wp-post-image\" alt=\"\" style=\"\" \/><\/a><\/div><a class=\"wp-block-latest-posts__post-title\" href=\"https:\/\/phys-edu.net\/wp\/?p=62610&#038;lang=es\">\u00bfUn solo LED para siete colores? \u00a1Experimenta con los &#8220;Colores Primarios de la Luz&#8221; en la palma de tu mano!<\/a><time datetime=\"2026-04-21T04:57:30+09:00\" class=\"wp-block-latest-posts__post-date\">2026\u5e744\u670821\u65e5<\/time><\/li>\n<li><div class=\"wp-block-latest-posts__featured-image\"><a href=\"https:\/\/phys-edu.net\/wp\/?p=62608&#038;lang=fi\" aria-label=\"Yksi LED, seitsem\u00e4n v\u00e4ri\u00e4? Koe valon v\u00e4rioppi k\u00e4mmenell\u00e4si!\"><img loading=\"lazy\" decoding=\"async\" width=\"150\" height=\"150\" src=\"https:\/\/phys-edu.net\/wp\/wp-content\/uploads\/2020\/01\/74e22599517841755365c47bd0643831-150x150.jpg\" class=\"attachment-thumbnail size-thumbnail wp-post-image\" alt=\"\" style=\"\" \/><\/a><\/div><a class=\"wp-block-latest-posts__post-title\" href=\"https:\/\/phys-edu.net\/wp\/?p=62608&#038;lang=fi\">Yksi LED, seitsem\u00e4n v\u00e4ri\u00e4? Koe valon v\u00e4rioppi k\u00e4mmenell\u00e4si!<\/a><time datetime=\"2026-04-21T04:57:05+09:00\" class=\"wp-block-latest-posts__post-date\">2026\u5e744\u670821\u65e5<\/time><\/li>\n<li><div class=\"wp-block-latest-posts__featured-image\"><a href=\"https:\/\/phys-edu.net\/wp\/?p=62606&#038;lang=zh\" aria-label=\"\u4e00\u9846\u5c31\u8b8a\u4e03\u7a2e\u984f\u8272\uff1f\u7528\u4e09\u8272LED\u5728\u624b\u638c\u5fc3\u5927\u73a9\u300c\u5149\u7684\u4e09\u539f\u8272\u300d\uff01\"><img loading=\"lazy\" decoding=\"async\" width=\"150\" height=\"150\" src=\"https:\/\/phys-edu.net\/wp\/wp-content\/uploads\/2020\/01\/74e22599517841755365c47bd0643831-150x150.jpg\" class=\"attachment-thumbnail size-thumbnail wp-post-image\" alt=\"\" style=\"\" \/><\/a><\/div><a class=\"wp-block-latest-posts__post-title\" href=\"https:\/\/phys-edu.net\/wp\/?p=62606&#038;lang=zh\">\u4e00\u9846\u5c31\u8b8a\u4e03\u7a2e\u984f\u8272\uff1f\u7528\u4e09\u8272LED\u5728\u624b\u638c\u5fc3\u5927\u73a9\u300c\u5149\u7684\u4e09\u539f\u8272\u300d\uff01<\/a><time datetime=\"2026-04-21T04:56:29+09:00\" class=\"wp-block-latest-posts__post-date\">2026\u5e744\u670821\u65e5<\/time><\/li>\n<li><div class=\"wp-block-latest-posts__featured-image\"><a href=\"https:\/\/phys-edu.net\/wp\/?p=62603&#038;lang=ko\" aria-label=\"\ub2e8 \ud558\ub098\ub85c 7\uac00\uc9c0 \ubcc0\ud654?! 3\uc0c9 LED\ub85c \uc990\uae30\ub294 \u2018\ube5b\uc758 \uc0bc\uc6d0\uc0c9\u2019 \uc190\ubc14\ub2e5 \uc2e4\ud5d8!\"><img loading=\"lazy\" decoding=\"async\" width=\"150\" height=\"150\" src=\"https:\/\/phys-edu.net\/wp\/wp-content\/uploads\/2020\/01\/74e22599517841755365c47bd0643831-150x150.jpg\" class=\"attachment-thumbnail size-thumbnail wp-post-image\" alt=\"\" style=\"\" \/><\/a><\/div><a class=\"wp-block-latest-posts__post-title\" href=\"https:\/\/phys-edu.net\/wp\/?p=62603&#038;lang=ko\">\ub2e8 \ud558\ub098\ub85c 7\uac00\uc9c0 \ubcc0\ud654?! 3\uc0c9 LED\ub85c \uc990\uae30\ub294 \u2018\ube5b\uc758 \uc0bc\uc6d0\uc0c9\u2019 \uc190\ubc14\ub2e5 \uc2e4\ud5d8!<\/a><time datetime=\"2026-04-21T04:56:14+09:00\" class=\"wp-block-latest-posts__post-date\">2026\u5e744\u670821\u65e5<\/time><\/li>\n<li><div class=\"wp-block-latest-posts__featured-image\"><a href=\"https:\/\/phys-edu.net\/wp\/?p=62600&#038;lang=en\" aria-label=\"One LED, Seven Colors? Master the &#8220;Primary Colors of Light&#8221; with This Palm-Sized Experiment!\"><img loading=\"lazy\" decoding=\"async\" width=\"150\" height=\"150\" src=\"https:\/\/phys-edu.net\/wp\/wp-content\/uploads\/2020\/01\/74e22599517841755365c47bd0643831-150x150.jpg\" class=\"attachment-thumbnail size-thumbnail wp-post-image\" alt=\"\" style=\"\" \/><\/a><\/div><a class=\"wp-block-latest-posts__post-title\" href=\"https:\/\/phys-edu.net\/wp\/?p=62600&#038;lang=en\">One LED, Seven Colors? Master the &#8220;Primary Colors of Light&#8221; with This Palm-Sized Experiment!<\/a><time datetime=\"2026-04-21T04:53:26+09:00\" class=\"wp-block-latest-posts__post-date\">2026\u5e744\u670821\u65e5<\/time><\/li>\n<li><div class=\"wp-block-latest-posts__featured-image\"><a href=\"https:\/\/phys-edu.net\/wp\/?p=62577\" aria-label=\"\u3010\u79d1\u5b66\u76e3\u4fee\u3011\u70ad\u9178\u7f36\u3092\u632f\u3063\u3061\u3083\u3063\u305f\uff01\u30c7\u30b3\u30d4\u30f3\u88cf\u6280\u306f\u672c\u5f53\u306b\u52b9\u304f\uff1f1,000\u672c\u306e\u30d3\u30fc\u30eb\u3067\u8a66\u3057\u305f\u79d1\u5b66\u306e\u7d50\u8ad6\u300c\u6559\u79d1\u66f8\u3067\u7fd2\u3063\u305f\u30a2\u30ec\u300d\uff08\u30c6\u30ec\u30d3\u671d\u65e5\uff09\"><img loading=\"lazy\" decoding=\"async\" width=\"150\" height=\"150\" src=\"https:\/\/phys-edu.net\/wp\/wp-content\/uploads\/2026\/04\/\u30b9\u30af\u30ea\u30fc\u30f3\u30b7\u30e7\u30c3\u30c8-2026-04-21-4.08.32-150x150.jpeg\" class=\"attachment-thumbnail size-thumbnail wp-post-image\" alt=\"\" style=\"\" \/><\/a><\/div><a class=\"wp-block-latest-posts__post-title\" href=\"https:\/\/phys-edu.net\/wp\/?p=62577\">\u3010\u79d1\u5b66\u76e3\u4fee\u3011\u70ad\u9178\u7f36\u3092\u632f\u3063\u3061\u3083\u3063\u305f\uff01\u30c7\u30b3\u30d4\u30f3\u88cf\u6280\u306f\u672c\u5f53\u306b\u52b9\u304f\uff1f1,000\u672c\u306e\u30d3\u30fc\u30eb\u3067\u8a66\u3057\u305f\u79d1\u5b66\u306e\u7d50\u8ad6\u300c\u6559\u79d1\u66f8\u3067\u7fd2\u3063\u305f\u30a2\u30ec\u300d\uff08\u30c6\u30ec\u30d3\u671d\u65e5\uff09<\/a><time datetime=\"2026-04-21T04:13:26+09:00\" class=\"wp-block-latest-posts__post-date\">2026\u5e744\u670821\u65e5<\/time><\/li>\n<li><div class=\"wp-block-latest-posts__featured-image\"><a href=\"https:\/\/phys-edu.net\/wp\/?p=34369\" aria-label=\"\u305f\u3063\u305f1\u3064\u3067\u4e03\u5909\u5316\uff1f\uff13\u8272LED\u3067\u300c\u5149\u306e\u4e09\u539f\u8272\u300d\u3092\u624b\u306e\u3072\u3089\u5b9f\u9a13\uff01\"><img loading=\"lazy\" decoding=\"async\" width=\"150\" height=\"150\" src=\"https:\/\/phys-edu.net\/wp\/wp-content\/uploads\/2020\/01\/74e22599517841755365c47bd0643831-150x150.jpg\" class=\"attachment-thumbnail size-thumbnail wp-post-image\" alt=\"\" style=\"\" \/><\/a><\/div><a class=\"wp-block-latest-posts__post-title\" href=\"https:\/\/phys-edu.net\/wp\/?p=34369\">\u305f\u3063\u305f1\u3064\u3067\u4e03\u5909\u5316\uff1f\uff13\u8272LED\u3067\u300c\u5149\u306e\u4e09\u539f\u8272\u300d\u3092\u624b\u306e\u3072\u3089\u5b9f\u9a13\uff01<\/a><time datetime=\"2026-04-21T04:00:32+09:00\" class=\"wp-block-latest-posts__post-date\">2026\u5e744\u670821\u65e5<\/time><\/li>\n<li><div class=\"wp-block-latest-posts__featured-image\"><a href=\"https:\/\/phys-edu.net\/wp\/?p=62553&#038;lang=fi\" aria-label=\"K\u00e4vyist\u00e4 taikaa! Askartele ekologinen joulukuusi ja opi kasvien viisauksia\"><img loading=\"lazy\" decoding=\"async\" width=\"150\" height=\"150\" src=\"https:\/\/phys-edu.net\/wp\/wp-content\/uploads\/2019\/12\/2-150x150.jpg\" class=\"attachment-thumbnail size-thumbnail wp-post-image\" alt=\"\" style=\"\" \/><\/a><\/div><a class=\"wp-block-latest-posts__post-title\" href=\"https:\/\/phys-edu.net\/wp\/?p=62553&#038;lang=fi\">K\u00e4vyist\u00e4 taikaa! Askartele ekologinen joulukuusi ja opi kasvien viisauksia<\/a><time datetime=\"2026-04-20T04:48:25+09:00\" class=\"wp-block-latest-posts__post-date\">2026\u5e744\u670820\u65e5<\/time><\/li>\n<\/ul>\r\n\r\n","protected":false},"excerpt":{"rendered":"<p>Life is an Experiment. I want to share the sheer joy and wonder of science with the world! Science Seeds is a  [&hellip;]<\/p>\n","protected":false},"author":1,"featured_media":49001,"parent":0,"menu_order":0,"comment_status":"closed","ping_status":"open","template":"","meta":{"_sitemap_exclude":false,"_sitemap_priority":"","_sitemap_frequency":"","vkexunit_cta_each_option":"","footnotes":""},"class_list":["post-50865","page","type-page","status-publish","has-post-thumbnail","hentry"],"jetpack-related-posts":[{"id":58202,"url":"https:\/\/phys-edu.net\/wp\/?page_id=58202&lang=en","url_meta":{"origin":50865,"position":0},"title":"Science Experiments","author":"\u6851\u5b50 \u7814","date":"2026\u5e741\u67082\u65e5","format":false,"excerpt":"Every day is an experiment. I want everyone\u2014from k\u2026","rel":"","context":"\u985e\u4f3c\u6295\u7a3f","block_context":{"text":"\u985e\u4f3c\u6295\u7a3f","link":""},"img":{"alt_text":"","src":"https:\/\/i0.wp.com\/phys-edu.net\/wp\/wp-content\/uploads\/2025\/05\/8492bedffd85ca3b94341648286061c3.jpg?resize=350%2C200&ssl=1","width":350,"height":200,"srcset":"https:\/\/i0.wp.com\/phys-edu.net\/wp\/wp-content\/uploads\/2025\/05\/8492bedffd85ca3b94341648286061c3.jpg?resize=350%2C200&ssl=1 1x, https:\/\/i0.wp.com\/phys-edu.net\/wp\/wp-content\/uploads\/2025\/05\/8492bedffd85ca3b94341648286061c3.jpg?resize=525%2C300&ssl=1 1.5x, https:\/\/i0.wp.com\/phys-edu.net\/wp\/wp-content\/uploads\/2025\/05\/8492bedffd85ca3b94341648286061c3.jpg?resize=700%2C400&ssl=1 2x"},"classes":[]},{"id":50867,"url":"https:\/\/phys-edu.net\/wp\/?page_id=50867&lang=en","url_meta":{"origin":50865,"position":1},"title":"About Kuwako Ken","author":"\u6851\u5b50 \u7814","date":"2025\u5e748\u670816\u65e5","format":false,"excerpt":"Science Trainer: Ken Kuwako As a Science Trainer, \u2026","rel":"","context":"\u985e\u4f3c\u6295\u7a3f","block_context":{"text":"\u985e\u4f3c\u6295\u7a3f","link":""},"img":{"alt_text":"","src":"https:\/\/i0.wp.com\/phys-edu.net\/wp\/wp-content\/uploads\/2025\/05\/8492bedffd85ca3b94341648286061c3.jpg?resize=350%2C200&ssl=1","width":350,"height":200,"srcset":"https:\/\/i0.wp.com\/phys-edu.net\/wp\/wp-content\/uploads\/2025\/05\/8492bedffd85ca3b94341648286061c3.jpg?resize=350%2C200&ssl=1 1x, https:\/\/i0.wp.com\/phys-edu.net\/wp\/wp-content\/uploads\/2025\/05\/8492bedffd85ca3b94341648286061c3.jpg?resize=525%2C300&ssl=1 1.5x, https:\/\/i0.wp.com\/phys-edu.net\/wp\/wp-content\/uploads\/2025\/05\/8492bedffd85ca3b94341648286061c3.jpg?resize=700%2C400&ssl=1 2x"},"classes":[]},{"id":51401,"url":"https:\/\/phys-edu.net\/wp\/?page_id=51401&lang=en","url_meta":{"origin":50865,"position":2},"title":"Science Teaching Materials","author":"\u6851\u5b50 \u7814","date":"2025\u5e749\u67082\u65e5","format":false,"excerpt":"This page introduces science teaching materials an\u2026","rel":"","context":"\u985e\u4f3c\u6295\u7a3f","block_context":{"text":"\u985e\u4f3c\u6295\u7a3f","link":""},"img":{"alt_text":"","src":"https:\/\/i0.wp.com\/phys-edu.net\/wp\/wp-content\/uploads\/2025\/06\/abbfe1492397dc500fe5de9265320ad0.jpg?resize=350%2C200&ssl=1","width":350,"height":200,"srcset":"https:\/\/i0.wp.com\/phys-edu.net\/wp\/wp-content\/uploads\/2025\/06\/abbfe1492397dc500fe5de9265320ad0.jpg?resize=350%2C200&ssl=1 1x, https:\/\/i0.wp.com\/phys-edu.net\/wp\/wp-content\/uploads\/2025\/06\/abbfe1492397dc500fe5de9265320ad0.jpg?resize=525%2C300&ssl=1 1.5x, https:\/\/i0.wp.com\/phys-edu.net\/wp\/wp-content\/uploads\/2025\/06\/abbfe1492397dc500fe5de9265320ad0.jpg?resize=700%2C400&ssl=1 2x"},"classes":[]},{"id":50869,"url":"https:\/\/phys-edu.net\/wp\/?page_id=50869&lang=en","url_meta":{"origin":50865,"position":3},"title":"Contact","author":"\u6851\u5b50 \u7814","date":"2025\u5e748\u670816\u65e5","format":false,"excerpt":"If you have any questions or would like to discuss\u2026","rel":"","context":"\u985e\u4f3c\u6295\u7a3f","block_context":{"text":"\u985e\u4f3c\u6295\u7a3f","link":""},"img":{"alt_text":"","src":"https:\/\/i0.wp.com\/phys-edu.net\/wp\/wp-content\/uploads\/2024\/01\/5.png?resize=350%2C200&ssl=1","width":350,"height":200},"classes":[]}],"_links":{"self":[{"href":"https:\/\/phys-edu.net\/wp\/index.php?rest_route=\/wp\/v2\/pages\/50865","targetHints":{"allow":["GET"]}}],"collection":[{"href":"https:\/\/phys-edu.net\/wp\/index.php?rest_route=\/wp\/v2\/pages"}],"about":[{"href":"https:\/\/phys-edu.net\/wp\/index.php?rest_route=\/wp\/v2\/types\/page"}],"author":[{"embeddable":true,"href":"https:\/\/phys-edu.net\/wp\/index.php?rest_route=\/wp\/v2\/users\/1"}],"replies":[{"embeddable":true,"href":"https:\/\/phys-edu.net\/wp\/index.php?rest_route=%2Fwp%2Fv2%2Fcomments&post=50865"}],"version-history":[{"count":0,"href":"https:\/\/phys-edu.net\/wp\/index.php?rest_route=\/wp\/v2\/pages\/50865\/revisions"}],"wp:featuredmedia":[{"embeddable":true,"href":"https:\/\/phys-edu.net\/wp\/index.php?rest_route=\/wp\/v2\/media\/49001"}],"wp:attachment":[{"href":"https:\/\/phys-edu.net\/wp\/index.php?rest_route=%2Fwp%2Fv2%2Fmedia&parent=50865"}],"curies":[{"name":"wp","href":"https:\/\/api.w.org\/{rel}","templated":true}]}}